{"id":26489,"date":"2025-11-23T14:17:19","date_gmt":"2025-11-23T14:17:19","guid":{"rendered":"https:\/\/avesaguiar.ch\/produit\/beyers-premium-koopman-all-in-one-20-kg\/"},"modified":"2025-11-23T14:17:19","modified_gmt":"2025-11-23T14:17:19","slug":"beyers-premium-koopman-all-in-one-20-kg","status":"publish","type":"product","link":"https:\/\/avesaguiar.ch\/it\/produit\/beyers-premium-koopman-all-in-one-20-kg\/","title":{"rendered":"Beyers-Premium Koopman All-In-One 20 kg"},"content":{"rendered":"<h2>Premium Koopman All-In-One &#8211; 20 kg<\/h2>\n<ul>\n<li>Miscela completa di grande successo, composta da 25 ingredienti di alta qualit\u00e0. Pu\u00f2 essere somministrata tutto l&#8217;anno con un&#8217;aggiunta limitata di altre miscele. <\/li>\n<li>L&#8217;ingrediente unico \u00e8 il Goldcorn (proteine e grassi animali provenienti da formaggio, latte e grasso di pecora).<\/li>\n<\/ul>\n<p>&nbsp;<\/p>\n<div class=\"\">\n<div class=\"\">\n<h2>Composizione<\/h2>\n<div class=\"\">\n<p>Piccole croste &#8211; cardi &#8211; piselli d&#8217;acero &#8211; piselli verdi &#8211; dari &#8211; dunpea &#8211; grano &#8211; mais dorato &#8211; popcorn &#8211; piselli verdi &#8211; sorgo rosso &#8211; arachidi pelate &#8211; avena pelata &#8211; semi di colza &#8211; semi di lino &#8211; katjang idjoe &#8211; lenticchie &#8211; risone &#8211; grano saraceno &#8211; girasoli pelati &#8211; vecce &#8211; scagliola &#8211; canapa &#8211; semi di sesamo &#8211; miglio bianco<\/p>\n<\/div>\n<\/div>\n<\/div>\n<div class=\"\">\n<div class=\"\">\n<h2>Componenti analitici<\/h2>\n<div class=\"\">\n<p>Carboidrati 50,88% &#8211; proteine grezze 15,22% &#8211; grassi grezzi 8,62% &#8211; fibre grezze 6,44% &#8211; ceneri grezze 2,80% &#8211; lisina 0,71% &#8211; fosforo 0,36% &#8211; metionina 0,20% &#8211; calcio 0,24%.<\/p>\n<\/div>\n<\/div>\n<\/div>\n","protected":false},"excerpt":{"rendered":"<p>Premium Koopman All-In-One &#8211; 20 kg Miscela completa di grande successo, composta da 25 ingredienti di alta qualit\u00e0. Pu\u00f2 essere somministrata tutto l&#8217;anno con un&#8217;aggiunta limitata di altre miscele. L&#8217;ingrediente unico \u00e8 il Goldcorn (proteine e grassi animali provenienti da formaggio, latte e grasso di pecora). &nbsp; Composizione Piccole croste &#8211; cardi &#8211; piselli d&#8217;acero [&hellip;]<\/p>\n","protected":false},"featured_media":22300,"comment_status":"open","ping_status":"closed","template":"","meta":[],"product_brand":[182],"product_cat":[213],"product_tag":[],"class_list":{"0":"post-26489","1":"product","2":"type-product","3":"status-publish","4":"has-post-thumbnail","6":"product_brand-beyers","7":"product_cat-alimentazione","8":"product_shipping_class-postpac-economy-30kg","11":"first","12":"instock","13":"shipping-taxable","14":"purchasable","15":"product-type-simple"},"jetpack_sharing_enabled":true,"_links":{"self":[{"href":"https:\/\/avesaguiar.ch\/it\/wp-json\/wp\/v2\/product\/26489","targetHints":{"allow":["GET"]}}],"collection":[{"href":"https:\/\/avesaguiar.ch\/it\/wp-json\/wp\/v2\/product"}],"about":[{"href":"https:\/\/avesaguiar.ch\/it\/wp-json\/wp\/v2\/types\/product"}],"replies":[{"embeddable":true,"href":"https:\/\/avesaguiar.ch\/it\/wp-json\/wp\/v2\/comments?post=26489"}],"wp:featuredmedia":[{"embeddable":true,"href":"https:\/\/avesaguiar.ch\/it\/wp-json\/wp\/v2\/media\/22300"}],"wp:attachment":[{"href":"https:\/\/avesaguiar.ch\/it\/wp-json\/wp\/v2\/media?parent=26489"}],"wp:term":[{"taxonomy":"product_brand","embeddable":true,"href":"https:\/\/avesaguiar.ch\/it\/wp-json\/wp\/v2\/product_brand?post=26489"},{"taxonomy":"product_cat","embeddable":true,"href":"https:\/\/avesaguiar.ch\/it\/wp-json\/wp\/v2\/product_cat?post=26489"},{"taxonomy":"product_tag","embeddable":true,"href":"https:\/\/avesaguiar.ch\/it\/wp-json\/wp\/v2\/product_tag?post=26489"}],"curies":[{"name":"wp","href":"https:\/\/api.w.org\/{rel}","templated":true}]}}