{"id":26531,"date":"2025-03-23T19:57:14","date_gmt":"2025-03-23T19:57:14","guid":{"rendered":"https:\/\/avesaguiar.ch\/produit\/cappotto-per-cani-andes-25-cm\/"},"modified":"2025-03-23T19:57:14","modified_gmt":"2025-03-23T19:57:14","slug":"cappotto-per-cani-andes-25-cm","status":"publish","type":"product","link":"https:\/\/avesaguiar.ch\/it\/produit\/cappotto-per-cani-andes-25-cm\/","title":{"rendered":"Cappotto per cani ANDES 25 cm"},"content":{"rendered":"<p>Giacca con foro per il guinzaglio elasticizzato sul cavallo, regolabile con velcro e cinturino elasticizzato.<\/p>\n<p>Dimensioni: 25 cm<\/p>\n<p>Come si fa a scegliere la taglia giusta del cappotto per il proprio cane?<\/p>\n<p>Per scegliere la taglia giusta di maglietta, mackintosh o cappotto per cani, devi misurare la distanza tra il garrese e la coda lungo la schiena del tuo cane, o la distanza in centimetri tra il collo e la coda del cane.<\/p>\n<p>Esempio: la schiena del mio cane misura 35 cm e il cappotto che voglio acquistare \u00e8 confezionato nelle taglie 34 cm e 38 cm: dovr\u00f2 ordinare una taglia 38, in modo che il cappotto si adatti bene al mio cane, perch\u00e9 la 34 sarebbe piccola.<\/p>\n","protected":false},"excerpt":{"rendered":"<p>Giacca con foro per il guinzaglio elasticizzato sul cavallo, regolabile con velcro e cinturino elasticizzato. Dimensioni: 25 cm Come si fa a scegliere la taglia giusta del cappotto per il proprio cane? Per scegliere la taglia giusta di maglietta, mackintosh o cappotto per cani, devi misurare la distanza tra il garrese e la coda lungo [&hellip;]<\/p>\n","protected":false},"featured_media":25574,"comment_status":"open","ping_status":"closed","template":"","meta":[],"product_brand":[187],"product_cat":[263,261],"product_tag":[],"class_list":{"0":"post-26531","1":"product","2":"type-product","3":"status-publish","4":"has-post-thumbnail","6":"product_brand-kinlys","7":"product_cat-accessori","8":"product_cat-cane","9":"product_shipping_class-postpac-economy-900g","12":"first","13":"instock","14":"shipping-taxable","15":"purchasable","16":"product-type-simple"},"jetpack_sharing_enabled":true,"_links":{"self":[{"href":"https:\/\/avesaguiar.ch\/it\/wp-json\/wp\/v2\/product\/26531","targetHints":{"allow":["GET"]}}],"collection":[{"href":"https:\/\/avesaguiar.ch\/it\/wp-json\/wp\/v2\/product"}],"about":[{"href":"https:\/\/avesaguiar.ch\/it\/wp-json\/wp\/v2\/types\/product"}],"replies":[{"embeddable":true,"href":"https:\/\/avesaguiar.ch\/it\/wp-json\/wp\/v2\/comments?post=26531"}],"wp:featuredmedia":[{"embeddable":true,"href":"https:\/\/avesaguiar.ch\/it\/wp-json\/wp\/v2\/media\/25574"}],"wp:attachment":[{"href":"https:\/\/avesaguiar.ch\/it\/wp-json\/wp\/v2\/media?parent=26531"}],"wp:term":[{"taxonomy":"product_brand","embeddable":true,"href":"https:\/\/avesaguiar.ch\/it\/wp-json\/wp\/v2\/product_brand?post=26531"},{"taxonomy":"product_cat","embeddable":true,"href":"https:\/\/avesaguiar.ch\/it\/wp-json\/wp\/v2\/product_cat?post=26531"},{"taxonomy":"product_tag","embeddable":true,"href":"https:\/\/avesaguiar.ch\/it\/wp-json\/wp\/v2\/product_tag?post=26531"}],"curies":[{"name":"wp","href":"https:\/\/api.w.org\/{rel}","templated":true}]}}