{"id":26573,"date":"2025-03-23T20:37:31","date_gmt":"2025-03-23T20:37:31","guid":{"rendered":"https:\/\/avesaguiar.ch\/produit\/cappotto-maglione-sud-america\/"},"modified":"2025-03-23T20:37:31","modified_gmt":"2025-03-23T20:37:31","slug":"cappotto-maglione-sud-america","status":"publish","type":"product","link":"https:\/\/avesaguiar.ch\/it\/produit\/cappotto-maglione-sud-america\/","title":{"rendered":"Cappotto Maglione Sud America"},"content":{"rendered":"<p>Con la felpa per cani Sud America, il tuo amico a quattro zampe sta al caldo. Protegge dal freddo e dal vento e allo stesso tempo \u00e8 un&#8217;attrazione speciale. <\/p>\n<p>La parte della pancia \u00e8 elasticizzata, quindi si adatta perfettamente al corpo del cane. La maglia pu\u00f2 essere indossata in modo semplice e veloce e poi chiusa con un velcro. Le zampe posteriori sono dotate di elastici, in modo da evitare che si stacchino anche in caso di vento.  <\/p>\n<p>Nella parte posteriore \u00e8 stata inserita una fessura per permettere al guinzaglio di essere attaccato al colletto mentre si indossa il maglione.<\/p>\n<p>In caso di sporco, il maglione pu\u00f2 essere facilmente lavato in lavatrice a 30\u00b0.<\/p>\n<p>Per scegliere la taglia giusta di maglietta, mackintosh o cappotto per cani, devi misurare la distanza tra il garrese e la coda lungo la schiena del tuo cane, o la distanza in centimetri tra il collo e la coda del cane.<\/p>\n<p>Esempio: la schiena del mio cane misura 35 cm e il cappotto che voglio acquistare \u00e8 confezionato nelle taglie 34 cm e 38 cm: dovr\u00f2 ordinare una taglia 38, in modo che il cappotto si adatti bene al mio cane, perch\u00e9 la 34 sarebbe piccola.<\/p>\n","protected":false},"excerpt":{"rendered":"<p>Con la felpa per cani Sud America, il tuo amico a quattro zampe sta al caldo. Protegge dal freddo e dal vento e allo stesso tempo \u00e8 un&#8217;attrazione speciale. La parte della pancia \u00e8 elasticizzata, quindi si adatta perfettamente al corpo del cane. La maglia pu\u00f2 essere indossata in modo semplice e veloce e poi [&hellip;]<\/p>\n","protected":false},"featured_media":25639,"comment_status":"open","ping_status":"closed","template":"","meta":[],"product_brand":[187],"product_cat":[263,261],"product_tag":[],"class_list":{"0":"post-26573","1":"product","2":"type-product","3":"status-publish","4":"has-post-thumbnail","6":"product_brand-kinlys","7":"product_cat-accessori","8":"product_cat-cane","9":"product_shipping_class-economia-post-pac-2kg","12":"first","13":"instock","14":"shipping-taxable","15":"purchasable","16":"product-type-simple"},"jetpack_sharing_enabled":true,"_links":{"self":[{"href":"https:\/\/avesaguiar.ch\/it\/wp-json\/wp\/v2\/product\/26573","targetHints":{"allow":["GET"]}}],"collection":[{"href":"https:\/\/avesaguiar.ch\/it\/wp-json\/wp\/v2\/product"}],"about":[{"href":"https:\/\/avesaguiar.ch\/it\/wp-json\/wp\/v2\/types\/product"}],"replies":[{"embeddable":true,"href":"https:\/\/avesaguiar.ch\/it\/wp-json\/wp\/v2\/comments?post=26573"}],"wp:featuredmedia":[{"embeddable":true,"href":"https:\/\/avesaguiar.ch\/it\/wp-json\/wp\/v2\/media\/25639"}],"wp:attachment":[{"href":"https:\/\/avesaguiar.ch\/it\/wp-json\/wp\/v2\/media?parent=26573"}],"wp:term":[{"taxonomy":"product_brand","embeddable":true,"href":"https:\/\/avesaguiar.ch\/it\/wp-json\/wp\/v2\/product_brand?post=26573"},{"taxonomy":"product_cat","embeddable":true,"href":"https:\/\/avesaguiar.ch\/it\/wp-json\/wp\/v2\/product_cat?post=26573"},{"taxonomy":"product_tag","embeddable":true,"href":"https:\/\/avesaguiar.ch\/it\/wp-json\/wp\/v2\/product_tag?post=26573"}],"curies":[{"name":"wp","href":"https:\/\/api.w.org\/{rel}","templated":true}]}}