{"id":26578,"date":"2025-03-23T20:47:18","date_gmt":"2025-03-23T20:47:18","guid":{"rendered":"https:\/\/avesaguiar.ch\/produit\/maglione-in-maglia-windsor\/"},"modified":"2025-03-23T20:47:18","modified_gmt":"2025-03-23T20:47:18","slug":"maglione-in-maglia-windsor","status":"publish","type":"product","link":"https:\/\/avesaguiar.ch\/it\/produit\/maglione-in-maglia-windsor\/","title":{"rendered":"Maglione in maglia Windsor"},"content":{"rendered":"<p>Il maglione a maglia Windsor per cani \u00e8 un capo semplice ed elegante, ideale da indossare tutti i giorni. Il design \u00e8 fedele allo stile inglese, quindi il tuo amico peloso sar\u00e0 al caldo senza dover rinunciare alla moda. Il tessuto \u00e8 altamente elastico e si adatta perfettamente al corpo del tuo animale, consentendogli di muoversi in modo naturale e senza fastidi.  <\/p>\n<p>Questa camicia per cani include un collare per proteggere la gola anche nelle giornate pi\u00f9 fredde. \u00c8 realizzata in tessuto di alta qualit\u00e0 e supermorbido per offrire al tuo cane il massimo comfort. Immancabile nel suo guardaroba, \u00e8 cos\u00ec comoda e calda che finir\u00e0 per indossarla anche a casa. Presenta un occhiello per fissare la cinghia e un velcro sul collo per la regolazione.   <\/p>\n<p>Materiale: 100% acrilico<\/p>\n<p>Per scegliere la taglia giusta di maglietta, mackintosh o cappotto per cani, devi misurare la distanza tra il garrese e la coda lungo la schiena del tuo cane, o la distanza in centimetri tra il collo e la coda del cane.<\/p>\n<p>Esempio: la schiena del mio cane misura 35 cm e il cappotto che voglio acquistare \u00e8 confezionato nelle taglie 34 cm e 38 cm: dovr\u00f2 ordinare una taglia 38, in modo che il cappotto si adatti bene al mio cane, perch\u00e9 la 34 sarebbe piccola.<\/p>\n","protected":false},"excerpt":{"rendered":"<p>Il maglione a maglia Windsor per cani \u00e8 un capo semplice ed elegante, ideale da indossare tutti i giorni. Il design \u00e8 fedele allo stile inglese, quindi il tuo amico peloso sar\u00e0 al caldo senza dover rinunciare alla moda. Il tessuto \u00e8 altamente elastico e si adatta perfettamente al corpo del tuo animale, consentendogli di [&hellip;]<\/p>\n","protected":false},"featured_media":25656,"comment_status":"open","ping_status":"closed","template":"","meta":[],"product_brand":[187],"product_cat":[263,261],"product_tag":[],"class_list":{"0":"post-26578","1":"product","2":"type-product","3":"status-publish","4":"has-post-thumbnail","6":"product_brand-kinlys","7":"product_cat-accessori","8":"product_cat-cane","9":"product_shipping_class-postpac-economy-900g","12":"first","13":"instock","14":"shipping-taxable","15":"purchasable","16":"product-type-simple"},"jetpack_sharing_enabled":true,"_links":{"self":[{"href":"https:\/\/avesaguiar.ch\/it\/wp-json\/wp\/v2\/product\/26578","targetHints":{"allow":["GET"]}}],"collection":[{"href":"https:\/\/avesaguiar.ch\/it\/wp-json\/wp\/v2\/product"}],"about":[{"href":"https:\/\/avesaguiar.ch\/it\/wp-json\/wp\/v2\/types\/product"}],"replies":[{"embeddable":true,"href":"https:\/\/avesaguiar.ch\/it\/wp-json\/wp\/v2\/comments?post=26578"}],"wp:featuredmedia":[{"embeddable":true,"href":"https:\/\/avesaguiar.ch\/it\/wp-json\/wp\/v2\/media\/25656"}],"wp:attachment":[{"href":"https:\/\/avesaguiar.ch\/it\/wp-json\/wp\/v2\/media?parent=26578"}],"wp:term":[{"taxonomy":"product_brand","embeddable":true,"href":"https:\/\/avesaguiar.ch\/it\/wp-json\/wp\/v2\/product_brand?post=26578"},{"taxonomy":"product_cat","embeddable":true,"href":"https:\/\/avesaguiar.ch\/it\/wp-json\/wp\/v2\/product_cat?post=26578"},{"taxonomy":"product_tag","embeddable":true,"href":"https:\/\/avesaguiar.ch\/it\/wp-json\/wp\/v2\/product_tag?post=26578"}],"curies":[{"name":"wp","href":"https:\/\/api.w.org\/{rel}","templated":true}]}}