{"id":26588,"date":"2025-03-23T15:46:47","date_gmt":"2025-03-23T15:46:47","guid":{"rendered":"https:\/\/avesaguiar.ch\/produit\/letto-refrigerante\/"},"modified":"2025-03-23T15:46:47","modified_gmt":"2025-03-23T15:46:47","slug":"letto-refrigerante","status":"publish","type":"product","link":"https:\/\/avesaguiar.ch\/it\/produit\/letto-refrigerante\/","title":{"rendered":"Letto refrigerante"},"content":{"rendered":"<h1>Materasso di raffreddamento<\/h1>\n<ul>\n<li>aiuta a regolare la temperatura corporea nelle giornate pi\u00f9 calde<\/li>\n<li>aspetto nylon (poliestere)<\/li>\n<li>effetto rinfrescante a contatto con il corpo<\/li>\n<li>funziona senza bisogno di raffreddamento aggiuntivo, elettricit\u00e0 o acqua<\/li>\n<li>si aggiorna per diverse ore<\/li>\n<li>pu\u00f2 essere riutilizzato dopo un breve periodo senza contatto<\/li>\n<li>pu\u00f2 essere utilizzato anche nelle casette per cani, nelle cucce o in macchina<\/li>\n<li>Basta pulire con un panno<\/li>\n<li>75x80cm<\/li>\n<\/ul>\n","protected":false},"excerpt":{"rendered":"<p>Materasso di raffreddamento aiuta a regolare la temperatura corporea nelle giornate pi\u00f9 calde aspetto nylon (poliestere) effetto rinfrescante a contatto con il corpo funziona senza bisogno di raffreddamento aggiuntivo, elettricit\u00e0 o acqua si aggiorna per diverse ore pu\u00f2 essere riutilizzato dopo un breve periodo senza contatto pu\u00f2 essere utilizzato anche nelle casette per cani, nelle [&hellip;]<\/p>\n","protected":false},"featured_media":25519,"comment_status":"open","ping_status":"closed","template":"","meta":[],"product_brand":[187],"product_cat":[263,261,262],"product_tag":[],"class_list":{"0":"post-26588","1":"product","2":"type-product","3":"status-publish","4":"has-post-thumbnail","6":"product_brand-kinlys","7":"product_cat-accessori","8":"product_cat-cane","9":"product_cat-letti-coperte","10":"product_shipping_class-economia-post-pac-2kg","13":"first","14":"instock","15":"shipping-taxable","16":"purchasable","17":"product-type-simple"},"jetpack_sharing_enabled":true,"_links":{"self":[{"href":"https:\/\/avesaguiar.ch\/it\/wp-json\/wp\/v2\/product\/26588","targetHints":{"allow":["GET"]}}],"collection":[{"href":"https:\/\/avesaguiar.ch\/it\/wp-json\/wp\/v2\/product"}],"about":[{"href":"https:\/\/avesaguiar.ch\/it\/wp-json\/wp\/v2\/types\/product"}],"replies":[{"embeddable":true,"href":"https:\/\/avesaguiar.ch\/it\/wp-json\/wp\/v2\/comments?post=26588"}],"wp:featuredmedia":[{"embeddable":true,"href":"https:\/\/avesaguiar.ch\/it\/wp-json\/wp\/v2\/media\/25519"}],"wp:attachment":[{"href":"https:\/\/avesaguiar.ch\/it\/wp-json\/wp\/v2\/media?parent=26588"}],"wp:term":[{"taxonomy":"product_brand","embeddable":true,"href":"https:\/\/avesaguiar.ch\/it\/wp-json\/wp\/v2\/product_brand?post=26588"},{"taxonomy":"product_cat","embeddable":true,"href":"https:\/\/avesaguiar.ch\/it\/wp-json\/wp\/v2\/product_cat?post=26588"},{"taxonomy":"product_tag","embeddable":true,"href":"https:\/\/avesaguiar.ch\/it\/wp-json\/wp\/v2\/product_tag?post=26588"}],"curies":[{"name":"wp","href":"https:\/\/api.w.org\/{rel}","templated":true}]}}