{"id":26594,"date":"2025-03-23T15:42:41","date_gmt":"2025-03-23T15:42:41","guid":{"rendered":"https:\/\/avesaguiar.ch\/produit\/guinzaglio-per-cani-in-similpelle-e-nylon\/"},"modified":"2025-03-23T15:42:41","modified_gmt":"2025-03-23T15:42:41","slug":"guinzaglio-per-cani-in-similpelle-e-nylon","status":"publish","type":"product","link":"https:\/\/avesaguiar.ch\/it\/produit\/guinzaglio-per-cani-in-similpelle-e-nylon\/","title":{"rendered":"Guinzaglio per cani in similpelle e nylon"},"content":{"rendered":"<p>Colori di tendenza in similpelle imbottita\/nylon con fibbia.<\/p>\n<p>La superficie superiore \u00e8 realizzata in un materiale colorato ma morbido ed elastico. L&#8217;elegante similpelle con decorazioni in rilievo conferisce alle collane un look unico e raffinato. <\/p>\n<p>Il fondo \u00e8 in nylon con un&#8217;imbottitura morbida all&#8217;interno, che d\u00e0 la sensazione dell&#8217;imbottitura dei colls, li rende pi\u00f9 comodi e non causa l&#8217;usura del pelo o della pelle del cane, quindi \u00e8 davvero piacevole da indossare.<\/p>\n<p>La fibbia nera \u00e8 leggera e resistente. Facile e veloce da indossare. Anello multifunzionale in argento per fissare il guinzaglio.  <\/p>\n<p><strong>Colori: Disponibili &#8211; Bordeaux 3 Senape 2 Navy 1<\/strong><\/p>\n<p><u>Nota il colore nei commenti<\/u><\/p>\n<p>Dimensioni: 120 cm x 20 mm<\/p>\n","protected":false},"excerpt":{"rendered":"<p>Colori di tendenza in similpelle imbottita\/nylon con fibbia. La superficie superiore \u00e8 realizzata in un materiale colorato ma morbido ed elastico. L&#8217;elegante similpelle con decorazioni in rilievo conferisce alle collane un look unico e raffinato. Il fondo \u00e8 in nylon con un&#8217;imbottitura morbida all&#8217;interno, che d\u00e0 la sensazione dell&#8217;imbottitura dei colls, li rende pi\u00f9 comodi [&hellip;]<\/p>\n","protected":false},"featured_media":25503,"comment_status":"open","ping_status":"closed","template":"","meta":[],"product_brand":[187],"product_cat":[263,261],"product_tag":[],"class_list":{"0":"post-26594","1":"product","2":"type-product","3":"status-publish","4":"has-post-thumbnail","6":"product_brand-kinlys","7":"product_cat-accessori","8":"product_cat-cane","9":"product_shipping_class-postpac-economy-900g","12":"first","13":"instock","14":"shipping-taxable","15":"purchasable","16":"product-type-variable"},"jetpack_sharing_enabled":true,"_links":{"self":[{"href":"https:\/\/avesaguiar.ch\/it\/wp-json\/wp\/v2\/product\/26594","targetHints":{"allow":["GET"]}}],"collection":[{"href":"https:\/\/avesaguiar.ch\/it\/wp-json\/wp\/v2\/product"}],"about":[{"href":"https:\/\/avesaguiar.ch\/it\/wp-json\/wp\/v2\/types\/product"}],"replies":[{"embeddable":true,"href":"https:\/\/avesaguiar.ch\/it\/wp-json\/wp\/v2\/comments?post=26594"}],"wp:featuredmedia":[{"embeddable":true,"href":"https:\/\/avesaguiar.ch\/it\/wp-json\/wp\/v2\/media\/25503"}],"wp:attachment":[{"href":"https:\/\/avesaguiar.ch\/it\/wp-json\/wp\/v2\/media?parent=26594"}],"wp:term":[{"taxonomy":"product_brand","embeddable":true,"href":"https:\/\/avesaguiar.ch\/it\/wp-json\/wp\/v2\/product_brand?post=26594"},{"taxonomy":"product_cat","embeddable":true,"href":"https:\/\/avesaguiar.ch\/it\/wp-json\/wp\/v2\/product_cat?post=26594"},{"taxonomy":"product_tag","embeddable":true,"href":"https:\/\/avesaguiar.ch\/it\/wp-json\/wp\/v2\/product_tag?post=26594"}],"curies":[{"name":"wp","href":"https:\/\/api.w.org\/{rel}","templated":true}]}}