{"id":26959,"date":"2025-03-16T14:57:55","date_gmt":"2025-03-16T14:57:55","guid":{"rendered":"https:\/\/avesaguiar.ch\/produit\/scaldino-a-conca-di-20-cm-di-diametro\/"},"modified":"2025-03-16T14:57:55","modified_gmt":"2025-03-16T14:57:55","slug":"scaldino-a-conca-di-20-cm-di-diametro","status":"publish","type":"product","link":"https:\/\/avesaguiar.ch\/it\/produit\/scaldino-a-conca-di-20-cm-di-diametro\/","title":{"rendered":"Scaldino a conca di 20 cm di diametro"},"content":{"rendered":"<p>Riscaldatore per abbeveratoi diametro 20cm, 24V, 28W con adattatore 24VDC <\/p>\n<p>Assicurarsi che le galline abbiano l&#8217;acqua alla giusta temperatura \u00e8 assolutamente fondamentale.<\/p>\n<p>Con questo abbeveratoio riscaldato, puoi essere sicuro che l&#8217;acqua delle tue galline non si congeler\u00e0 durante i periodi pi\u00f9 freddi dell&#8217;inverno.<\/p>\n<p>Questa base riscaldata per abbeveratoio pu\u00f2 ospitare qualsiasi tipo di abbeveratoio fino a 20 cm di diametro.<\/p>\n<p>Facile da usare, basta collegarlo a una presa di corrente esterna.<\/p>\n","protected":false},"excerpt":{"rendered":"<p>Riscaldatore per abbeveratoi diametro 20cm, 24V, 28W con adattatore 24VDC Assicurarsi che le galline abbiano l&#8217;acqua alla giusta temperatura \u00e8 assolutamente fondamentale. Con questo abbeveratoio riscaldato, puoi essere sicuro che l&#8217;acqua delle tue galline non si congeler\u00e0 durante i periodi pi\u00f9 freddi dell&#8217;inverno. Questa base riscaldata per abbeveratoio pu\u00f2 ospitare qualsiasi tipo di abbeveratoio fino [&hellip;]<\/p>\n","protected":false},"featured_media":25144,"comment_status":"open","ping_status":"closed","template":"","meta":[],"product_brand":[187],"product_cat":[291,295,257,290],"product_tag":[],"class_list":{"0":"post-26959","1":"product","2":"type-product","3":"status-publish","4":"has-post-thumbnail","6":"product_brand-kinlys","7":"product_cat-accessori-4","8":"product_cat-accessori-5","9":"product_cat-piccioni","10":"product_cat-pollame","11":"product_shipping_class-economia-post-pac-2kg","14":"first","15":"instock","16":"shipping-taxable","17":"purchasable","18":"product-type-simple"},"jetpack_sharing_enabled":true,"_links":{"self":[{"href":"https:\/\/avesaguiar.ch\/it\/wp-json\/wp\/v2\/product\/26959","targetHints":{"allow":["GET"]}}],"collection":[{"href":"https:\/\/avesaguiar.ch\/it\/wp-json\/wp\/v2\/product"}],"about":[{"href":"https:\/\/avesaguiar.ch\/it\/wp-json\/wp\/v2\/types\/product"}],"replies":[{"embeddable":true,"href":"https:\/\/avesaguiar.ch\/it\/wp-json\/wp\/v2\/comments?post=26959"}],"wp:featuredmedia":[{"embeddable":true,"href":"https:\/\/avesaguiar.ch\/it\/wp-json\/wp\/v2\/media\/25144"}],"wp:attachment":[{"href":"https:\/\/avesaguiar.ch\/it\/wp-json\/wp\/v2\/media?parent=26959"}],"wp:term":[{"taxonomy":"product_brand","embeddable":true,"href":"https:\/\/avesaguiar.ch\/it\/wp-json\/wp\/v2\/product_brand?post=26959"},{"taxonomy":"product_cat","embeddable":true,"href":"https:\/\/avesaguiar.ch\/it\/wp-json\/wp\/v2\/product_cat?post=26959"},{"taxonomy":"product_tag","embeddable":true,"href":"https:\/\/avesaguiar.ch\/it\/wp-json\/wp\/v2\/product_tag?post=26959"}],"curies":[{"name":"wp","href":"https:\/\/api.w.org\/{rel}","templated":true}]}}