{"id":27019,"date":"2025-03-23T12:59:44","date_gmt":"2025-03-23T12:59:44","guid":{"rendered":"https:\/\/avesaguiar.ch\/produit\/cappotto-giallo-per-cani-militare-60cm\/"},"modified":"2025-03-23T12:59:44","modified_gmt":"2025-03-23T12:59:44","slug":"cappotto-giallo-per-cani-militare-60cm","status":"publish","type":"product","link":"https:\/\/avesaguiar.ch\/it\/produit\/cappotto-giallo-per-cani-militare-60cm\/","title":{"rendered":"Cappotto giallo per cani MILITARE 60cm"},"content":{"rendered":"<p>Cappotto Camicetta BULLDOG MILITARY<\/p>\n<p>60 cm Bulldog per le giornate invernali in eleganti colori militari. \u00c8 dotata di una chiusura in velcro che consente di regolare la giacca in base alle esigenze del cane. <\/p>\n<p>Naturalmente, sul retro c&#8217;\u00e8 un foro per il guinzaglio. Al posto del giubbotto, si terranno le cinghie di gomma che arrivano sotto le zampe posteriori del cane. <\/p>\n<p>La parte elastica copre l&#8217;addome e impedisce al freddo di penetrare nelle zone non occupate.<\/p>\n<p>Dimensioni: 60 cm<\/p>\n<p>Materiale: 65% poliestere, 35% cotone, fodera 100% poliestere<\/p>\n<p>Cura: lavare a 30\u00b0C<\/p>\n<p>Per scegliere la taglia giusta di maglietta, mackintosh o cappotto per cani, devi misurare la distanza tra il garrese e la coda lungo la schiena del tuo cane, o la distanza in centimetri tra il collo e la coda del cane.<\/p>\n<p>Esempio: la schiena del mio cane misura 35 cm e il cappotto che voglio acquistare \u00e8 confezionato nelle taglie 34 cm e 38 cm: dovr\u00f2 ordinare una taglia 38, in modo che il cappotto si adatti bene al mio cane, perch\u00e9 la 34 sarebbe piccola.<\/p>\n","protected":false},"excerpt":{"rendered":"<p>Cappotto Camicetta BULLDOG MILITARY 60 cm Bulldog per le giornate invernali in eleganti colori militari. \u00c8 dotata di una chiusura in velcro che consente di regolare la giacca in base alle esigenze del cane. Naturalmente, sul retro c&#8217;\u00e8 un foro per il guinzaglio. Al posto del giubbotto, si terranno le cinghie di gomma che arrivano [&hellip;]<\/p>\n","protected":false},"featured_media":25294,"comment_status":"open","ping_status":"closed","template":"","meta":[],"product_brand":[187],"product_cat":[263,261],"product_tag":[],"class_list":{"0":"post-27019","1":"product","2":"type-product","3":"status-publish","4":"has-post-thumbnail","6":"product_brand-kinlys","7":"product_cat-accessori","8":"product_cat-cane","11":"first","12":"instock","13":"shipping-taxable","14":"purchasable","15":"product-type-simple"},"jetpack_sharing_enabled":true,"_links":{"self":[{"href":"https:\/\/avesaguiar.ch\/it\/wp-json\/wp\/v2\/product\/27019","targetHints":{"allow":["GET"]}}],"collection":[{"href":"https:\/\/avesaguiar.ch\/it\/wp-json\/wp\/v2\/product"}],"about":[{"href":"https:\/\/avesaguiar.ch\/it\/wp-json\/wp\/v2\/types\/product"}],"replies":[{"embeddable":true,"href":"https:\/\/avesaguiar.ch\/it\/wp-json\/wp\/v2\/comments?post=27019"}],"wp:featuredmedia":[{"embeddable":true,"href":"https:\/\/avesaguiar.ch\/it\/wp-json\/wp\/v2\/media\/25294"}],"wp:attachment":[{"href":"https:\/\/avesaguiar.ch\/it\/wp-json\/wp\/v2\/media?parent=27019"}],"wp:term":[{"taxonomy":"product_brand","embeddable":true,"href":"https:\/\/avesaguiar.ch\/it\/wp-json\/wp\/v2\/product_brand?post=27019"},{"taxonomy":"product_cat","embeddable":true,"href":"https:\/\/avesaguiar.ch\/it\/wp-json\/wp\/v2\/product_cat?post=27019"},{"taxonomy":"product_tag","embeddable":true,"href":"https:\/\/avesaguiar.ch\/it\/wp-json\/wp\/v2\/product_tag?post=27019"}],"curies":[{"name":"wp","href":"https:\/\/api.w.org\/{rel}","templated":true}]}}