{"id":27110,"date":"2025-03-23T15:06:36","date_gmt":"2025-03-23T15:06:36","guid":{"rendered":"https:\/\/avesaguiar.ch\/produit\/ciotola-da-viaggio\/"},"modified":"2025-03-23T15:06:36","modified_gmt":"2025-03-23T15:06:36","slug":"ciotola-da-viaggio","status":"publish","type":"product","link":"https:\/\/avesaguiar.ch\/it\/produit\/ciotola-da-viaggio\/","title":{"rendered":"Ciotola da viaggio"},"content":{"rendered":"<p>Ciotola in silicone leggera e pieghevole.<\/p>\n<p>Un accessorio essenziale per quando sei in giro con il tuo cane.<\/p>\n<p>Questa graziosa e colorata ciotola in silicone \u00e8 cos\u00ec pratica che si piega e si dispiega in un attimo. Estremamente malleabile, pu\u00f2 essere completamente appiattita e riposta facilmente in qualsiasi borsa da viaggio. <\/p>\n<p>Questa ciotola in silicone di alta qualit\u00e0 \u00e8 lavabile in lavastoviglie e facile da pulire.<\/p>\n<p>Colori: rosso e blu<\/p>\n","protected":false},"excerpt":{"rendered":"<p>Ciotola in silicone leggera e pieghevole. Un accessorio essenziale per quando sei in giro con il tuo cane. Questa graziosa e colorata ciotola in silicone \u00e8 cos\u00ec pratica che si piega e si dispiega in un attimo. Estremamente malleabile, pu\u00f2 essere completamente appiattita e riposta facilmente in qualsiasi borsa da viaggio. Questa ciotola in silicone [&hellip;]<\/p>\n","protected":false},"featured_media":25442,"comment_status":"open","ping_status":"closed","template":"","meta":[],"product_brand":[187],"product_cat":[263,261],"product_tag":[],"class_list":{"0":"post-27110","1":"product","2":"type-product","3":"status-publish","4":"has-post-thumbnail","6":"product_brand-kinlys","7":"product_cat-accessori","8":"product_cat-cane","9":"product_shipping_class-postpac-economy-900g","12":"first","13":"instock","14":"shipping-taxable","15":"purchasable","16":"product-type-simple"},"jetpack_sharing_enabled":true,"_links":{"self":[{"href":"https:\/\/avesaguiar.ch\/it\/wp-json\/wp\/v2\/product\/27110","targetHints":{"allow":["GET"]}}],"collection":[{"href":"https:\/\/avesaguiar.ch\/it\/wp-json\/wp\/v2\/product"}],"about":[{"href":"https:\/\/avesaguiar.ch\/it\/wp-json\/wp\/v2\/types\/product"}],"replies":[{"embeddable":true,"href":"https:\/\/avesaguiar.ch\/it\/wp-json\/wp\/v2\/comments?post=27110"}],"wp:featuredmedia":[{"embeddable":true,"href":"https:\/\/avesaguiar.ch\/it\/wp-json\/wp\/v2\/media\/25442"}],"wp:attachment":[{"href":"https:\/\/avesaguiar.ch\/it\/wp-json\/wp\/v2\/media?parent=27110"}],"wp:term":[{"taxonomy":"product_brand","embeddable":true,"href":"https:\/\/avesaguiar.ch\/it\/wp-json\/wp\/v2\/product_brand?post=27110"},{"taxonomy":"product_cat","embeddable":true,"href":"https:\/\/avesaguiar.ch\/it\/wp-json\/wp\/v2\/product_cat?post=27110"},{"taxonomy":"product_tag","embeddable":true,"href":"https:\/\/avesaguiar.ch\/it\/wp-json\/wp\/v2\/product_tag?post=27110"}],"curies":[{"name":"wp","href":"https:\/\/api.w.org\/{rel}","templated":true}]}}