{"id":27276,"date":"2025-02-20T21:02:34","date_gmt":"2025-02-20T21:02:34","guid":{"rendered":"https:\/\/avesaguiar.ch\/produit\/pate-di-uova-rosse-grasse-1kg\/"},"modified":"2025-02-20T21:02:34","modified_gmt":"2025-02-20T21:02:34","slug":"pate-di-uova-rosse-grasse-1kg","status":"publish","type":"product","link":"https:\/\/avesaguiar.ch\/it\/produit\/pate-di-uova-rosse-grasse-1kg\/","title":{"rendered":"Pat\u00e9 di uova rosse grasse 1Kg"},"content":{"rendered":"<h1>Pat\u00e9 di uova rosse di Grasse<\/h1>\n<div class=\"product__content\">\n<p>La <strong>Farina di Uova Rosse Deli Nature<\/strong> \u00e8 perfettamente adatta alle esigenze degli uccelli giovani e adulti. Contiene tutti i nutrienti di cui i tuoi uccelli hanno bisogno durante i periodi di riposo, riproduzione e muta. La sua struttura garantisce un&#8217;assimilazione totale. La Farina di uova rosse Deli Nature \u00e8 una farina di uova pronta al 100% per l&#8217;uso. \u00c8 di colore bianco, ma contiene cantaxantina e<br \/>\n\u00df-carotene che aiutano a mantenere il piumaggio rosso dei tuoi uccelli. Garantisce una crescita e uno sviluppo ottimali per i tuoi giovani uccelli. L&#8217;aggiunta di acidi organici e origano assicura un funzionamento ottimale dell&#8217;apparato digerente.      <\/p>\n<p><strong>Istruzioni per l&#8217;uso:<\/strong><\/p>\n<ul>\n<li>Pu\u00f2 costituire un massimo di 1\/3 della razione giornaliera.<\/li>\n<li>Periodo di riposo: offrire pat\u00e9 d&#8217;uovo 2 o 3 volte a settimana.<\/li>\n<li>Periodo di riproduzione: offrire pat\u00e9 di uova fresche tutti i giorni, anche due volte al giorno se possibile.<\/li>\n<li>Periodo di muta: da offrire ogni giorno per garantire un apporto di vitamine e aminoacidi per una muta delicata.<\/li>\n<li>Il pat\u00e9 di uova rosse di Deli Nature \u00e8 pronto all&#8217;uso e pu\u00f2 essere preparato con semi germogliati, pezzi di verdura e\/o frutta&#8230;<\/li>\n<\/ul>\n<\/div>\n<div class=\"product__composition\">\n<div class=\"product__composition-summary\" tabindex=\"0\" role=\"button\" data-groupid=\"composition\" data-target=\"[san-id='open-composition']\" data-state=\"open\" data-classlist=\"open\" aria-expanded=\"false\">Composizione<\/div>\n<div class=\"product__composition-details open\">Prodotti da forno, Zucchero, Sottoprodotti di origine vegetale, Estratti di proteine vegetali, Oli e grassi, Uova e prodotti a base di uova (6,2%), Semi, Lievito<\/div>\n<\/div>\n<div class=\"product__ingredients\">\n<div class=\"product__ingredients-summary\" tabindex=\"0\" role=\"button\" data-groupid=\"ingredients\" data-target=\"[san-id='open-ingredients']\" data-state=\"open\" data-classlist=\"open\" aria-expanded=\"false\">Componenti analitici<\/div>\n<div class=\"product__ingredients-details open\">15,9% di proteine grezze, 14,6% di grassi grezzi, 4,4% di ceneri grezze, 2,3% di fibre grezze, 0,73% di calcio, 0,45% di fosforo.<\/div>\n<\/div>\n<div class=\"product__additive\">\n<div class=\"product__ingredients-summary\" tabindex=\"0\" role=\"button\" data-groupid=\"additive\" data-target=\"[san-id='open-additive']\" data-state=\"open\" data-classlist=\"open\" aria-expanded=\"false\">Additivi<\/div>\n<div class=\"product__ingredients-details open\">Additivi nutrizionali: 13.000 UI di Vitamina A, 900 UI di 3a671 Vitamina D3, 250 mg di 3a700 Vitamina E, 50 mg di 3a300 Vitamina C, 120 mg di 3b603 zinco, 150 mg di 3b103 ferro, 15 mg di 3b405 rame, 50 mg di 3b502 manganese, 1,2 mg di 3b202 iodio, 0,4 mg di 3b802 selenio, 30 mg di 3a160a beta-carotene. Additivi tecnologici: 282 mg E562 Sepiolite, 143,75 mg 1a330 Acido citrico. Additivi sensoriali: 60 mg 2a161g di cantaxantina, 37,5 mg 2b317eo di olio essenziale di Origanum vulgare L, subsp. Hirtum.   <\/div>\n<\/div>\n","protected":false},"excerpt":{"rendered":"<p>Pat\u00e9 di uova rosse di Grasse La Farina di Uova Rosse Deli Nature \u00e8 perfettamente adatta alle esigenze degli uccelli giovani e adulti. Contiene tutti i nutrienti di cui i tuoi uccelli hanno bisogno durante i periodi di riposo, riproduzione e muta. La sua struttura garantisce un&#8217;assimilazione totale. La Farina di uova rosse Deli Nature [&hellip;]<\/p>\n","protected":false},"featured_media":24422,"comment_status":"open","ping_status":"closed","template":"","meta":[],"product_brand":[184],"product_cat":[244,253],"product_tag":[],"class_list":{"0":"post-27276","1":"product","2":"type-product","3":"status-publish","4":"has-post-thumbnail","6":"product_brand-deli-nature","7":"product_cat-alimentazione-2","8":"product_cat-uccelli","11":"first","12":"instock","13":"shipping-taxable","14":"purchasable","15":"product-type-variable"},"jetpack_sharing_enabled":true,"_links":{"self":[{"href":"https:\/\/avesaguiar.ch\/it\/wp-json\/wp\/v2\/product\/27276","targetHints":{"allow":["GET"]}}],"collection":[{"href":"https:\/\/avesaguiar.ch\/it\/wp-json\/wp\/v2\/product"}],"about":[{"href":"https:\/\/avesaguiar.ch\/it\/wp-json\/wp\/v2\/types\/product"}],"replies":[{"embeddable":true,"href":"https:\/\/avesaguiar.ch\/it\/wp-json\/wp\/v2\/comments?post=27276"}],"wp:featuredmedia":[{"embeddable":true,"href":"https:\/\/avesaguiar.ch\/it\/wp-json\/wp\/v2\/media\/24422"}],"wp:attachment":[{"href":"https:\/\/avesaguiar.ch\/it\/wp-json\/wp\/v2\/media?parent=27276"}],"wp:term":[{"taxonomy":"product_brand","embeddable":true,"href":"https:\/\/avesaguiar.ch\/it\/wp-json\/wp\/v2\/product_brand?post=27276"},{"taxonomy":"product_cat","embeddable":true,"href":"https:\/\/avesaguiar.ch\/it\/wp-json\/wp\/v2\/product_cat?post=27276"},{"taxonomy":"product_tag","embeddable":true,"href":"https:\/\/avesaguiar.ch\/it\/wp-json\/wp\/v2\/product_tag?post=27276"}],"curies":[{"name":"wp","href":"https:\/\/api.w.org\/{rel}","templated":true}]}}