{"id":27327,"date":"2025-02-18T21:42:46","date_gmt":"2025-02-18T21:42:46","guid":{"rendered":"https:\/\/avesaguiar.ch\/produit\/pate-di-frutta-1kg\/"},"modified":"2025-02-18T21:42:46","modified_gmt":"2025-02-18T21:42:46","slug":"pate-di-frutta-1kg","status":"publish","type":"product","link":"https:\/\/avesaguiar.ch\/it\/produit\/pate-di-frutta-1kg\/","title":{"rendered":"Pat\u00e9 di frutta 1Kg"},"content":{"rendered":"<p>Pat\u00e9 di frutta 1Kg<\/p>\n<div class=\"product__content\">\n<ul>\n<li>\u00c8 un alimento per tutte le specie di uccelli che mangiano frutta.<\/li>\n<li>Il sovraccarico di ferro nel fegato \u00e8 una delle principali cause di mortalit\u00e0 nei frugivori. \u00c8 quindi di vitale importanza che queste specie siano alimentate con una dieta povera di ferro. Il pat\u00e9 di frutta di Deli Nature ha un contenuto di ferro inferiore a 60 ppm, attualmente il pi\u00f9 basso sul mercato.  <\/li>\n<li>Il pat\u00e9 di frutta contiene una grande quantit\u00e0 di miele naturale, che lo rende molto appetibile.<\/li>\n<li>La variet\u00e0 di frutta (ananas, papaya), bacche (sorbo e bacche di ginepro) e uva sultanina \u00e8 molto importante.<\/li>\n<li>Arricchito con gamberi e gammarus essiccati per aumentare il contenuto di proteine animali.<\/li>\n<li>\u00c8 anche un integratore ideale per tutti i parrocchetti e i pappagalli di grandi dimensioni che lo adorano.<\/li>\n<li>Disponibile in confezioni da 1 kg, 4 kg e 10 kg.<\/li>\n<\/ul>\n<\/div>\n<div class=\"product__composition\">\n<div class=\"product__composition-summary\" tabindex=\"0\" role=\"button\" data-groupid=\"composition\" data-target=\"[san-id='open-composition']\" data-state=\"open\" data-classlist=\"open\" aria-expanded=\"false\">Composizione<\/div>\n<div class=\"product__composition-details open\">Pane grattugiato 34%, papaya disidratata 2,0%, zucchero 15%, ananas disidratato 2,0%, frumento 10%, cenere di montagna 1,0%, glutine di mais 9%, ginepro 1,0%, olio di palmisti 7%, lievito 0,50%, concentrato di proteine di soia 5%, spirulina 0,20%, uva 2,5%, cloruro di sodio 0,16%, gamberetti 2,4%, miele 0,10%.<\/div>\n<\/div>\n<div class=\"product__ingredients\">\n<div class=\"product__ingredients-summary\" tabindex=\"0\" role=\"button\" data-groupid=\"ingredients\" data-target=\"[san-id='open-ingredients']\" data-state=\"open\" data-classlist=\"open\" aria-expanded=\"false\">Componenti analitici<\/div>\n<div class=\"product__ingredients-details open\">Proteina grezza 15,5%, fibra grezza 2%, grassi grezzi 12,6%, ceneri grezze 4,2%.<\/div>\n<\/div>\n","protected":false},"excerpt":{"rendered":"<p>Pat\u00e9 di frutta 1Kg \u00c8 un alimento per tutte le specie di uccelli che mangiano frutta. Il sovraccarico di ferro nel fegato \u00e8 una delle principali cause di mortalit\u00e0 nei frugivori. \u00c8 quindi di vitale importanza che queste specie siano alimentate con una dieta povera di ferro. Il pat\u00e9 di frutta di Deli Nature ha [&hellip;]<\/p>\n","protected":false},"featured_media":24370,"comment_status":"open","ping_status":"closed","template":"","meta":[],"product_brand":[184],"product_cat":[244,253],"product_tag":[],"class_list":{"0":"post-27327","1":"product","2":"type-product","3":"status-publish","4":"has-post-thumbnail","6":"product_brand-deli-nature","7":"product_cat-alimentazione-2","8":"product_cat-uccelli","11":"first","12":"instock","13":"sale","14":"shipping-taxable","15":"purchasable","16":"product-type-simple"},"jetpack_sharing_enabled":true,"_links":{"self":[{"href":"https:\/\/avesaguiar.ch\/it\/wp-json\/wp\/v2\/product\/27327","targetHints":{"allow":["GET"]}}],"collection":[{"href":"https:\/\/avesaguiar.ch\/it\/wp-json\/wp\/v2\/product"}],"about":[{"href":"https:\/\/avesaguiar.ch\/it\/wp-json\/wp\/v2\/types\/product"}],"replies":[{"embeddable":true,"href":"https:\/\/avesaguiar.ch\/it\/wp-json\/wp\/v2\/comments?post=27327"}],"wp:featuredmedia":[{"embeddable":true,"href":"https:\/\/avesaguiar.ch\/it\/wp-json\/wp\/v2\/media\/24370"}],"wp:attachment":[{"href":"https:\/\/avesaguiar.ch\/it\/wp-json\/wp\/v2\/media?parent=27327"}],"wp:term":[{"taxonomy":"product_brand","embeddable":true,"href":"https:\/\/avesaguiar.ch\/it\/wp-json\/wp\/v2\/product_brand?post=27327"},{"taxonomy":"product_cat","embeddable":true,"href":"https:\/\/avesaguiar.ch\/it\/wp-json\/wp\/v2\/product_cat?post=27327"},{"taxonomy":"product_tag","embeddable":true,"href":"https:\/\/avesaguiar.ch\/it\/wp-json\/wp\/v2\/product_tag?post=27327"}],"curies":[{"name":"wp","href":"https:\/\/api.w.org\/{rel}","templated":true}]}}