{"id":27401,"date":"2025-01-10T20:12:45","date_gmt":"2025-01-10T20:12:45","guid":{"rendered":"https:\/\/avesaguiar.ch\/produit\/grappolo-giallo-cinese\/"},"modified":"2025-01-10T20:12:45","modified_gmt":"2025-01-10T20:12:45","slug":"grappolo-giallo-cinese","status":"publish","type":"product","link":"https:\/\/avesaguiar.ch\/it\/produit\/grappolo-giallo-cinese\/","title":{"rendered":"Grappolo giallo cinese"},"content":{"rendered":"<p>Miglio giallo cinese<\/p>\n<p>Il miglio \u00e8 un alimento naturale per tutti gli uccelli.<\/p>\n<p>\u00c8 ricco di proteine e carboidrati e contiene anche un gran numero di aminoacidi.<\/p>\n<p>Il miglio \u00e8 ideale per far divertire i tuoi uccelli e per evitare che si becchino le piume.<\/p>\n<p>Il miglio \u00e8 ideale per gli uccelli esotici come i canarini e le cocorite.<\/p>\n<p>Alternalo con il miglio rosso, pi\u00f9 adatto all&#8217;alimentazione del fringuello di Gould.<\/p>\n<p>&nbsp;<\/p>\n","protected":false},"excerpt":{"rendered":"<p>Miglio giallo cinese Il miglio \u00e8 un alimento naturale per tutti gli uccelli. \u00c8 ricco di proteine e carboidrati e contiene anche un gran numero di aminoacidi. Il miglio \u00e8 ideale per far divertire i tuoi uccelli e per evitare che si becchino le piume. Il miglio \u00e8 ideale per gli uccelli esotici come i [&hellip;]<\/p>\n","protected":false},"featured_media":28598,"comment_status":"open","ping_status":"closed","template":"","meta":[],"product_brand":[182],"product_cat":[244,249,253],"product_tag":[],"class_list":{"0":"post-27401","1":"product","2":"type-product","3":"status-publish","4":"has-post-thumbnail","6":"product_brand-beyers","7":"product_cat-alimentazione-2","8":"product_cat-integratori-alimentari-2","9":"product_cat-uccelli","12":"first","13":"instock","14":"shipping-taxable","15":"purchasable","16":"product-type-variable"},"jetpack_sharing_enabled":true,"_links":{"self":[{"href":"https:\/\/avesaguiar.ch\/it\/wp-json\/wp\/v2\/product\/27401","targetHints":{"allow":["GET"]}}],"collection":[{"href":"https:\/\/avesaguiar.ch\/it\/wp-json\/wp\/v2\/product"}],"about":[{"href":"https:\/\/avesaguiar.ch\/it\/wp-json\/wp\/v2\/types\/product"}],"replies":[{"embeddable":true,"href":"https:\/\/avesaguiar.ch\/it\/wp-json\/wp\/v2\/comments?post=27401"}],"wp:featuredmedia":[{"embeddable":true,"href":"https:\/\/avesaguiar.ch\/it\/wp-json\/wp\/v2\/media\/28598"}],"wp:attachment":[{"href":"https:\/\/avesaguiar.ch\/it\/wp-json\/wp\/v2\/media?parent=27401"}],"wp:term":[{"taxonomy":"product_brand","embeddable":true,"href":"https:\/\/avesaguiar.ch\/it\/wp-json\/wp\/v2\/product_brand?post=27401"},{"taxonomy":"product_cat","embeddable":true,"href":"https:\/\/avesaguiar.ch\/it\/wp-json\/wp\/v2\/product_cat?post=27401"},{"taxonomy":"product_tag","embeddable":true,"href":"https:\/\/avesaguiar.ch\/it\/wp-json\/wp\/v2\/product_tag?post=27401"}],"curies":[{"name":"wp","href":"https:\/\/api.w.org\/{rel}","templated":true}]}}