{"id":27410,"date":"2025-01-10T20:55:49","date_gmt":"2025-01-10T20:55:49","guid":{"rendered":"https:\/\/avesaguiar.ch\/produit\/raggio-di-sole-pate-di-indios\/"},"modified":"2025-01-10T20:55:49","modified_gmt":"2025-01-10T20:55:49","slug":"raggio-di-sole-pate-di-indios","status":"publish","type":"product","link":"https:\/\/avesaguiar.ch\/it\/produit\/raggio-di-sole-pate-di-indios\/","title":{"rendered":"Raggio di Sole- Pat\u00e9 di indios"},"content":{"rendered":"<p>Indios<strong>.1.5Kg<\/strong> P\u00e2t\u00e9e<\/p>\n<p>Mangime completo per uccelli granivori e onnivori (autoctoni, esotici e ibridi)<\/p>\n<p>Pat\u00e9 bianco, umido, particolarmente appetibile, senza coloranti, con biscotto e semi ornitologici, di prato, di frutteto e selvatici, insetti e crostacei. Adatto a tutte le fasi della vita degli uccelli. <\/p>\n<p>Pu\u00f2 essere utilizzato anche per i canarini e gli esotici in momenti di particolare stress (esposizione, trasporto, durante e dopo i trattamenti, con temperature elevate, ecc.)<\/p>\n<p>Il prodotto pu\u00f2 essere utilizzato cos\u00ec com&#8217;\u00e8 o con semi cotti (Cucina) o germogliati (Germoglio) in tutte le fasi della vita degli uccelli.<\/p>\n<p>Analisi chimica: Proteine 17,00%, Grassi 13,50%, Ceneri 4,00%.<\/p>\n","protected":false},"excerpt":{"rendered":"<p>Indios.1.5Kg P\u00e2t\u00e9e Mangime completo per uccelli granivori e onnivori (autoctoni, esotici e ibridi) Pat\u00e9 bianco, umido, particolarmente appetibile, senza coloranti, con biscotto e semi ornitologici, di prato, di frutteto e selvatici, insetti e crostacei. Adatto a tutte le fasi della vita degli uccelli. Pu\u00f2 essere utilizzato anche per i canarini e gli esotici in momenti [&hellip;]<\/p>\n","protected":false},"featured_media":23981,"comment_status":"open","ping_status":"closed","template":"","meta":[],"product_brand":[60],"product_cat":[244,253],"product_tag":[],"class_list":{"0":"post-27410","1":"product","2":"type-product","3":"status-publish","4":"has-post-thumbnail","6":"product_brand-raggio-di-sole","7":"product_cat-alimentazione-2","8":"product_cat-uccelli","11":"first","12":"instock","13":"shipping-taxable","14":"purchasable","15":"product-type-simple"},"jetpack_sharing_enabled":true,"_links":{"self":[{"href":"https:\/\/avesaguiar.ch\/it\/wp-json\/wp\/v2\/product\/27410","targetHints":{"allow":["GET"]}}],"collection":[{"href":"https:\/\/avesaguiar.ch\/it\/wp-json\/wp\/v2\/product"}],"about":[{"href":"https:\/\/avesaguiar.ch\/it\/wp-json\/wp\/v2\/types\/product"}],"replies":[{"embeddable":true,"href":"https:\/\/avesaguiar.ch\/it\/wp-json\/wp\/v2\/comments?post=27410"}],"wp:featuredmedia":[{"embeddable":true,"href":"https:\/\/avesaguiar.ch\/it\/wp-json\/wp\/v2\/media\/23981"}],"wp:attachment":[{"href":"https:\/\/avesaguiar.ch\/it\/wp-json\/wp\/v2\/media?parent=27410"}],"wp:term":[{"taxonomy":"product_brand","embeddable":true,"href":"https:\/\/avesaguiar.ch\/it\/wp-json\/wp\/v2\/product_brand?post=27410"},{"taxonomy":"product_cat","embeddable":true,"href":"https:\/\/avesaguiar.ch\/it\/wp-json\/wp\/v2\/product_cat?post=27410"},{"taxonomy":"product_tag","embeddable":true,"href":"https:\/\/avesaguiar.ch\/it\/wp-json\/wp\/v2\/product_tag?post=27410"}],"curies":[{"name":"wp","href":"https:\/\/api.w.org\/{rel}","templated":true}]}}