{"id":27681,"date":"2024-12-29T14:08:13","date_gmt":"2024-12-29T14:08:13","guid":{"rendered":"https:\/\/avesaguiar.ch\/produit\/calcio\/"},"modified":"2024-12-29T14:08:13","modified_gmt":"2024-12-29T14:08:13","slug":"calcio","status":"publish","type":"product","link":"https:\/\/avesaguiar.ch\/it\/produit\/calcio\/","title":{"rendered":"Calcio+"},"content":{"rendered":"<h1>Calcio+<\/h1>\n<div class=\"product__content\">\n<p>CALCIO+, un integratore alimentare di alta qualit\u00e0, \u00e8 il risultato di una stretta collaborazione tra veterinari, nutrizionisti, scienziati e allevatori di primo piano.<\/p>\n<p>Questo integratore alimentare contiene il 10% di calcio in una forma ottimale per l&#8217;assimilazione nel tratto gastrointestinale degli uccelli. L&#8217;assunzione di calcio dai mangimi dipende dalla forma in cui viene incorporato nel mangime. <\/p>\n<p>Il calcio di qualit\u00e0 sotto forma di lattato di calcio, gluconato di calcio e citrato di calcio contenuto in Calcio+ \u00e8 facile da assorbire. Se il calcio non \u00e8 presente in quantit\u00e0 sufficienti nella dieta, l&#8217;organismo preleva il calcio di cui ha bisogno dalle ossa. Questo trasferimento indebolisce le ossa, che si fratturano pi\u00f9 facilmente. L&#8217;aggiunta di vitamina D3 stimola l&#8217;assimilazione del calcio nel tratto gastrointestinale e la sua incorporazione nello scheletro e nei gusci delle uova.<\/p>\n<p>La vitamina D3 viene in parte fornita dalla dieta e in parte sintetizzata nella pelle sotto l&#8217;influenza dei raggi UV del sole. \u00c8 quindi essenziale integrare questa vitamina negli uccelli tenuti in casa senza contatto diretto con i raggi solari. La sua composizione unica favorisce la formazione del guscio d&#8217;uovo e dello scheletro e stimola il funzionamento del sistema nervoso.  <\/p>\n<\/div>\n","protected":false},"excerpt":{"rendered":"<p>Calcio+ CALCIO+, un integratore alimentare di alta qualit\u00e0, \u00e8 il risultato di una stretta collaborazione tra veterinari, nutrizionisti, scienziati e allevatori di primo piano. Questo integratore alimentare contiene il 10% di calcio in una forma ottimale per l&#8217;assimilazione nel tratto gastrointestinale degli uccelli. L&#8217;assunzione di calcio dai mangimi dipende dalla forma in cui viene incorporato [&hellip;]<\/p>\n","protected":false},"featured_media":22930,"comment_status":"open","ping_status":"closed","template":"","meta":[],"product_brand":[182],"product_cat":[244,212,253],"product_tag":[],"class_list":{"0":"post-27681","1":"product","2":"type-product","3":"status-publish","4":"has-post-thumbnail","6":"product_brand-beyers","7":"product_cat-alimentazione-2","8":"product_cat-integratori-alimentari","9":"product_cat-uccelli","12":"first","13":"instock","14":"shipping-taxable","15":"purchasable","16":"product-type-simple"},"jetpack_sharing_enabled":true,"_links":{"self":[{"href":"https:\/\/avesaguiar.ch\/it\/wp-json\/wp\/v2\/product\/27681","targetHints":{"allow":["GET"]}}],"collection":[{"href":"https:\/\/avesaguiar.ch\/it\/wp-json\/wp\/v2\/product"}],"about":[{"href":"https:\/\/avesaguiar.ch\/it\/wp-json\/wp\/v2\/types\/product"}],"replies":[{"embeddable":true,"href":"https:\/\/avesaguiar.ch\/it\/wp-json\/wp\/v2\/comments?post=27681"}],"wp:featuredmedia":[{"embeddable":true,"href":"https:\/\/avesaguiar.ch\/it\/wp-json\/wp\/v2\/media\/22930"}],"wp:attachment":[{"href":"https:\/\/avesaguiar.ch\/it\/wp-json\/wp\/v2\/media?parent=27681"}],"wp:term":[{"taxonomy":"product_brand","embeddable":true,"href":"https:\/\/avesaguiar.ch\/it\/wp-json\/wp\/v2\/product_brand?post=27681"},{"taxonomy":"product_cat","embeddable":true,"href":"https:\/\/avesaguiar.ch\/it\/wp-json\/wp\/v2\/product_cat?post=27681"},{"taxonomy":"product_tag","embeddable":true,"href":"https:\/\/avesaguiar.ch\/it\/wp-json\/wp\/v2\/product_tag?post=27681"}],"curies":[{"name":"wp","href":"https:\/\/api.w.org\/{rel}","templated":true}]}}