{"id":27719,"date":"2024-12-28T19:42:55","date_gmt":"2024-12-28T19:42:55","guid":{"rendered":"https:\/\/avesaguiar.ch\/produit\/beyers-galaxy-mue-20kg\/"},"modified":"2024-12-28T19:42:55","modified_gmt":"2024-12-28T19:42:55","slug":"beyers-galaxy-mue-20kg","status":"publish","type":"product","link":"https:\/\/avesaguiar.ch\/it\/produit\/beyers-galaxy-mue-20kg\/","title":{"rendered":"Beyers-Galaxy Mue 20Kg"},"content":{"rendered":"<p><strong>BEYERS MUE GALAXY. 20Kg <\/strong><\/p>\n<div id=\"tab-description\" class=\"tab-content\">\n<p>Anche se ancora sottovalutato, il periodo della muta \u00e8 uno dei pi\u00f9 importanti, e anche difficili, per i tuoi piccioni. I piccioni devono rinnovare la maggior parte del loro piumaggio in un breve lasso di tempo, soprattutto se sono stati ombreggiati o illuminati. Hanno bisogno di aminoacidi e proteine per sviluppare un piumaggio forte e di grassi per mantenerlo morbido e brillante. Allo stesso tempo, \u00e8 necessario trovare l&#8217;equilibrio ideale tra i vari nutrienti e una quantit\u00e0 sufficiente di fibra grezza affinch\u00e9 i piccioni non diventino troppo grassi. I piccioni troppo pesanti fanno meno bene la muta. Galaxy Moult \u00e8 composto da ben 27 ingredienti diversi. La miscela contiene 4 tipi di mais (mais cribbs, mais cribbs piccolo, mais merano e mais Bordeaux), piselli, katjang idjoe, vecce e lenticchie &#8211; che forniscono le proteine e gli aminoacidi necessari &#8211; e molti piccoli semi ricchi di grassi che favoriscono un perfetto rinnovamento delle piume, come canapa, semi di lino, colza, ravizzone e scagliola. Orzo, riso integrale e girasoli striati forniscono le fibre necessarie, mentre il cardo mariano aiuta il fegato a funzionare correttamente.       <\/p>\n<p>&nbsp;<\/p>\n<p><strong>Composizione<\/strong><\/p>\n<p>Frumento bianco 12%, sorgo bianco 11%, orzo 5%, cardi 5%, piselli gialli 5%, piselli verdi 5%, mais piccolo cribbato 5%, mais cribbato 5%, vecce 5%, mais merano 4%, soia tostata 4%, risone 4%, mais bordeaux 4%, avena decorticata 3%, riso cargo 2%, girasoli striati 2%, semi bianchi 2%, piselli d&#8217;acero 2%, rape 2%, semi di lino 2%, canapa 2%, Kadjang Idjoe 2%, semi di colza 2%, lenticchie 2%, miglio giallo 1%, miglio bianco 1%, cardo mariano 1%.<\/p>\n<p><strong>Analisi<\/strong><\/p>\n<p>Carboidrati 51,80%, proteine grezze 15,19%, grassi grezzi 8,59%, fibre grezze 6,59%, ceneri grezze 2,41%, lisina 0,69%, fosforo 0,37%, metionina 0,21%, calcio 0,12%.<\/p>\n<\/div>\n","protected":false},"excerpt":{"rendered":"<p>BEYERS MUE GALAXY. 20Kg Anche se ancora sottovalutato, il periodo della muta \u00e8 uno dei pi\u00f9 importanti, e anche difficili, per i tuoi piccioni. I piccioni devono rinnovare la maggior parte del loro piumaggio in un breve lasso di tempo, soprattutto se sono stati ombreggiati o illuminati. Hanno bisogno di aminoacidi e proteine per sviluppare [&hellip;]<\/p>\n","protected":false},"featured_media":25961,"comment_status":"open","ping_status":"closed","template":"","meta":[],"product_brand":[182],"product_cat":[213],"product_tag":[],"class_list":{"0":"post-27719","1":"product","2":"type-product","3":"status-publish","4":"has-post-thumbnail","6":"product_brand-beyers","7":"product_cat-alimentazione","10":"first","11":"instock","12":"shipping-taxable","13":"purchasable","14":"product-type-simple"},"jetpack_sharing_enabled":true,"_links":{"self":[{"href":"https:\/\/avesaguiar.ch\/it\/wp-json\/wp\/v2\/product\/27719","targetHints":{"allow":["GET"]}}],"collection":[{"href":"https:\/\/avesaguiar.ch\/it\/wp-json\/wp\/v2\/product"}],"about":[{"href":"https:\/\/avesaguiar.ch\/it\/wp-json\/wp\/v2\/types\/product"}],"replies":[{"embeddable":true,"href":"https:\/\/avesaguiar.ch\/it\/wp-json\/wp\/v2\/comments?post=27719"}],"wp:featuredmedia":[{"embeddable":true,"href":"https:\/\/avesaguiar.ch\/it\/wp-json\/wp\/v2\/media\/25961"}],"wp:attachment":[{"href":"https:\/\/avesaguiar.ch\/it\/wp-json\/wp\/v2\/media?parent=27719"}],"wp:term":[{"taxonomy":"product_brand","embeddable":true,"href":"https:\/\/avesaguiar.ch\/it\/wp-json\/wp\/v2\/product_brand?post=27719"},{"taxonomy":"product_cat","embeddable":true,"href":"https:\/\/avesaguiar.ch\/it\/wp-json\/wp\/v2\/product_cat?post=27719"},{"taxonomy":"product_tag","embeddable":true,"href":"https:\/\/avesaguiar.ch\/it\/wp-json\/wp\/v2\/product_tag?post=27719"}],"curies":[{"name":"wp","href":"https:\/\/api.w.org\/{rel}","templated":true}]}}