{"id":27808,"date":"2025-01-09T12:47:28","date_gmt":"2025-01-09T12:47:28","guid":{"rendered":"https:\/\/avesaguiar.ch\/produit\/menu-katz-housecat\/"},"modified":"2025-01-09T12:47:28","modified_gmt":"2025-01-09T12:47:28","slug":"menu-katz-housecat","status":"publish","type":"product","link":"https:\/\/avesaguiar.ch\/it\/produit\/menu-katz-housecat\/","title":{"rendered":"Menu Katz Housecat"},"content":{"rendered":"<p>Menu Katz Housecat<\/p>\n<p>(Interno meno calorico e meno odore)<\/p>\n<p>Alcuni gatti trascorrono la maggior parte della loro vita in casa. Lo spazio in cui si muovono \u00e8 piuttosto limitato e, di conseguenza, anche il loro livello di attivit\u00e0 \u00e8 pi\u00f9 basso. <\/p>\n<p>Katz Menu Housecat \u00e8 un alimento bilanciato per gatti domestici che vivono prevalentemente in casa.<\/p>\n<p>Katz Menu Housecat ha un contenuto calorico inferiore e un contenuto di fibre alimentari superiore, per garantire al tuo gatto da appartamento il mantenimento del suo peso ideale. Inoltre, questo alimento \u00e8 arricchito con estratti di Yucca, che riducono i cattivi odori della lettiera del tuo gatto. <\/p>\n<p>Apporto nutrizionale consigliato per l&#8217;et\u00e0 del gatto:<\/p>\n<p>2-3 kg = 20-30 gr 3-5 kg = 30-50 gr &gt;5 kg = 50-80 gr<\/p>\n<p>Composizione: Carne di pollame (min. 20%), farina di frumento, proteine di carne disidratate, grasso animale, pesce disidratato, carne di pollame idrolizzata, polpa di barbabietola, uova intere disidratate, lievito, lecitina, olio di pesce raffinato, sale, estratto di Yucca, frutto-oligo-saccaridi.<\/p>\n<p>Analisi: Proteina grezza 27%, grassi grezzi 13%, fibra grezza 3,5%, ceneri grezze 7%, calcio 1,3%, fosforo 1%, taurina 2 g, L-carnitina 50 mg.<\/p>\n<h3>Imballaggio 2 Kg<\/h3>\n","protected":false},"excerpt":{"rendered":"<p>Katz Menu Housecat \u00e8 un alimento bilanciato per gatti domestici che vivono prevalentemente in casa<\/p>\n<p>confezione da 2 kg<\/p>\n","protected":false},"featured_media":23700,"comment_status":"open","ping_status":"closed","template":"","meta":[],"product_brand":[182],"product_cat":[350,274],"product_tag":[],"class_list":{"0":"post-27808","1":"product","2":"type-product","3":"status-publish","4":"has-post-thumbnail","6":"product_brand-beyers","7":"product_cat-alimentazione-4","8":"product_cat-gatti","11":"first","12":"instock","13":"shipping-taxable","14":"purchasable","15":"product-type-simple"},"jetpack_sharing_enabled":true,"_links":{"self":[{"href":"https:\/\/avesaguiar.ch\/it\/wp-json\/wp\/v2\/product\/27808","targetHints":{"allow":["GET"]}}],"collection":[{"href":"https:\/\/avesaguiar.ch\/it\/wp-json\/wp\/v2\/product"}],"about":[{"href":"https:\/\/avesaguiar.ch\/it\/wp-json\/wp\/v2\/types\/product"}],"replies":[{"embeddable":true,"href":"https:\/\/avesaguiar.ch\/it\/wp-json\/wp\/v2\/comments?post=27808"}],"wp:featuredmedia":[{"embeddable":true,"href":"https:\/\/avesaguiar.ch\/it\/wp-json\/wp\/v2\/media\/23700"}],"wp:attachment":[{"href":"https:\/\/avesaguiar.ch\/it\/wp-json\/wp\/v2\/media?parent=27808"}],"wp:term":[{"taxonomy":"product_brand","embeddable":true,"href":"https:\/\/avesaguiar.ch\/it\/wp-json\/wp\/v2\/product_brand?post=27808"},{"taxonomy":"product_cat","embeddable":true,"href":"https:\/\/avesaguiar.ch\/it\/wp-json\/wp\/v2\/product_cat?post=27808"},{"taxonomy":"product_tag","embeddable":true,"href":"https:\/\/avesaguiar.ch\/it\/wp-json\/wp\/v2\/product_tag?post=27808"}],"curies":[{"name":"wp","href":"https:\/\/api.w.org\/{rel}","templated":true}]}}