{"id":27968,"date":"2024-12-15T07:44:42","date_gmt":"2024-12-15T07:44:42","guid":{"rendered":"https:\/\/avesaguiar.ch\/produit\/euro-premium-derma-salmone-adult-10kg-senza-cereali-75-di-proteine\/"},"modified":"2024-12-15T07:44:42","modified_gmt":"2024-12-15T07:44:42","slug":"euro-premium-derma-salmone-adult-10kg-senza-cereali-75-di-proteine","status":"publish","type":"product","link":"https:\/\/avesaguiar.ch\/it\/produit\/euro-premium-derma-salmone-adult-10kg-senza-cereali-75-di-proteine\/","title":{"rendered":"Euro Premium- Derma+ (Salmone) Adult 10kg (senza cereali) 75% di proteine"},"content":{"rendered":"<p>Euro-Premium Derma+ Adulti di taglia grande e media<\/p>\n<p><strong>Proteine animali: 75%.<\/strong><\/p>\n<p>Functional \u00e8 l&#8217;alimento senza cereali perfetto per i cani adulti con esigenze particolari, dovute a problemi di digestione, di pelle e di pelo o alla sterilizzazione.<\/p>\n<p>Come suggerisce il nome della nostra gamma, gli alimenti funzionali contengono ingredienti funzionali che curano determinati problemi e migliorano la salute generale del tuo cane. Questi alimenti possono quindi essere somministrati al tuo animale domestico anche come misura preventiva. <\/p>\n<p>I prodotti funzionali contengono antiossidanti naturali e una miscela unica di estratti vegetali. Questi antiossidanti, derivati da curcuma, rosmarino, chiodi di garofano, vite e agrumi, aiutano a bilanciare e rafforzare il sistema immunitario del tuo cane. <\/p>\n<p>La gamma Functional contiene anche una potente miscela di probiotici come FOS, MOS e XOS. Questa miscela di fibre solubili e insolubili garantisce una digestione ottimale degli alimenti. <\/p>\n<p>L&#8217;ingrediente principale dei prodotti funzionali? Carne o pesce, importanti fonti di aminoacidi che favoriscono anche la digestione. <\/p>\n<p>Infine, gli alimenti funzionali non contengono cereali. Questi sono sostituiti da patate e verdure, che forniscono una quantit\u00e0 equivalente di energia. Perch\u00e9 eliminare i cereali dalla nostra alimentazione? Perch\u00e9 alcuni cani ne sono intolleranti, mentre le patate e le verdure non presentano rischi analoghi. Inoltre, questi sostituti dei cereali sono naturalmente ricchi di vitamina C.    <\/p>\n<p>Il tuo cane ha la pelle o il pelo fragile? Scegli Derma+. <\/p>\n<p>Per i cani con pelle o manti sensibili, \u00e8 importante scegliere una fonte proteica di alta qualit\u00e0 con un basso rischio di reazioni. Negli alimenti Derma+, questa fonte non \u00e8 altro che il salmone. Unito al krill antartico e all&#8217;olio di pesce, il salmone fornisce un rapporto ottimale tra omega 3 e omega 6, oltre a EPA e DHA sufficienti per una pelle e un manto sani. Anche lo zinco, la biotina e la L-tirosina giocano un ruolo fondamentale, in quanto quest&#8217;ultima previene lo scolorimento del pelo. Derma+ non contiene cereali n\u00e9 latticini.    <\/p>\n<p>Alimento completo super premium per cani adulti (&gt;1 anno) di razza media e grande (&gt;10kg). &#8211; Consigliato per cani con pelle e pelo sensibili. Il rapporto ideale di acidi grassi omega-3 e omega-6 e l&#8217;eccellente contenuto di zinco e biotina restituiscono luminosit\u00e0 alla pelle e al pelo. Alcuni ingredienti possono causare problemi di stomaco, digestivi e\/o cutanei. Questa selezione unica di ingredienti naturali, salmone e patate riduce al minimo il rischio di reazioni allergiche. Questo alimento di qualit\u00e0 \u00e8 inoltre arricchito con estratti vegetali che supportano lo sviluppo del sistema immunitario naturale. I prebiotici (FOS, MOS e XOS) e la polpa di barbabietola favoriscono una buona digestione e rafforzano il sistema immunitario.      <\/p>\n<p>Salmone (50%, reidratato), patate, grasso di pollo, piselli, fegato di pollame idrolizzato, lievito, polpa di barbabietola, salmone idrolizzato, carbonato di calcio, krill antartico, alghe marine, olio di pesce raffinato, glucosamina, condroitina solfato, FOS, MOS, XOS, lecitina, estratti vegetali (Citrus sp. Syzygium sp., Curcuma sp., Rosmarino sp. e Vitis sp.).<\/p>\n<p>Proteina grezza: 25,5% &#8211; contenuto di grassi: 15% &#8211; fibra grezza: 2,5% &#8211; ceneri grezze: 7,5% &#8211; calcio: 1,35% &#8211; fosforo: 0,9%.<\/p>\n<p>DISPONIBILE IN -10 kg<\/p>\n","protected":false},"excerpt":{"rendered":"<p>Functional \u00e8 l&#8217;alimento senza cereali perfetto per i cani adulti con esigenze particolari, dovute a problemi di digestione, di pelle e di pelo o alla sterilizzazione.<\/p>\n","protected":false},"featured_media":22532,"comment_status":"open","ping_status":"closed","template":"","meta":[],"product_brand":[182],"product_cat":[336,261],"product_tag":[],"class_list":{"0":"post-27968","1":"product","2":"type-product","3":"status-publish","4":"has-post-thumbnail","6":"product_brand-beyers","7":"product_cat-alimentazione-3","8":"product_cat-cane","11":"first","12":"instock","13":"sale","14":"shipping-taxable","15":"purchasable","16":"product-type-simple"},"jetpack_sharing_enabled":true,"_links":{"self":[{"href":"https:\/\/avesaguiar.ch\/it\/wp-json\/wp\/v2\/product\/27968","targetHints":{"allow":["GET"]}}],"collection":[{"href":"https:\/\/avesaguiar.ch\/it\/wp-json\/wp\/v2\/product"}],"about":[{"href":"https:\/\/avesaguiar.ch\/it\/wp-json\/wp\/v2\/types\/product"}],"replies":[{"embeddable":true,"href":"https:\/\/avesaguiar.ch\/it\/wp-json\/wp\/v2\/comments?post=27968"}],"wp:featuredmedia":[{"embeddable":true,"href":"https:\/\/avesaguiar.ch\/it\/wp-json\/wp\/v2\/media\/22532"}],"wp:attachment":[{"href":"https:\/\/avesaguiar.ch\/it\/wp-json\/wp\/v2\/media?parent=27968"}],"wp:term":[{"taxonomy":"product_brand","embeddable":true,"href":"https:\/\/avesaguiar.ch\/it\/wp-json\/wp\/v2\/product_brand?post=27968"},{"taxonomy":"product_cat","embeddable":true,"href":"https:\/\/avesaguiar.ch\/it\/wp-json\/wp\/v2\/product_cat?post=27968"},{"taxonomy":"product_tag","embeddable":true,"href":"https:\/\/avesaguiar.ch\/it\/wp-json\/wp\/v2\/product_tag?post=27968"}],"curies":[{"name":"wp","href":"https:\/\/api.w.org\/{rel}","templated":true}]}}