{"id":27974,"date":"2024-12-16T21:04:33","date_gmt":"2024-12-16T21:04:33","guid":{"rendered":"https:\/\/avesaguiar.ch\/produit\/giocattolo-parrotto\/"},"modified":"2024-12-16T21:04:33","modified_gmt":"2024-12-16T21:04:33","slug":"giocattolo-parrotto","status":"publish","type":"product","link":"https:\/\/avesaguiar.ch\/it\/produit\/giocattolo-parrotto\/","title":{"rendered":"GIOCATTOLO PARROTTO"},"content":{"rendered":"<h4>Perch\u00e9 ti serve un pappagallo giocattolo?<\/h4>\n<h4>In primo luogo, in natura la maggior parte dei pappagalli \u00e8 socievole e passa molto tempo a cercare cibo e a evitare i nemici. Tuttavia, una volta che il pappagallo \u00e8 stato addomesticato, c&#8217;\u00e8 molto pi\u00f9 temp pound, la maggior parte delle persone tiene solo 1 o 2 pappagalli, il che pu\u00f2 causare la mancanza di compagni e vedere il padrone come un partner importante. Ovviamente questo \u00e8 un aspetto positivo, ma se non hai molto tempo da trascorrere con lui, si sentir\u00e0 isolato e noioso. Per questo motivo i pappagalli possono urlare, mordere gli oggetti e persino mordersi le piume per attirare la tua attenzione.   <\/h4>\n<h4>In secondo luogo, il becco del pappagallo crescer\u00e0 in modo da rimanere affilato. Tuttavia, un becco troppo lungo influisce sulle capacit\u00e0 alimentari del pappagallo e ne danneggia la salute. I pappagalli selvatici controllano la lunghezza del becco mordendo tronchi e cibo duro, e il piacere di mordere gli oggetti diventa parte della loro natura. Se i pappagalli di casa non hanno a disposizione oggetti appropriati da mordere, in base alla loro salute e alla loro natura, devono mordere le cose che si trovano nel mais, ecco perch\u00e9 i giocattoli da masticare sono un must per i pappagalli.   <\/h4>\n<h4>Lunghezza x Larghezza x Altezza 37 x 14 x 43<\/h4>\n","protected":false},"excerpt":{"rendered":"<p>Perch\u00e9 ti serve un pappagallo giocattolo?<\/p>\n<p>Innanzitutto, in natura la maggior parte dei pappagalli \u00e8 socievole; trascorre molto tempo alla ricerca di cibo e ad evitare i nemici.<\/p>\n","protected":false},"featured_media":22625,"comment_status":"open","ping_status":"closed","template":"","meta":[],"product_brand":[61],"product_cat":[215,253],"product_tag":[],"class_list":{"0":"post-27974","1":"product","2":"type-product","3":"status-publish","4":"has-post-thumbnail","6":"product_brand-2gr","7":"product_cat-giocattoli","8":"product_cat-uccelli","11":"first","12":"instock","13":"shipping-taxable","14":"purchasable","15":"product-type-simple"},"jetpack_sharing_enabled":true,"_links":{"self":[{"href":"https:\/\/avesaguiar.ch\/it\/wp-json\/wp\/v2\/product\/27974","targetHints":{"allow":["GET"]}}],"collection":[{"href":"https:\/\/avesaguiar.ch\/it\/wp-json\/wp\/v2\/product"}],"about":[{"href":"https:\/\/avesaguiar.ch\/it\/wp-json\/wp\/v2\/types\/product"}],"replies":[{"embeddable":true,"href":"https:\/\/avesaguiar.ch\/it\/wp-json\/wp\/v2\/comments?post=27974"}],"wp:featuredmedia":[{"embeddable":true,"href":"https:\/\/avesaguiar.ch\/it\/wp-json\/wp\/v2\/media\/22625"}],"wp:attachment":[{"href":"https:\/\/avesaguiar.ch\/it\/wp-json\/wp\/v2\/media?parent=27974"}],"wp:term":[{"taxonomy":"product_brand","embeddable":true,"href":"https:\/\/avesaguiar.ch\/it\/wp-json\/wp\/v2\/product_brand?post=27974"},{"taxonomy":"product_cat","embeddable":true,"href":"https:\/\/avesaguiar.ch\/it\/wp-json\/wp\/v2\/product_cat?post=27974"},{"taxonomy":"product_tag","embeddable":true,"href":"https:\/\/avesaguiar.ch\/it\/wp-json\/wp\/v2\/product_tag?post=27974"}],"curies":[{"name":"wp","href":"https:\/\/api.w.org\/{rel}","templated":true}]}}