{"id":27995,"date":"2025-01-09T11:24:40","date_gmt":"2025-01-09T11:24:40","guid":{"rendered":"https:\/\/avesaguiar.ch\/produit\/euro-premium-agnello-adulto-grande-senza-glutine\/"},"modified":"2025-01-09T11:24:40","modified_gmt":"2025-01-09T11:24:40","slug":"euro-premium-agnello-adulto-grande-senza-glutine","status":"publish","type":"product","link":"https:\/\/avesaguiar.ch\/it\/produit\/euro-premium-agnello-adulto-grande-senza-glutine\/","title":{"rendered":"Euro Premium &#8211; Agnello adulto grande (senza glutine)"},"content":{"rendered":"<p>Euro- Premium &#8211; Agnello e riso per adulti di taglia grande 12 kg<\/p>\n<p><strong>Proteine animali: 74%.<\/strong><\/p>\n<p><strong>Original \u00e8 un alimento di alta qualit\u00e0, gustoso e senza glutine che piacer\u00e0 sicuramente a te e al tuo cane. L&#8217;ingrediente base della gamma Original \u00e8 la carne. Nessuno dei prodotti contiene grano, mais o orzo per una digeribilit\u00e0 ottimale. Gli alimenti Original sono adatti a cani di tutte le et\u00e0 e razze.   <\/strong><\/p>\n<p>La carne \u00e8 la migliore fonte di proteine per il tuo fedele compagno. Nella preparazione del cibo Original utilizziamo principalmente carne secca di pollo o agnello, il che significa che circa l&#8217;80% delle proteine contenute nel cibo proviene da queste carni. <\/p>\n<p>La gamma Original contiene anche rosmarino e selenio, antiossidanti naturali che supportano il sistema immunitario del tuo cane, oltre a probiotici come FOS e MOS. Non c&#8217;\u00e8 niente di meglio per una digestione ottimale del cibo. <\/p>\n<p><strong>Alimento completo super premium per cani adulti (&gt;18 mesi) di razze grandi (25-45 kg).<\/strong> Questa formula non contiene grano n\u00e9 glutine. Aggiunge FOS e MOS per una digestione ottimale. La glucosamina e il condroitin solfato aiutano a mantenere le articolazioni forti e flessibili. F   <\/p>\n<p>Farina di agnello (disidratato 38%), riso (gereidratato 29%), grasso di pollo, piselli, patate, patate-lievito, polpa di barbabietola, fegato di pollame idrolizzato, fosfato bicalcico, carbonato di calcio, cloruro di sodio, lievito, olio di pesce raffinato, F.O.S, M.O.S, lecitina, glucosamina, condroitina solfato, semi d&#8217;uva, rosmarino.<\/p>\n<p>Proteina grezza: 24% &#8211; contenuto di grassi: 13,5% &#8211; fibra grezza: 2,5% &#8211; ceneri grezze: 7,5% &#8211; calcio: 1,6% &#8211; fosforo: 0,9%.<\/p>\n","protected":false},"excerpt":{"rendered":"<p><strong>Alimento completo super premium per cani adulti (&gt;18 mesi) di razze grandi (25-45 kg).<\/strong> Questa formula non contiene grano n\u00e9 glutine. Aggiunge FOS e MOS per una digestione ottimale. La glucosamina e il condroitin solfato aiutano a mantenere le articolazioni forti e flessibili.  <\/p>\n","protected":false},"featured_media":23636,"comment_status":"open","ping_status":"closed","template":"","meta":[],"product_brand":[182],"product_cat":[336,261],"product_tag":[],"class_list":{"0":"post-27995","1":"product","2":"type-product","3":"status-publish","4":"has-post-thumbnail","6":"product_brand-beyers","7":"product_cat-alimentazione-3","8":"product_cat-cane","11":"first","12":"instock","13":"shipping-taxable","14":"purchasable","15":"product-type-simple"},"jetpack_sharing_enabled":true,"_links":{"self":[{"href":"https:\/\/avesaguiar.ch\/it\/wp-json\/wp\/v2\/product\/27995","targetHints":{"allow":["GET"]}}],"collection":[{"href":"https:\/\/avesaguiar.ch\/it\/wp-json\/wp\/v2\/product"}],"about":[{"href":"https:\/\/avesaguiar.ch\/it\/wp-json\/wp\/v2\/types\/product"}],"replies":[{"embeddable":true,"href":"https:\/\/avesaguiar.ch\/it\/wp-json\/wp\/v2\/comments?post=27995"}],"wp:featuredmedia":[{"embeddable":true,"href":"https:\/\/avesaguiar.ch\/it\/wp-json\/wp\/v2\/media\/23636"}],"wp:attachment":[{"href":"https:\/\/avesaguiar.ch\/it\/wp-json\/wp\/v2\/media?parent=27995"}],"wp:term":[{"taxonomy":"product_brand","embeddable":true,"href":"https:\/\/avesaguiar.ch\/it\/wp-json\/wp\/v2\/product_brand?post=27995"},{"taxonomy":"product_cat","embeddable":true,"href":"https:\/\/avesaguiar.ch\/it\/wp-json\/wp\/v2\/product_cat?post=27995"},{"taxonomy":"product_tag","embeddable":true,"href":"https:\/\/avesaguiar.ch\/it\/wp-json\/wp\/v2\/product_tag?post=27995"}],"curies":[{"name":"wp","href":"https:\/\/api.w.org\/{rel}","templated":true}]}}