{"id":28012,"date":"2025-01-09T12:43:19","date_gmt":"2025-01-09T12:43:19","guid":{"rendered":"https:\/\/avesaguiar.ch\/produit\/menu-katz-oldies-ages\/"},"modified":"2025-01-09T12:43:19","modified_gmt":"2025-01-09T12:43:19","slug":"menu-katz-oldies-ages","status":"publish","type":"product","link":"https:\/\/avesaguiar.ch\/it\/produit\/menu-katz-oldies-ages\/","title":{"rendered":"Menu Katz Oldies Ag\u00e9s"},"content":{"rendered":"<p>Quando il tuo gatto raggiunge l&#8217;et\u00e0 di 9 o 10 anni, inizier\u00e0 a rientrare nella categoria dei gatti anziani.<\/p>\n<p>Katz Menu Oldies tiene conto delle esigenze alimentari modificate ed \u00e8 stato sviluppato appositamente per i gatti anziani.<\/p>\n<p>Katz Menu Oldies \u00e8 un alimento bilanciato che mantiene il tuo gatto anziano in buone condizioni. \u00c8 un alimento leggero e digeribile, arricchito con L-carnitina, che favorisce il ricambio di materia, e cartilagine di squalo, utilizzata per mantenere le articolazioni elastiche. <\/p>\n<p>Apporto nutrizionale consigliato per l&#8217;et\u00e0 del gatto:<\/p>\n<p>2-3 kg = 20-30 gr 3-5 kg = 30-50 gr &gt;5 kg = 50-80 gr<\/p>\n<p>Composizione: Carne di pollame (min. 20%), farina di frumento, proteine di carne disidratate, grasso animale, pesce disidratato, carne di pollame idrolizzata, polpa di barbabietola, uova intere disidratate, lievito, lecitina, olio di pesce raffinato, sale, frutto-oligosaccaridi.<\/p>\n<p>Analisi: Proteina grezza 28%, grassi grezzi 13%, fibra grezza 3%, ceneri grezze 7%,<\/p>\n<p>calcio 1,3%, fosforo 1%, taurina 2 g, L-carnitina 50 mg.<\/p>\n<p>&nbsp;<\/p>\n<h3>Imballaggio 2Kg<\/h3>\n","protected":false},"excerpt":{"rendered":"<p>Katz Menu Oldies tiene conto delle esigenze alimentari modificate ed \u00e8 stato sviluppato appositamente per i gatti anziani<\/p>\n<p>Disponibile 2 kg<\/p>\n","protected":false},"featured_media":23690,"comment_status":"open","ping_status":"closed","template":"","meta":[],"product_brand":[182],"product_cat":[350,274],"product_tag":[],"class_list":{"0":"post-28012","1":"product","2":"type-product","3":"status-publish","4":"has-post-thumbnail","6":"product_brand-beyers","7":"product_cat-alimentazione-4","8":"product_cat-gatti","11":"first","12":"instock","13":"shipping-taxable","14":"purchasable","15":"product-type-simple"},"jetpack_sharing_enabled":true,"_links":{"self":[{"href":"https:\/\/avesaguiar.ch\/it\/wp-json\/wp\/v2\/product\/28012","targetHints":{"allow":["GET"]}}],"collection":[{"href":"https:\/\/avesaguiar.ch\/it\/wp-json\/wp\/v2\/product"}],"about":[{"href":"https:\/\/avesaguiar.ch\/it\/wp-json\/wp\/v2\/types\/product"}],"replies":[{"embeddable":true,"href":"https:\/\/avesaguiar.ch\/it\/wp-json\/wp\/v2\/comments?post=28012"}],"wp:featuredmedia":[{"embeddable":true,"href":"https:\/\/avesaguiar.ch\/it\/wp-json\/wp\/v2\/media\/23690"}],"wp:attachment":[{"href":"https:\/\/avesaguiar.ch\/it\/wp-json\/wp\/v2\/media?parent=28012"}],"wp:term":[{"taxonomy":"product_brand","embeddable":true,"href":"https:\/\/avesaguiar.ch\/it\/wp-json\/wp\/v2\/product_brand?post=28012"},{"taxonomy":"product_cat","embeddable":true,"href":"https:\/\/avesaguiar.ch\/it\/wp-json\/wp\/v2\/product_cat?post=28012"},{"taxonomy":"product_tag","embeddable":true,"href":"https:\/\/avesaguiar.ch\/it\/wp-json\/wp\/v2\/product_tag?post=28012"}],"curies":[{"name":"wp","href":"https:\/\/api.w.org\/{rel}","templated":true}]}}