{"id":28111,"date":"2026-01-11T20:56:13","date_gmt":"2026-01-11T20:56:13","guid":{"rendered":"https:\/\/avesaguiar.ch\/?post_type=product&#038;p=28111"},"modified":"2026-02-01T21:40:58","modified_gmt":"2026-02-01T21:40:58","slug":"growth-energy-moulting-mix-complement-energetique-4-kg","status":"publish","type":"product","link":"https:\/\/avesaguiar.ch\/it\/produit\/growth-energy-moulting-mix-complement-energetique-4-kg\/","title":{"rendered":"Beyers-Growth Energy Moulting Mix"},"content":{"rendered":"<h2>Growth-Energy-Moulting Mix &#8211; 4 KG<\/h2>\n<p><strong>ALIMENT COMPL\u00c9MENTAIRE \u00c9NERG\u00c9TIQUE ET D\u2019\u00c9LEVAGE \u00c0 UTILISER DE FA\u00c7ON MULTIFONCTIONNELLE PENDANT LES DIFF\u00c9RENTES SAISONS<\/strong><\/p>\n<ul>\n<li>Un compl\u00e9ment \u00e9quilibr\u00e9, compos\u00e9 de m\u00e9lange de graine et de nutriments, pourvu en prot\u00e9ines et les graisses suppl\u00e9mentaires n\u00e9cessaires.<\/li>\n<li>Contient des vitamines, des min\u00e9raux et des oligo-\u00e9l\u00e9ments qui r\u00e9pondent aux besoins journaliers des pigeons.<\/li>\n<li>Les besoins li\u00e9s \u00e0 la saison peuvent en outre \u00eatre remplis par l\u2019humification avec un de nos suppl\u00e9ments liquides.<\/li>\n<li>Les pigeons le prennent tr\u00e8s volontiers en plus du m\u00e9lange journalier de grains.<\/li>\n<li>Un fournisseur d\u2019acides amin\u00e9s essentiels pendant la mue et en pr\u00e9paration d\u2019une condition optimale aux prochaines p\u00e9riodes d\u2019accouplement et de vols.<\/li>\n<li>Veille \u00e0 ce que les fientes molles des pigeonneaux dans et autour du nid appartiennent au pass\u00e9 et les jeunes font se d\u00e9velopper ensuite facilement.<\/li>\n<\/ul>\n<p><strong>MODE D\u2019EMPLOI<\/strong><\/p>\n<ul>\n<li>165 gr \/ 1 kg d\u2019aliments (ou 5 gr\/pigeon par jour).<\/li>\n<li>330 gr \/ 1 kg d\u2019aliments (ou 10 gr\/pigeon par jour pendant l\u2019\u00e9levage avec jeunes dans le nid en plein croissance).<\/li>\n<li>Maximum 50 % de la ration quotidienne.<\/li>\n<li><em>Pendant l\u2019hiver\/repos\u00a0<\/em>: 2 \u00e0 3 x par semaine avec le m\u00e9lange de grains.<\/li>\n<li><em>Pendant la saison sportive (&gt; 300 km)\u00a0<\/em>: \u00e0 retour au colombier avec les premi\u00e8res rations et comme dessert suppl\u00e9mentaire apr\u00e8s les 3 \u00e0 4 derni\u00e8res rations avant l\u2019enlogement.<\/li>\n<li><em>Pendant la saison de mue\u00a0<\/em>: 2 \u00e0 3 x par semaine avec le m\u00e9lange de mue, \u00e9ventuellement humidifi\u00e9e avec Amin-Vita ou Energy Oil.<\/li>\n<li><em>Pendant l\u2019\u00e9levage\u00a0<\/em>: 2 \u00e0 3 x par semaine avec le m\u00e9lange d\u2019\u00e9levage, \u00e9ventuellement humidifi\u00e9e avec Amin-Vita Plus ou Energy Oil.<\/li>\n<li><em>Les pigeonneaux (du sevrage jusqu\u2019au d\u00e9but de la saison sportive)<\/em>\u00a0: chaque jour avec le m\u00e9lange de grains.<\/li>\n<\/ul>\n<p><strong>COMPOSITION<\/strong><\/p>\n<p>Produits de la boulangerie, sorgho blanc, froment blanc, froment, sucre, huile de soja, gluten de ma\u00efs, cardi, ma\u00efs, graines de tr\u00e8fle blanc, graines de carotte, vesces, levure, graines de radis, sorgho, kKtjang Idjoe, lentilles, gluten de ma\u00efs, concentr\u00e9 prot\u00e9ique (de graines) de soja, dextrose, huile de palme, gluten de bl\u00e9, millet jaune, graines d\u2019oignon, navettes, sarrasin, millet blanc, avoine pel\u00e9e concass\u00e9, graines de tournesol pel\u00e9es, millet rouge, chardon marie, sarrasin pel\u00e9e, graines de chia, p\u00e9rilla brun<\/p>\n<p><strong>CONSTITUANTS ANALYTIQUES<\/strong><\/p>\n<ul>\n<li>Prot\u00e9ines brutes 17,4 %<\/li>\n<li>Graisses brutes 14,9 %<\/li>\n<li>Cellulose brute 4,7 %<\/li>\n<li>Cendres brutes 4,3 %<\/li>\n<\/ul>\n<p id=\"ignorePDF\"><b>Cat\u00e9gorie<\/b><\/p>\n<div id=\"ignorePDF\" class=\"symbols\"><img decoding=\"async\" class=\"symbol ls-is-cached lazyloaded\" src=\"https:\/\/beyersbelgium.be\/wp-content\/themes\/wpbase_v2.0\/assets\/images\/symbol-Energy.svg\" alt=\"Energy\" width=\"80px\" height=\"80px\" data-src=\"\/wp-content\/themes\/wpbase_v2.0\/assets\/images\/symbol-Energy.svg\" \/><b>Energy<\/b><img decoding=\"async\" class=\"symbol ls-is-cached lazyloaded\" src=\"https:\/\/beyersbelgium.be\/wp-content\/themes\/wpbase_v2.0\/assets\/images\/symbol-Yearround.svg\" alt=\"Yearround\" width=\"80px\" height=\"80px\" data-src=\"\/wp-content\/themes\/wpbase_v2.0\/assets\/images\/symbol-Yearround.svg\" \/><b>Yearround<\/b><\/div>\n","protected":false},"excerpt":{"rendered":"<p>Growth-Energy-Moulting Mix &#8211; 4 KG ALIMENT COMPL\u00c9MENTAIRE \u00c9NERG\u00c9TIQUE ET D\u2019\u00c9LEVAGE \u00c0 UTILISER DE FA\u00c7ON MULTIFONCTIONNELLE PENDANT LES DIFF\u00c9RENTES SAISONS Un compl\u00e9ment \u00e9quilibr\u00e9, compos\u00e9 de m\u00e9lange de graine et de nutriments, pourvu en prot\u00e9ines et les graisses suppl\u00e9mentaires n\u00e9cessaires. Contient des vitamines, des min\u00e9raux et des oligo-\u00e9l\u00e9ments qui r\u00e9pondent aux besoins journaliers des pigeons. Les besoins [&hellip;]<\/p>\n","protected":false},"featured_media":28117,"comment_status":"open","ping_status":"closed","template":"","meta":[],"product_brand":[182],"product_cat":[169,171,100],"product_tag":[],"class_list":{"0":"post-28111","1":"product","2":"type-product","3":"status-publish","4":"has-post-thumbnail","6":"product_brand-beyers","7":"product_cat-pigeons","8":"product_cat-pigeons-alimentation","9":"product_cat-pigeons-complements-alimentaires","12":"first","13":"outofstock","14":"shipping-taxable","15":"purchasable","16":"product-type-simple"},"jetpack_sharing_enabled":true,"_links":{"self":[{"href":"https:\/\/avesaguiar.ch\/it\/wp-json\/wp\/v2\/product\/28111","targetHints":{"allow":["GET"]}}],"collection":[{"href":"https:\/\/avesaguiar.ch\/it\/wp-json\/wp\/v2\/product"}],"about":[{"href":"https:\/\/avesaguiar.ch\/it\/wp-json\/wp\/v2\/types\/product"}],"replies":[{"embeddable":true,"href":"https:\/\/avesaguiar.ch\/it\/wp-json\/wp\/v2\/comments?post=28111"}],"wp:featuredmedia":[{"embeddable":true,"href":"https:\/\/avesaguiar.ch\/it\/wp-json\/wp\/v2\/media\/28117"}],"wp:attachment":[{"href":"https:\/\/avesaguiar.ch\/it\/wp-json\/wp\/v2\/media?parent=28111"}],"wp:term":[{"taxonomy":"product_brand","embeddable":true,"href":"https:\/\/avesaguiar.ch\/it\/wp-json\/wp\/v2\/product_brand?post=28111"},{"taxonomy":"product_cat","embeddable":true,"href":"https:\/\/avesaguiar.ch\/it\/wp-json\/wp\/v2\/product_cat?post=28111"},{"taxonomy":"product_tag","embeddable":true,"href":"https:\/\/avesaguiar.ch\/it\/wp-json\/wp\/v2\/product_tag?post=28111"}],"curies":[{"name":"wp","href":"https:\/\/api.w.org\/{rel}","templated":true}]}}