{"id":28216,"date":"2026-01-23T19:45:59","date_gmt":"2026-01-23T19:45:59","guid":{"rendered":"https:\/\/avesaguiar.ch\/?post_type=product&#038;p=28216"},"modified":"2026-01-23T19:45:59","modified_gmt":"2026-01-23T19:45:59","slug":"abreuvoir-pour-volaille","status":"publish","type":"product","link":"https:\/\/avesaguiar.ch\/it\/produit\/abreuvoir-pour-volaille\/","title":{"rendered":"Abreuvoir pour Volaille"},"content":{"rendered":"<p>Abreuvoir destin\u00e9 \u00e0 la volaille, 6Litre<\/p>\n<p>Il est \u00e9quip\u00e9 de quatre pieds qui permettent de le remplir facilement, et d&#8217;une poign\u00e9e pratique qui facilite son transport.<\/p>\n<p>La perte d&#8217;eau est compens\u00e9e automatiquement gr\u00e2ce \u00e0 la diff\u00e9rence de pression.<\/p>\n","protected":false},"excerpt":{"rendered":"<p>Abreuvoir destin\u00e9 \u00e0 la volaille, 6Litre Il est \u00e9quip\u00e9 de quatre pieds qui permettent de le remplir facilement, et d&#8217;une poign\u00e9e pratique qui facilite son transport. La perte d&#8217;eau est compens\u00e9e automatiquement gr\u00e2ce \u00e0 la diff\u00e9rence de pression.<\/p>\n","protected":false},"featured_media":28217,"comment_status":"open","ping_status":"closed","template":"","meta":[],"product_brand":[62],"product_cat":[105,195],"product_tag":[],"class_list":{"0":"post-28216","1":"product","2":"type-product","3":"status-publish","4":"has-post-thumbnail","6":"product_brand-benelux","7":"product_cat-volailles","8":"product_cat-volailles-accessoires","11":"first","12":"instock","13":"shipping-taxable","14":"purchasable","15":"product-type-simple"},"jetpack_sharing_enabled":true,"_links":{"self":[{"href":"https:\/\/avesaguiar.ch\/it\/wp-json\/wp\/v2\/product\/28216","targetHints":{"allow":["GET"]}}],"collection":[{"href":"https:\/\/avesaguiar.ch\/it\/wp-json\/wp\/v2\/product"}],"about":[{"href":"https:\/\/avesaguiar.ch\/it\/wp-json\/wp\/v2\/types\/product"}],"replies":[{"embeddable":true,"href":"https:\/\/avesaguiar.ch\/it\/wp-json\/wp\/v2\/comments?post=28216"}],"wp:featuredmedia":[{"embeddable":true,"href":"https:\/\/avesaguiar.ch\/it\/wp-json\/wp\/v2\/media\/28217"}],"wp:attachment":[{"href":"https:\/\/avesaguiar.ch\/it\/wp-json\/wp\/v2\/media?parent=28216"}],"wp:term":[{"taxonomy":"product_brand","embeddable":true,"href":"https:\/\/avesaguiar.ch\/it\/wp-json\/wp\/v2\/product_brand?post=28216"},{"taxonomy":"product_cat","embeddable":true,"href":"https:\/\/avesaguiar.ch\/it\/wp-json\/wp\/v2\/product_cat?post=28216"},{"taxonomy":"product_tag","embeddable":true,"href":"https:\/\/avesaguiar.ch\/it\/wp-json\/wp\/v2\/product_tag?post=28216"}],"curies":[{"name":"wp","href":"https:\/\/api.w.org\/{rel}","templated":true}]}}