{"id":28285,"date":"2026-01-24T21:10:18","date_gmt":"2026-01-24T21:10:18","guid":{"rendered":"https:\/\/avesaguiar.ch\/?post_type=product&#038;p=28285"},"modified":"2026-01-24T21:12:08","modified_gmt":"2026-01-24T21:12:08","slug":"grattoir-pour-le-sol-20cm-avec-manche-en-bois","status":"publish","type":"product","link":"https:\/\/avesaguiar.ch\/it\/produit\/grattoir-pour-le-sol-20cm-avec-manche-en-bois\/","title":{"rendered":"Grattoir pour le sol 20\/30cm avec manche en bois"},"content":{"rendered":"<p>Grattoir en plastique solide avec lame en m\u00e9tal d&#8217;une longueur de 20\/30cm.<\/p>\n<p>Mont\u00e9 sur un long manche en bois qui vous permettra de nettoyer plus ais\u00e9ment vos voli\u00e8res ou colombiers.<\/p>\n<p>Support au bout du manche pour suspendre le grattoir.<\/p>\n","protected":false},"excerpt":{"rendered":"<p>Grattoir en plastique solide avec lame en m\u00e9tal d&#8217;une longueur de 20\/30cm. Mont\u00e9 sur un long manche en bois qui vous permettra de nettoyer plus ais\u00e9ment vos voli\u00e8res ou colombiers. Support au bout du manche pour suspendre le grattoir.<\/p>\n","protected":false},"featured_media":28293,"comment_status":"open","ping_status":"closed","template":"","meta":[],"product_brand":[62],"product_cat":[169,172,190],"product_tag":[],"class_list":{"0":"post-28285","1":"product","2":"type-product","3":"status-publish","4":"has-post-thumbnail","6":"product_brand-benelux","7":"product_cat-pigeons","8":"product_cat-pigeons-accessoires","9":"product_cat-pigeons-nettoyage-hygiene","12":"first","13":"instock","14":"shipping-taxable","15":"purchasable","16":"product-type-variable"},"jetpack_sharing_enabled":true,"_links":{"self":[{"href":"https:\/\/avesaguiar.ch\/it\/wp-json\/wp\/v2\/product\/28285","targetHints":{"allow":["GET"]}}],"collection":[{"href":"https:\/\/avesaguiar.ch\/it\/wp-json\/wp\/v2\/product"}],"about":[{"href":"https:\/\/avesaguiar.ch\/it\/wp-json\/wp\/v2\/types\/product"}],"replies":[{"embeddable":true,"href":"https:\/\/avesaguiar.ch\/it\/wp-json\/wp\/v2\/comments?post=28285"}],"wp:featuredmedia":[{"embeddable":true,"href":"https:\/\/avesaguiar.ch\/it\/wp-json\/wp\/v2\/media\/28293"}],"wp:attachment":[{"href":"https:\/\/avesaguiar.ch\/it\/wp-json\/wp\/v2\/media?parent=28285"}],"wp:term":[{"taxonomy":"product_brand","embeddable":true,"href":"https:\/\/avesaguiar.ch\/it\/wp-json\/wp\/v2\/product_brand?post=28285"},{"taxonomy":"product_cat","embeddable":true,"href":"https:\/\/avesaguiar.ch\/it\/wp-json\/wp\/v2\/product_cat?post=28285"},{"taxonomy":"product_tag","embeddable":true,"href":"https:\/\/avesaguiar.ch\/it\/wp-json\/wp\/v2\/product_tag?post=28285"}],"curies":[{"name":"wp","href":"https:\/\/api.w.org\/{rel}","templated":true}]}}