{"id":28517,"date":"2026-01-31T20:25:24","date_gmt":"2026-01-31T20:25:24","guid":{"rendered":"https:\/\/avesaguiar.ch\/?post_type=product&#038;p=28517"},"modified":"2026-03-06T19:48:41","modified_gmt":"2026-03-06T19:48:41","slug":"patee-aux-oeufs-jaune-grasse","status":"publish","type":"product","link":"https:\/\/avesaguiar.ch\/it\/produit\/patee-aux-oeufs-jaune-grasse\/","title":{"rendered":"P\u00e2t\u00e9e aux Oeufs Jaune Grasse"},"content":{"rendered":"<h1>P\u00e2t\u00e9e aux Oeufs Jaune Grasse<\/h1>\n<div class=\"product__content\">\n<p><strong>Deli Nature<\/strong>\u00a0<strong>P\u00e2t\u00e9e aux \u0153ufs jaune grasse<\/strong>\u00a0r\u00e9pond parfaitement aux besoins des oiseaux jeunes et adultes. Elle contient tous les nutriments n\u00e9cessaires \u00e0 vos oiseaux pendant les p\u00e9riodes de repos, de reproduction et de mue. Sa structure garantit une assimilation totale. Deli Nature P\u00e2t\u00e9e aux \u0153ufs jaune grasse est une p\u00e2t\u00e9e aux \u0153ufs 100\u00a0% pr\u00eate \u00e0 l&#8217;emploi. Elle\u00a0garantit une croissance et un d\u00e9veloppement optimaux de vos jeunes oiseaux. L&#8217;ajout d&#8217;acides organiques et d&#8217;origan garantit le fonctionnement optimal du syst\u00e8me digestif.<\/p>\n<\/div>\n<div class=\"product__available\"><span class=\"product__available-text\">DISPONIBLE EN <\/span><span class=\"product__available-weight\">1kg | 10kg<\/span><\/div>\n<div class=\"product__composition\">\n<div class=\"product__composition-summary\" tabindex=\"0\" role=\"button\" data-groupid=\"composition\" data-target=\"[san-id='open-composition']\" data-state=\"open\" data-classlist=\"open\" aria-expanded=\"false\">Composition<\/div>\n<div class=\"product__composition-details open\">Produits de boulangerie, Sucre, Extraits de prot\u00e9ines v\u00e9g\u00e9tales, Sous-produits d\u2019origine v\u00e9g\u00e9tale, Huiles et graisses, \u0152ufs et produits \u00e0 base d&#8217;\u0153ufs (6,2 %), Graines, Levure<\/div>\n<\/div>\n<div class=\"product__ingredients\">\n<div class=\"product__ingredients-summary\" tabindex=\"0\" role=\"button\" data-groupid=\"ingredients\" data-target=\"[san-id='open-ingredients']\" data-state=\"open\" data-classlist=\"open\" aria-expanded=\"false\">Constituants analytiques<\/div>\n<div class=\"product__ingredients-details open\">17,1 % prot\u00e9ines brutes, 14,6 % mati\u00e8res grasses brutes, 3,5 % cendres brutes, 2,6 % cellulose brute, 0,54 % calcium, 0,31 % phosphore<\/div>\n<\/div>\n<div class=\"product__additive\">\n<div class=\"product__ingredients-summary\" tabindex=\"0\" role=\"button\" data-groupid=\"additive\" data-target=\"[san-id='open-additive']\" data-state=\"open\" data-classlist=\"open\" aria-expanded=\"false\">Additifs<\/div>\n<div class=\"product__ingredients-details open\">Additifs nutritionnels : 13.000 IU 3a672a Vitamine A, 900 IU 3a671 Vitamine D3, 250 mg 3a700 Vitamine E, 50 mg 3a300 Vitamine C, 120 mg 3b603 zinc, 150 mg 3b103 fer, 15 mg 3b405 cuivre, 50 mg 3b502 mangan\u00e8se, 1,2 mg 3b202 iode, 0,4 mg 3b802 s\u00e9l\u00e9nium. Additifs technologiques : 282 mg E562 Sepiolite, 143,75 mg 1a330 acide citrique. Additifs sensoriels : 37,5 mg 2b317eo Huile essentielle tir\u00e9e d\u2019Origanum vulgare L, subsp. Hirtum.<\/div>\n<\/div>\n","protected":false},"excerpt":{"rendered":"<p><img fetchpriority=\"high\" decoding=\"async\" class=\"alignnone size-medium wp-image-24397\" src=\"https:\/\/avesaguiar.ch\/wp-content\/uploads\/2025\/02\/eivoer-geel-10-1-300x300.png\" alt=\"\" width=\"300\" height=\"300\" \/><\/p>\n","protected":false},"featured_media":24402,"comment_status":"open","ping_status":"closed","template":"","meta":[],"product_brand":[184],"product_cat":[103,173,193],"product_tag":[],"class_list":{"0":"post-28517","1":"product","2":"type-product","3":"status-publish","4":"has-post-thumbnail","6":"product_brand-deli-nature","7":"product_cat-oiseaux","8":"product_cat-oiseaux-alimentation","9":"product_cat-oiseaux-complements-alimentaires","12":"first","13":"instock","14":"shipping-taxable","15":"purchasable","16":"product-type-variable"},"jetpack_sharing_enabled":true,"_links":{"self":[{"href":"https:\/\/avesaguiar.ch\/it\/wp-json\/wp\/v2\/product\/28517","targetHints":{"allow":["GET"]}}],"collection":[{"href":"https:\/\/avesaguiar.ch\/it\/wp-json\/wp\/v2\/product"}],"about":[{"href":"https:\/\/avesaguiar.ch\/it\/wp-json\/wp\/v2\/types\/product"}],"replies":[{"embeddable":true,"href":"https:\/\/avesaguiar.ch\/it\/wp-json\/wp\/v2\/comments?post=28517"}],"wp:featuredmedia":[{"embeddable":true,"href":"https:\/\/avesaguiar.ch\/it\/wp-json\/wp\/v2\/media\/24402"}],"wp:attachment":[{"href":"https:\/\/avesaguiar.ch\/it\/wp-json\/wp\/v2\/media?parent=28517"}],"wp:term":[{"taxonomy":"product_brand","embeddable":true,"href":"https:\/\/avesaguiar.ch\/it\/wp-json\/wp\/v2\/product_brand?post=28517"},{"taxonomy":"product_cat","embeddable":true,"href":"https:\/\/avesaguiar.ch\/it\/wp-json\/wp\/v2\/product_cat?post=28517"},{"taxonomy":"product_tag","embeddable":true,"href":"https:\/\/avesaguiar.ch\/it\/wp-json\/wp\/v2\/product_tag?post=28517"}],"curies":[{"name":"wp","href":"https:\/\/api.w.org\/{rel}","templated":true}]}}