{"id":28663,"date":"2026-02-01T14:34:11","date_gmt":"2026-02-01T14:34:11","guid":{"rendered":"https:\/\/avesaguiar.ch\/?post_type=product&#038;p=28663"},"modified":"2026-03-06T19:46:06","modified_gmt":"2026-03-06T19:46:06","slug":"beyers-carbo-vita-450gr","status":"publish","type":"product","link":"https:\/\/avesaguiar.ch\/it\/produit\/beyers-carbo-vita-450gr\/","title":{"rendered":"BEYERS-CARBO-VITA 450GR"},"content":{"rendered":"<p>CARBO-VITA<\/p>\n<p><strong>UN SUPPL\u00c9MENT VITAMINIQUE CONTENANT UN M\u00c9LANGE UNIQUE DE SUCRES LENTS ET RAPIDES POUR UN PUISSANT REGAIN D\u2019\u00c9NERGIE. AVEC L\u2019AJOUT DE TRIGLYC\u00c9RIDES \u00c0 CHA\u00ceNE MOYENNE (TCM) ET D\u2019UN TONIQUE \u00c0 BASE DE PLANTES COMME SOURCES D\u2019\u00c9NERGIE SUPPL\u00c9MENTAIRES DISPONIBLES.<\/strong><\/p>\n<p>Contient de tr\u00e8s longues cha\u00eenes de maltodextrine (sucres lents) et de dextrose (sucres rapides), id\u00e9al la veille de l\u2019enlogement pour am\u00e9liorer les performances de vol.<\/p>\n<p>Un m\u00e9lange complet de vitamines (A, D3, B1, B2, B3, B6, B12, C, E, K3 et acide folique) qui favorisent la forme physique g\u00e9n\u00e9rale et soutiennent la r\u00e9sistance et la r\u00e9cup\u00e9ration.<\/p>\n<p>Les triglyc\u00e9rides \u00e0 cha\u00eene moyenne, ou TCM, sont un type particulier de graisse que les pigeons peuvent utiliser rapidement et efficacement comme carburant.<\/p>\n<ul>\n<li>\u00c9nergie rapide et instantan\u00e9e.<br \/>\nContrairement aux graisses ordinaires, les TCM n\u2019ont pas besoin d\u2019\u00eatre d\u2019abord d\u00e9compos\u00e9s en profondeur dans le tube digestif. Ils vont directement vers le foie, o\u00f9 ils sont rapidement transform\u00e9s en \u00e9nergie. Id\u00e9al juste avant un vol ou dans la phase de r\u00e9cup\u00e9ration qui suit.<\/li>\n<li>Favorise la combustion des graisses<br \/>\nLes pigeons utilisent principalement la graisse comme source d\u2019\u00e9nergie lors des vols de longue dur\u00e9e. En ajoutant des TCM, vous stimulez le syst\u00e8me de combustion des graisses de votre pigeon. Cela les aide \u00e0 utiliser plus efficacement leurs propres r\u00e9serves de graisse, ce qui leur permet de r\u00e9aliser des performances plus longues et plus r\u00e9guli\u00e8res.<\/li>\n<li>N\u2019alourdit pas la digestion.<br \/>\nLes TCM sont faciles \u00e0 dig\u00e9rer et ne chargent pas le syst\u00e8me digestif de votre pigeon.<\/li>\n<li>R\u00e9cup\u00e9ration plus rapide.<br \/>\nApr\u00e8s un vol, il est important que vos pigeons reprennent rapidement des forces. Les TCM peuvent y contribuer, car ils fournissent rapidement \u00e0 l\u2019organisme l\u2019\u00e9nergie n\u00e9cessaire pour favoriser la r\u00e9cup\u00e9ration et la construction musculaire.<\/li>\n<\/ul>\n<p>&nbsp;<\/p>\n<p>L\u2019ajout d\u2019un tonique \u00e0 base de plantes (ginseng et poudre de maca) am\u00e9liore les performances physiques en augmentant les niveaux d\u2019\u00e9nergie et l\u2019endurance, renforce le syst\u00e8me immunitaire et contribue \u00e0 la sant\u00e9 et \u00e0 l\u2019\u00e9tat g\u00e9n\u00e9ral des pigeons.<\/p>\n<p><strong>Instructions<\/strong>: 20 gr \/ 2 L d\u2019eau potable ou 1 kg d\u2019aliments (=2 cuill\u00e8res \u00e0 mesurer). Max 2,5% de la ration journali\u00e8re.<\/p>\n<p><strong>Pendant la saison sportive:<\/strong><\/p>\n<ul>\n<li>1 \u00e0 2 jours avant l\u2019enlogement.<\/li>\n<li>Au retour \u00e0 la maison pour aider \u00e0 la r\u00e9cup\u00e9ration apr\u00e8s un vol difficile.<\/li>\n<\/ul>\n<p id=\"ignorePDF\"><b>Cat\u00e9gorie<\/b><\/p>\n<div id=\"ignorePDF\" class=\"symbols\"><img decoding=\"async\" class=\"symbol lazyloaded\" src=\"https:\/\/beyersbelgium.be\/wp-content\/themes\/wpbase_v2.0\/assets\/images\/symbol-Energy.svg\" alt=\"Energy\" width=\"80px\" height=\"80px\" data-src=\"\/wp-content\/themes\/wpbase_v2.0\/assets\/images\/symbol-Energy.svg\" \/><b>Energy<\/b><img decoding=\"async\" class=\"symbol lazyloaded\" src=\"https:\/\/beyersbelgium.be\/wp-content\/themes\/wpbase_v2.0\/assets\/images\/symbol-Sport.svg\" alt=\"Sport\" width=\"80px\" height=\"80px\" data-src=\"\/wp-content\/themes\/wpbase_v2.0\/assets\/images\/symbol-Sport.svg\" \/><b>Sport<\/b><\/div>\n","protected":false},"excerpt":{"rendered":"<p>CARBO-VITA UN SUPPL\u00c9MENT VITAMINIQUE CONTENANT UN M\u00c9LANGE UNIQUE DE SUCRES LENTS ET RAPIDES POUR UN PUISSANT REGAIN D\u2019\u00c9NERGIE. AVEC L\u2019AJOUT DE TRIGLYC\u00c9RIDES \u00c0 CHA\u00ceNE MOYENNE (TCM) ET D\u2019UN TONIQUE \u00c0 BASE DE PLANTES COMME SOURCES D\u2019\u00c9NERGIE SUPPL\u00c9MENTAIRES DISPONIBLES. Contient de tr\u00e8s longues cha\u00eenes de maltodextrine (sucres lents) et de dextrose (sucres rapides), id\u00e9al la veille [&hellip;]<\/p>\n","protected":false},"featured_media":28664,"comment_status":"open","ping_status":"closed","template":"","meta":[],"product_brand":[182],"product_cat":[169,100],"product_tag":[],"class_list":{"0":"post-28663","1":"product","2":"type-product","3":"status-publish","4":"has-post-thumbnail","6":"product_brand-beyers","7":"product_cat-pigeons","8":"product_cat-pigeons-complements-alimentaires","11":"first","12":"instock","13":"shipping-taxable","14":"purchasable","15":"product-type-simple"},"jetpack_sharing_enabled":true,"_links":{"self":[{"href":"https:\/\/avesaguiar.ch\/it\/wp-json\/wp\/v2\/product\/28663","targetHints":{"allow":["GET"]}}],"collection":[{"href":"https:\/\/avesaguiar.ch\/it\/wp-json\/wp\/v2\/product"}],"about":[{"href":"https:\/\/avesaguiar.ch\/it\/wp-json\/wp\/v2\/types\/product"}],"replies":[{"embeddable":true,"href":"https:\/\/avesaguiar.ch\/it\/wp-json\/wp\/v2\/comments?post=28663"}],"wp:featuredmedia":[{"embeddable":true,"href":"https:\/\/avesaguiar.ch\/it\/wp-json\/wp\/v2\/media\/28664"}],"wp:attachment":[{"href":"https:\/\/avesaguiar.ch\/it\/wp-json\/wp\/v2\/media?parent=28663"}],"wp:term":[{"taxonomy":"product_brand","embeddable":true,"href":"https:\/\/avesaguiar.ch\/it\/wp-json\/wp\/v2\/product_brand?post=28663"},{"taxonomy":"product_cat","embeddable":true,"href":"https:\/\/avesaguiar.ch\/it\/wp-json\/wp\/v2\/product_cat?post=28663"},{"taxonomy":"product_tag","embeddable":true,"href":"https:\/\/avesaguiar.ch\/it\/wp-json\/wp\/v2\/product_tag?post=28663"}],"curies":[{"name":"wp","href":"https:\/\/api.w.org\/{rel}","templated":true}]}}