{"id":28685,"date":"2026-02-01T14:50:30","date_gmt":"2026-02-01T14:50:30","guid":{"rendered":"https:\/\/avesaguiar.ch\/?post_type=product&#038;p=28685"},"modified":"2026-02-01T14:53:22","modified_gmt":"2026-02-01T14:53:22","slug":"taubenfit-e-50-vit-e-konzentrat-vit-e-et-selenium-la-periode-delevage-et-de-vol-250ml-rohnfried","status":"publish","type":"product","link":"https:\/\/avesaguiar.ch\/it\/produit\/taubenfit-e-50-vit-e-konzentrat-vit-e-et-selenium-la-periode-delevage-et-de-vol-250ml-rohnfried\/","title":{"rendered":"Rohnfried-Taubenfit-E 50 Vit"},"content":{"rendered":"<p>Taubenfit-E 50 Vit. E-Konzentrat (Vit. E et s\u00e9l\u00e9nium, la p\u00e9riode d&#8217;\u00e9levage et de vol) 250ml &#8211; R\u00f6hnfried<\/p>\n<p>Taubenfit E-50 est destin\u00e9, en plus d\u2019autres aliments, \u00e0 r\u00e9pondre aux besoins en vitamine E, en particulier chez les animaux d\u2019\u00e9levage. La vitamine E + s\u00e9l\u00e9nium convient donc parfaitement \u00e0 la pr\u00e9paration de la reproduction mais \u00e9galement aux soins en cours de route. De plus E-50 garantit la f\u00e9condation des oeufs.<\/p>\n<p><strong>Mode d&#8217;emploi:<\/strong><\/p>\n<p>G\u00e9n\u00e9ral: 1 bouchon \u00e0 vis (5 ml) par litre d&#8217;eau de boisson<br \/>\nPigeons reproducteurs: Avant le couplage et chaque fois avant la prochaine ponte, administrer 5 ml par litre d&#8217;eau de boisson pendant 5 jours cons\u00e9cutifs.<br \/>\nColombes: Pendant le voyage, m\u00e9langez 5 ml par litre d&#8217;eau de boisson ou 10 ml avec 1 kg d&#8217;aliment 2-3 fois par semaine.<\/p>\n<p>A conserver au frais et dans l&#8217;obscurit\u00e9.<\/p>\n","protected":false},"excerpt":{"rendered":"<p>Taubenfit-E 50 Vit. E-Konzentrat (Vit. E et s\u00e9l\u00e9nium, la p\u00e9riode d&#8217;\u00e9levage et de vol) 250ml &#8211; R\u00f6hnfried Taubenfit E-50 est destin\u00e9, en plus d\u2019autres aliments, \u00e0 r\u00e9pondre aux besoins en vitamine E, en particulier chez les animaux d\u2019\u00e9levage. La vitamine E + s\u00e9l\u00e9nium convient donc parfaitement \u00e0 la pr\u00e9paration de la reproduction mais \u00e9galement aux [&hellip;]<\/p>\n","protected":false},"featured_media":28686,"comment_status":"open","ping_status":"closed","template":"","meta":[],"product_brand":[63],"product_cat":[103,193,169,100],"product_tag":[],"class_list":{"0":"post-28685","1":"product","2":"type-product","3":"status-publish","4":"has-post-thumbnail","6":"product_brand-roehnfried","7":"product_cat-oiseaux","8":"product_cat-oiseaux-complements-alimentaires","9":"product_cat-pigeons","10":"product_cat-pigeons-complements-alimentaires","13":"first","14":"instock","15":"shipping-taxable","16":"purchasable","17":"product-type-simple"},"jetpack_sharing_enabled":true,"_links":{"self":[{"href":"https:\/\/avesaguiar.ch\/it\/wp-json\/wp\/v2\/product\/28685","targetHints":{"allow":["GET"]}}],"collection":[{"href":"https:\/\/avesaguiar.ch\/it\/wp-json\/wp\/v2\/product"}],"about":[{"href":"https:\/\/avesaguiar.ch\/it\/wp-json\/wp\/v2\/types\/product"}],"replies":[{"embeddable":true,"href":"https:\/\/avesaguiar.ch\/it\/wp-json\/wp\/v2\/comments?post=28685"}],"wp:featuredmedia":[{"embeddable":true,"href":"https:\/\/avesaguiar.ch\/it\/wp-json\/wp\/v2\/media\/28686"}],"wp:attachment":[{"href":"https:\/\/avesaguiar.ch\/it\/wp-json\/wp\/v2\/media?parent=28685"}],"wp:term":[{"taxonomy":"product_brand","embeddable":true,"href":"https:\/\/avesaguiar.ch\/it\/wp-json\/wp\/v2\/product_brand?post=28685"},{"taxonomy":"product_cat","embeddable":true,"href":"https:\/\/avesaguiar.ch\/it\/wp-json\/wp\/v2\/product_cat?post=28685"},{"taxonomy":"product_tag","embeddable":true,"href":"https:\/\/avesaguiar.ch\/it\/wp-json\/wp\/v2\/product_tag?post=28685"}],"curies":[{"name":"wp","href":"https:\/\/api.w.org\/{rel}","templated":true}]}}