{"id":28736,"date":"2026-02-01T15:44:51","date_gmt":"2026-02-01T15:44:51","guid":{"rendered":"https:\/\/avesaguiar.ch\/?post_type=product&#038;p=28736"},"modified":"2026-03-06T19:39:11","modified_gmt":"2026-03-06T19:39:11","slug":"rohnfried-gervit-w-mulivitamine-pour-toute-lannee","status":"publish","type":"product","link":"https:\/\/avesaguiar.ch\/it\/produit\/rohnfried-gervit-w-mulivitamine-pour-toute-lannee\/","title":{"rendered":"Rohnfried-Gervit-W (mulivitamine pour toute l&#8217;ann\u00e9e)"},"content":{"rendered":"<p>Gervit-W (mulivitamine pour toute l&#8217;ann\u00e9e)<\/p>\n<p>Tout simplement la meilleure pr\u00e9paration multivitamines sur le march\u00e9, Gervit-W est un liquide riche en collant rouge dor\u00e9 contenant 18 vitamines de haute qualit\u00e9 qui est digne de confiance dans le monde du pigeon.<\/p>\n<p>Gervit-W est inestimable dans toute grenier professionnel car il fournit tous les oiseaux besoins en vitamines et ne peut \u00eatre donn\u00e9e dans l&#8217;eau ou ajout\u00e9 directement sur la nourriture, ce qui en fait \u00e0 la fois pratique et \u00e9conomique \u00e0 utiliser avec un minimum de d\u00e9chets.<\/p>\n<p>MODE DE EMPLOI:<br \/>\n-Pour les besoins accrue en vitamines comme par exemple apr\u00e8s le traitement, les situations de stress sp\u00e9ciaux, etc: plusieurs fois par semaine 10 ml par 2 litres d&#8217;eau ou 1,5 kg de ma\u00efs.<br \/>\n-Reproduction, de mue et le temps de Voyage: 2 fois par semaine 10 ml par 2 litres d&#8217;eau ou 1,5 kg de ma\u00efs.<br \/>\nPendant le voyage n&#8217;est pas le jour d&#8217;exploitation<br \/>\n-Reste de l&#8217;ann\u00e9e: 1 fois par semaine 10 ml par 2 litres d&#8217;eau ou 1,5 kg de ma\u00efs<\/p>\n","protected":false},"excerpt":{"rendered":"<p>Gervit-W (mulivitamine pour toute l&#8217;ann\u00e9e) Tout simplement la meilleure pr\u00e9paration multivitamines sur le march\u00e9, Gervit-W est un liquide riche en collant rouge dor\u00e9 contenant 18 vitamines de haute qualit\u00e9 qui est digne de confiance dans le monde du pigeon. Gervit-W est inestimable dans toute grenier professionnel car il fournit tous les oiseaux besoins en vitamines [&hellip;]<\/p>\n","protected":false},"featured_media":28739,"comment_status":"open","ping_status":"closed","template":"","meta":[],"product_brand":[63],"product_cat":[103,193,169,100],"product_tag":[],"class_list":{"0":"post-28736","1":"product","2":"type-product","3":"status-publish","4":"has-post-thumbnail","6":"product_brand-roehnfried","7":"product_cat-oiseaux","8":"product_cat-oiseaux-complements-alimentaires","9":"product_cat-pigeons","10":"product_cat-pigeons-complements-alimentaires","13":"first","14":"instock","15":"shipping-taxable","16":"purchasable","17":"product-type-variable"},"jetpack_sharing_enabled":true,"_links":{"self":[{"href":"https:\/\/avesaguiar.ch\/it\/wp-json\/wp\/v2\/product\/28736","targetHints":{"allow":["GET"]}}],"collection":[{"href":"https:\/\/avesaguiar.ch\/it\/wp-json\/wp\/v2\/product"}],"about":[{"href":"https:\/\/avesaguiar.ch\/it\/wp-json\/wp\/v2\/types\/product"}],"replies":[{"embeddable":true,"href":"https:\/\/avesaguiar.ch\/it\/wp-json\/wp\/v2\/comments?post=28736"}],"wp:featuredmedia":[{"embeddable":true,"href":"https:\/\/avesaguiar.ch\/it\/wp-json\/wp\/v2\/media\/28739"}],"wp:attachment":[{"href":"https:\/\/avesaguiar.ch\/it\/wp-json\/wp\/v2\/media?parent=28736"}],"wp:term":[{"taxonomy":"product_brand","embeddable":true,"href":"https:\/\/avesaguiar.ch\/it\/wp-json\/wp\/v2\/product_brand?post=28736"},{"taxonomy":"product_cat","embeddable":true,"href":"https:\/\/avesaguiar.ch\/it\/wp-json\/wp\/v2\/product_cat?post=28736"},{"taxonomy":"product_tag","embeddable":true,"href":"https:\/\/avesaguiar.ch\/it\/wp-json\/wp\/v2\/product_tag?post=28736"}],"curies":[{"name":"wp","href":"https:\/\/api.w.org\/{rel}","templated":true}]}}