{"id":28762,"date":"2026-02-01T19:06:07","date_gmt":"2026-02-01T19:06:07","guid":{"rendered":"https:\/\/avesaguiar.ch\/?post_type=product&#038;p=28762"},"modified":"2026-03-06T19:35:50","modified_gmt":"2026-03-06T19:35:50","slug":"rohnfried-rozitol-50ml","status":"publish","type":"product","link":"https:\/\/avesaguiar.ch\/it\/produit\/rohnfried-rozitol-50ml\/","title":{"rendered":"Rohnfried-Rozitol 50ml"},"content":{"rendered":"<p>Rozitol 50ml<\/p>\n<p>Gouttes nasales dissolvant le mucus<\/p>\n<p>Le rozitol nettoie le nez et favorise la s\u00e9paration du mucus solide.<\/p>\n<p>Les vieilles boues et poussi\u00e8res sont liqu\u00e9fi\u00e9es, puis secou\u00e9es par les pigeons ou \u00e9limin\u00e9es \u00e0 l&#8217;aide d&#8217;un coton-tige.<\/p>\n<p>Utilisation:<\/p>\n<p>1 \u00e0 2 gouttes par narine ou 30 gouttes par litre d&#8217;eau.<\/p>\n<p>\u00c9levage de pigeons: 14 jours avant l\u2019appariement.<\/p>\n<p>Les pigeons voyageurs: 14 jours avant le premier vol.<\/p>\n<p>Jeunes pigeons: 14 jours avant le premier vol.<\/p>\n<p>Stockage:<\/p>\n<p>Restez au frais et au sec.<\/p>\n","protected":false},"excerpt":{"rendered":"<p>Rozitol 50ml Gouttes nasales dissolvant le mucus Le rozitol nettoie le nez et favorise la s\u00e9paration du mucus solide. Les vieilles boues et poussi\u00e8res sont liqu\u00e9fi\u00e9es, puis secou\u00e9es par les pigeons ou \u00e9limin\u00e9es \u00e0 l&#8217;aide d&#8217;un coton-tige. Utilisation: 1 \u00e0 2 gouttes par narine ou 30 gouttes par litre d&#8217;eau. \u00c9levage de pigeons: 14 jours [&hellip;]<\/p>\n","protected":false},"featured_media":28763,"comment_status":"open","ping_status":"closed","template":"","meta":[],"product_brand":[63],"product_cat":[169,100],"product_tag":[],"class_list":{"0":"post-28762","1":"product","2":"type-product","3":"status-publish","4":"has-post-thumbnail","6":"product_brand-roehnfried","7":"product_cat-pigeons","8":"product_cat-pigeons-complements-alimentaires","11":"first","12":"instock","13":"shipping-taxable","14":"purchasable","15":"product-type-simple"},"jetpack_sharing_enabled":true,"_links":{"self":[{"href":"https:\/\/avesaguiar.ch\/it\/wp-json\/wp\/v2\/product\/28762","targetHints":{"allow":["GET"]}}],"collection":[{"href":"https:\/\/avesaguiar.ch\/it\/wp-json\/wp\/v2\/product"}],"about":[{"href":"https:\/\/avesaguiar.ch\/it\/wp-json\/wp\/v2\/types\/product"}],"replies":[{"embeddable":true,"href":"https:\/\/avesaguiar.ch\/it\/wp-json\/wp\/v2\/comments?post=28762"}],"wp:featuredmedia":[{"embeddable":true,"href":"https:\/\/avesaguiar.ch\/it\/wp-json\/wp\/v2\/media\/28763"}],"wp:attachment":[{"href":"https:\/\/avesaguiar.ch\/it\/wp-json\/wp\/v2\/media?parent=28762"}],"wp:term":[{"taxonomy":"product_brand","embeddable":true,"href":"https:\/\/avesaguiar.ch\/it\/wp-json\/wp\/v2\/product_brand?post=28762"},{"taxonomy":"product_cat","embeddable":true,"href":"https:\/\/avesaguiar.ch\/it\/wp-json\/wp\/v2\/product_cat?post=28762"},{"taxonomy":"product_tag","embeddable":true,"href":"https:\/\/avesaguiar.ch\/it\/wp-json\/wp\/v2\/product_tag?post=28762"}],"curies":[{"name":"wp","href":"https:\/\/api.w.org\/{rel}","templated":true}]}}