{"id":28785,"date":"2026-02-01T19:27:03","date_gmt":"2026-02-01T19:27:03","guid":{"rendered":"https:\/\/avesaguiar.ch\/?post_type=product&#038;p=28785"},"modified":"2026-03-06T19:08:10","modified_gmt":"2026-03-06T19:08:10","slug":"nano-tollyamin-500ml-tollisan","status":"publish","type":"product","link":"https:\/\/avesaguiar.ch\/it\/produit\/nano-tollyamin-500ml-tollisan\/","title":{"rendered":"Tollisan-Nano Tollyamin 500ml"},"content":{"rendered":"<p>Tollisan Nano Tollyamin 500 ml, m\u00e9lange d&#8217;acides amin\u00e9s pour pigeons voyageurs.<\/p>\n<p>Tollisan Nano Tollyamin, un m\u00e9lange d&#8217;acides amin\u00e9s con\u00e7u pour \u00eatre utilis\u00e9 pendant la saison de course.<\/p>\n<p>UTILISATION ET POSOLOGIE :<br \/>\n&#8211; Avant la course : 10 ml \u2013 1 litre d&#8217;eau. 1 jour avant enlogement + jour d&#8217;enlogement<br \/>\n&#8211; Apr\u00e8s la course : 10 ml \u2013 1 litre d&#8217;eau. Jour de retour + 1 jour de plus<br \/>\n&#8211; Aux courses l\u00e9g\u00e8res : 2 jours, aux courses lourdes : 3 jours. Il n&#8217;y a pas trop<br \/>\n&#8211; La combinaison de Nano Tollyamin 10 ml &#8211; 1 litre d&#8217;eau potable en conjonction avec Med. Tollyamin Forte 10 ml &#8211; 1 litre d&#8217;eau potable est conseill\u00e9 et important, car Nano Tollyamin ne contient pas de vitamine B ni d&#8217;\u00e9lectrolytes, mais uniquement les nouveaux acides amin\u00e9s de qualit\u00e9 sup\u00e9rieure.<\/p>\n","protected":false},"excerpt":{"rendered":"<p>Tollisan Nano Tollyamin 500 ml, m\u00e9lange d&#8217;acides amin\u00e9s pour pigeons voyageurs. Tollisan Nano Tollyamin, un m\u00e9lange d&#8217;acides amin\u00e9s con\u00e7u pour \u00eatre utilis\u00e9 pendant la saison de course. UTILISATION ET POSOLOGIE : &#8211; Avant la course : 10 ml \u2013 1 litre d&#8217;eau. 1 jour avant enlogement + jour d&#8217;enlogement &#8211; Apr\u00e8s la course : 10 [&hellip;]<\/p>\n","protected":false},"featured_media":28786,"comment_status":"open","ping_status":"closed","template":"","meta":[],"product_brand":[383],"product_cat":[169,100],"product_tag":[],"class_list":{"0":"post-28785","1":"product","2":"type-product","3":"status-publish","4":"has-post-thumbnail","6":"product_brand-tollisan","7":"product_cat-pigeons","8":"product_cat-pigeons-complements-alimentaires","11":"first","12":"instock","13":"shipping-taxable","14":"purchasable","15":"product-type-simple"},"jetpack_sharing_enabled":true,"_links":{"self":[{"href":"https:\/\/avesaguiar.ch\/it\/wp-json\/wp\/v2\/product\/28785","targetHints":{"allow":["GET"]}}],"collection":[{"href":"https:\/\/avesaguiar.ch\/it\/wp-json\/wp\/v2\/product"}],"about":[{"href":"https:\/\/avesaguiar.ch\/it\/wp-json\/wp\/v2\/types\/product"}],"replies":[{"embeddable":true,"href":"https:\/\/avesaguiar.ch\/it\/wp-json\/wp\/v2\/comments?post=28785"}],"wp:featuredmedia":[{"embeddable":true,"href":"https:\/\/avesaguiar.ch\/it\/wp-json\/wp\/v2\/media\/28786"}],"wp:attachment":[{"href":"https:\/\/avesaguiar.ch\/it\/wp-json\/wp\/v2\/media?parent=28785"}],"wp:term":[{"taxonomy":"product_brand","embeddable":true,"href":"https:\/\/avesaguiar.ch\/it\/wp-json\/wp\/v2\/product_brand?post=28785"},{"taxonomy":"product_cat","embeddable":true,"href":"https:\/\/avesaguiar.ch\/it\/wp-json\/wp\/v2\/product_cat?post=28785"},{"taxonomy":"product_tag","embeddable":true,"href":"https:\/\/avesaguiar.ch\/it\/wp-json\/wp\/v2\/product_tag?post=28785"}],"curies":[{"name":"wp","href":"https:\/\/api.w.org\/{rel}","templated":true}]}}