{"id":28791,"date":"2026-02-01T19:29:59","date_gmt":"2026-02-01T19:29:59","guid":{"rendered":"https:\/\/avesaguiar.ch\/?post_type=product&#038;p=28791"},"modified":"2026-03-06T19:07:19","modified_gmt":"2026-03-06T19:07:19","slug":"med-tollyamin-forte-tollisan-1l-tollisan","status":"publish","type":"product","link":"https:\/\/avesaguiar.ch\/it\/produit\/med-tollyamin-forte-tollisan-1l-tollisan\/","title":{"rendered":"Tollisan-Tollyamin Forte Tollisan 1L"},"content":{"rendered":"<p>Tollyamin contient des acides amin\u00e9s fortement dos\u00e9s, des \u00e9lectrolytes et de la vitamine B dans des proportions optimales. Compte tenu de la composition, vous pouvez utiliser Tollyamin pendant toute l&#8217;ann\u00e9e pendant, les concours au cours de la phase d&#8217;\u00e9levage et pendant la mue.<\/p>\n<p>Pendant l&#8217;\u00e9levage, Tollyamin vous permet de couvrir les besoins particuli\u00e8rement \u00e9lev\u00e9s en prot\u00e9ine chez les pigeonneaux. Par ailleurs, le chlorure de choline favorise de mani\u00e8re prouv\u00e9e la croissance des pigeonneaux. Ces r\u00e9sultats sont attest\u00e9s par des \u00e9tudes de l&#8217;industrie de la volaille. Le chlorure de choline a une action positive sur le m\u00e9tabolisme et pr\u00e9vient l&#8217;accumulation de graisses dans le foie.<\/p>\n<p>Pendant la mue, nous recommandons une administration quotidienne de Tollyamin associ\u00e9 \u00e0 Dosto-Oregano liquide 12%. En effet, les plumes grandissent chaque jour et non pas une fois par semaine. Les acides amin\u00e9s fortement dos\u00e9s L-m\u00e9thionine, L-lysine et la biotine garantissent un nouveau plumage doux comme la soie. La L-m\u00e9thionine contenant du soufre, l&#8217;eau de boisson pr\u00e9sente une l\u00e9g\u00e8re odeur soufr\u00e9e apr\u00e8s quelques heures. Si vous avez achet\u00e9 des produits \u00e0 base d&#8217;acides amin\u00e9s ne sentant pas le soufre, cela signifie que vous avez achet\u00e9 beaucoup d&#8217;eau. L&#8217;odeur n&#8217;est plus g\u00eanante, mais en contrepartie, l&#8217;effet est nul. J&#8217;esp\u00e8re que vous comprenez ce que je veux dire.<\/p>\n<p>Dans le cas de vaccins ou d&#8217;autres traitements m\u00e9dicamenteux, administrez toujours en m\u00eame temps Tollyamin dans l&#8217;eau de boisson. Cela \u00e9vite les effets secondaires d&#8217;origine m\u00e9dicamenteuse et les atteintes des plumes.<\/p>\n<p>La vitamine B 12 fortement dos\u00e9e favorise l&#8217;h\u00e9matopo\u00ef\u00e8se et la division cellulaire. Il s&#8217;agit d&#8217;un processus tr\u00e8s important pour un syst\u00e8me immunitaire actif.<\/p>\n<p>Pendant la p\u00e9riode du voyage, l&#8217;ajout de Tollyamin est indispensable.\u00a0<strong>La glutamine, la L-m\u00e9thionine et la L-lysine ont un r\u00f4le central comme composants prot\u00e9in\u00e9s pour une r\u00e9g\u00e9n\u00e9ration rapide apr\u00e8s le concours de vol.<br \/>\n<\/strong>La perte musculaire et de poids sont perceptibles chez les pigeons apr\u00e8s le concours de vol. Plus le concours de vol est difficile, plus le pigeon est l\u00e9ger. Les pigeons aliment\u00e9s avec Tollyamin et Immunol compensent la perte musculaire et de poids beaucoup plus rapidement. La construction musculaire les recharge en \u00e9nergie en deux jours. Les pigeons recevant cette alimentation sp\u00e9ciale ont un \u00e9norme avantage au cours d&#8217;une longue saison de voyage. Plus la saison de vol est longue et dure, plus l&#8217;avantage est important.<\/p>\n<p>La glutamine joue un r\u00f4le cl\u00e9 dans de nombreux processus de d\u00e9sintoxication du foie. Le foie est l&#8217;un des principaux organes des pigeons voyageurs. L&#8217;alimentation riche en graisse avant les vols, la combustion des graisses et des prot\u00e9ines pendant le vol, la construction musculaire apr\u00e8s le concours de vol et l&#8217;administration suppl\u00e9mentaire de m\u00e9dicaments \u2013 tout cela passe par le foie. C&#8217;est ce qui explique l&#8217;importance de l&#8217;action protectrice de Tollyamin pour le foie de vos pigeons voyageurs.<\/p>\n<p><strong>Pourquoi est-il pr\u00e9f\u00e9rable que Tollyamin contienne de la L-m\u00e9thionine et non, comme tous les autres produits, uniquement de la DL-m\u00e9thionine ?<br \/>\n<\/strong>La nature ne conna\u00eet que la forme L et non pas la forme D. C&#8217;est la raison pour laquelle l&#8217;organisme est uniquement capable d&#8217;assimiler la L-m\u00e9thionine et qu&#8217;il doit \u00e9liminer la D-m\u00e9thionine sans l&#8217;utiliser. Cela fait perdre 50 % de m\u00e9thionine. En d&#8217;autres termes, si vous achetez un produit contenant 1000 g de DL-m\u00e9thionine, il ne reste plus que 500 mg de m\u00e9thionine de ces acides pr\u00e9cieux pour le pigeon.\u00a0<strong>Par ailleurs la forme D n&#8217;est pas autoris\u00e9e pour l&#8217;homme.\u00a0<\/strong>La L-m\u00e9thionine est 20 fois plus ch\u00e8re que la DL-m\u00e9thionine et constitue naturellement la meilleure forme pour les animaux.<\/p>\n<p>Il serait int\u00e9ressant pour chaque \u00e9leveur de pigeons de s&#8217;int\u00e9resser s\u00e9rieusement aux principaux groupes de produits disponibles pour les pigeons voyageurs, les produits \u00e0 base d&#8217;acides amin\u00e9s.<\/p>\n","protected":false},"excerpt":{"rendered":"<p>Tollyamin contient des acides amin\u00e9s fortement dos\u00e9s, des \u00e9lectrolytes et de la vitamine B dans des proportions optimales. Compte tenu de la composition, vous pouvez utiliser Tollyamin pendant toute l&#8217;ann\u00e9e pendant, les concours au cours de la phase d&#8217;\u00e9levage et pendant la mue. Pendant l&#8217;\u00e9levage, Tollyamin vous permet de couvrir les besoins particuli\u00e8rement \u00e9lev\u00e9s en [&hellip;]<\/p>\n","protected":false},"featured_media":28792,"comment_status":"open","ping_status":"closed","template":"","meta":[],"product_brand":[383],"product_cat":[169,100],"product_tag":[],"class_list":{"0":"post-28791","1":"product","2":"type-product","3":"status-publish","4":"has-post-thumbnail","6":"product_brand-tollisan","7":"product_cat-pigeons","8":"product_cat-pigeons-complements-alimentaires","11":"first","12":"instock","13":"shipping-taxable","14":"purchasable","15":"product-type-simple"},"jetpack_sharing_enabled":true,"_links":{"self":[{"href":"https:\/\/avesaguiar.ch\/it\/wp-json\/wp\/v2\/product\/28791","targetHints":{"allow":["GET"]}}],"collection":[{"href":"https:\/\/avesaguiar.ch\/it\/wp-json\/wp\/v2\/product"}],"about":[{"href":"https:\/\/avesaguiar.ch\/it\/wp-json\/wp\/v2\/types\/product"}],"replies":[{"embeddable":true,"href":"https:\/\/avesaguiar.ch\/it\/wp-json\/wp\/v2\/comments?post=28791"}],"wp:featuredmedia":[{"embeddable":true,"href":"https:\/\/avesaguiar.ch\/it\/wp-json\/wp\/v2\/media\/28792"}],"wp:attachment":[{"href":"https:\/\/avesaguiar.ch\/it\/wp-json\/wp\/v2\/media?parent=28791"}],"wp:term":[{"taxonomy":"product_brand","embeddable":true,"href":"https:\/\/avesaguiar.ch\/it\/wp-json\/wp\/v2\/product_brand?post=28791"},{"taxonomy":"product_cat","embeddable":true,"href":"https:\/\/avesaguiar.ch\/it\/wp-json\/wp\/v2\/product_cat?post=28791"},{"taxonomy":"product_tag","embeddable":true,"href":"https:\/\/avesaguiar.ch\/it\/wp-json\/wp\/v2\/product_tag?post=28791"}],"curies":[{"name":"wp","href":"https:\/\/api.w.org\/{rel}","templated":true}]}}