{"id":28797,"date":"2026-02-01T19:34:19","date_gmt":"2026-02-01T19:34:19","guid":{"rendered":"https:\/\/avesaguiar.ch\/?post_type=product&#038;p=28797"},"modified":"2026-02-01T19:50:47","modified_gmt":"2026-02-01T19:50:47","slug":"immunol-500gr-tollisan","status":"publish","type":"product","link":"https:\/\/avesaguiar.ch\/it\/produit\/immunol-500gr-tollisan\/","title":{"rendered":"Tollisan-Immunol 500gr"},"content":{"rendered":"<p><strong>M\u00e9lange prot\u00e9ique animal de qualit\u00e9 \u00e0 base d&#8217;immunoglobulines<\/strong><\/p>\n<p>A la fin des ann\u00e9es 90, j&#8217;\u00e9tais l&#8217;un des premiers en Allemagne \u00e0 reconna\u00eetre les avantages d&#8217;un apport prot\u00e9ique animal de qualit\u00e9 riche en immunoglobulines chez les pigeons voyageurs. Il semblerait que j&#8217;ai \u00e9t\u00e9 le premier \u00e0 utiliser l&#8217;expression &#8220;prot\u00e9ines animales&#8221; dans le contexte des pigeons de sport.<\/p>\n<p>Ayant invent\u00e9 cette alimentation prot\u00e9in\u00e9e moderne, j&#8217;ai toujours signal\u00e9 que cette alimentation donn\u00e9e aux animaux doit s&#8217;accompagner pendant les premiers jours d&#8217;un compl\u00e9ment facilement digeste sans pois.<\/p>\n<p>Le m\u00e9lange de Tollyamin (acides amin\u00e9s \u00e0 forte dose) et d&#8217;Immunol assurent une r\u00e9cup\u00e9ration extr\u00eamement rapide des pigeons. La r\u00e9g\u00e9n\u00e9ration musculaire est termin\u00e9e en 48 heures et la perte de poids est compens\u00e9e tr\u00e8s rapidement. Au cours d&#8217;une saison de vol durant 2-3 jours toutes les semaines, en particulier apr\u00e8s les vols difficiles. On constate des performances sup\u00e9rieures chez les pigeons ayant re\u00e7u cette alimentation.<\/p>\n<p>Auparavant, le m\u00e9lange d&#8217;Immunol \u00e9tait compos\u00e9 d&#8217;immunoglobuline IgG non sp\u00e9cifique, obtenue \u00e0 partir du colostrum (produit de la premi\u00e8re traite de la vache). Une nouvelle variante moderne des immunoglobulines IgY sp\u00e9cifiques issues de la poudre d&#8217;\u0153uf m&#8217;a ensuite amen\u00e9 \u00e0 am\u00e9liorer le m\u00e9lange de mani\u00e8re d\u00e9cisive.<\/p>\n<p>Ont contribu\u00e9 \u00e0 ce processus de recherche:<\/p>\n<table border=\"0\" width=\"100%\" cellspacing=\"0\" cellpadding=\"0\">\n<tbody>\n<tr>\n<td>Reiner Mecking<\/td>\n<td>Dostofarm<\/td>\n<\/tr>\n<tr>\n<td>Silke Berding<\/td>\n<td>EW-Nutrition<\/td>\n<\/tr>\n<tr>\n<td>G\u00fcnter Prange<\/td>\n<td>AS Tauben-Z\u00fcchter aus Meppen<\/td>\n<\/tr>\n<tr>\n<td>Dr. Vincent Schroeder<\/td>\n<td>Vet. Schroeder-Tollisan<\/td>\n<\/tr>\n<tr>\n<td>Johannes Jakobs<\/td>\n<td>Vet. Schroeder-Tollisan<\/td>\n<\/tr>\n<\/tbody>\n<\/table>\n<p>&nbsp;<\/p>\n<p>Le nouveau m\u00e9lange Immunol contient des prot\u00e9ines animales de qualit\u00e9 sous forme de poudre d&#8217;\u0153uf, particuli\u00e8rement riche en immunoglobulines IgY. La poudre d&#8217;\u0153uf constitue une source de prot\u00e9ines animales pr\u00e9cieuse. Elle b\u00e9n\u00e9ficie d&#8217;une valeur biologique \u00e9lev\u00e9e de 100 % et pr\u00e9sente une combinaison d&#8217;acides amin\u00e9s id\u00e9ale. Les immunoglobulines contribuent \u00e0 une flore intestinale saine.<br \/>\nLes anticorps aviaires pr\u00e9sents dans la poudre d&#8217;\u0153ufs, ou IgY (immunoglobulins from Yolk) sont concentr\u00e9s dans le jaune d&#8217;\u0153uf. Ils poss\u00e8dent une function immunitaire passive importante.<br \/>\nLe d\u00e9veloppement de la technologie IgY a \u00e9t\u00e9 rendu possible par l&#8217;am\u00e9lioration des connaissances autour des anticorps de l&#8217;\u0153uf. Outre les anticorps non sp\u00e9cifiques pr\u00e9c\u00e9demment d\u00e9crits, il est possible de produire de la poudre d&#8217;\u0153uf sp\u00e9ciale avec des anticorps IgY sp\u00e9cifiques.<\/p>\n<p>Des anticorps sp\u00e9cifiques de l&#8217;\u0153uf sont ainsi produits en hyper immunisant les poules par une vaccination multiple, apr\u00e8s quoi les \u0153ufs sont recueillis en vue de produire la poudre d&#8217;\u0153uf riche en anticorps.<\/p>\n<p>Cette nouvelle id\u00e9e des anticorps IgY sp\u00e9cifiques pour pigeons voyageurs a \u00e9t\u00e9 mise en pratique dans Immunol avec la nouvelle poudre d&#8217;\u0153uf.<\/p>\n<p>Ces anticorps IgY sp\u00e9cifiques poss\u00e8dent une capacit\u00e9 de liaison tr\u00e8s \u00e9lev\u00e9e et agissent principalement dans les intestins. On \u00e9voque \u00e0 ce sujet de principe cl\u00e9-verrou ce qui signifie, en d&#8217;autres termes, que la cl\u00e9 doit correspondre au verrou.<br \/>\nAinsi, le nouvel Immunol n&#8217;est pas qu&#8217;un m\u00e9lange prot\u00e9ique animal de qualit\u00e9 mais joue aussi un r\u00f4le dans la r\u00e9sistance aux maladies.<\/p>\n<p><strong>L&#8217;Immunol contient par ailleurs des fructo-oligosaccharide, ou F.O.S. ceux-ci forment un film protecteur de la muqueuse intestinale. Les bonnes bact\u00e9ries intestinales se nourrissent des fructo-oligosaccharides. Les oligo-saccharides sont les seules substances satisfaisant \u00e0 tous les crit\u00e8res d&#8217;un pr\u00e9biotique efficace.<\/strong><\/p>\n<p><strong>La poudre de lait est le troisi\u00e8me composant de l&#8217;Immunol.\u00a0<\/strong><strong>La poudre de lait contient des vitamines et des min\u00e9raux et des prot\u00e9ines de tr\u00e8s haute qualit\u00e9.<\/strong><\/p>\n<p>&nbsp;<\/p>\n<p>Le lactose (sucre contenu dans le lait) nocif pour les pigeons voyageurs a \u00e9t\u00e9 retir\u00e9 de notre m\u00e9lange. Les \u00e9leveurs de pigeons utilisent fr\u00e9quemment, pour son apport en prot\u00e9ines, le produit Powerplay, destine aux culturistes. Ce produit destin\u00e9 \u00e0 l&#8217;homme a, comme de nombreux autres produits, une teneur \u00e9lev\u00e9e en lactose. Les quantit\u00e9s importantes de lactose provoquent des troubles gastriques ou intestinaux chez tous les volatiles. Chez l&#8217;homme \u00e9galement, qui, contrairement aux volailles, est capable d&#8217;assimiler le lactose, l&#8217;intol\u00e9rance au lactose est fr\u00e9quente. Pr\u00e8s de 20 % des personnes en Europe centrale ne sont plus capables, avec l&#8217;\u00e2ge, de dig\u00e9rer le lactose. De nombreux africains et asiatiques ont encore plus de probl\u00e8mes avec le lactose.<br \/>\nPar ailleurs, la prot\u00e9ine de Powerplay ne peut pas \u00eatre compar\u00e9e avec la qualit\u00e9 \u00e9lev\u00e9e de la prot\u00e9ine de Tollisan Immunol.<\/p>\n<p><strong>Comment utiliser Tollisan Immunol:<\/strong><br \/>\nLe jour du retour, ajouter le matin et le soir l&#8217;huile Dosto-Oregano \u00e0 la nourriture et s\u00e9cher avec Immunol. La dur\u00e9e d&#8217;application est fonction de la duret\u00e9 du vol (2 \u00e0 3 jours). Donner une alimentation l\u00e9g\u00e8re avec beaucoup d&#8217;orge sans l\u00e9gumineuses (haricots, pois, vesces). Immunol compense int\u00e9gralement l&#8217;absence de prot\u00e9ines dans la nourriture. Si vous donnez malgr\u00e9 tout des l\u00e9gumeuses, les pigeons seront suraliment\u00e9s. C&#8217;est l&#8217;une des erreurs les plus importantes qui est faite pendant la saison des voyages. Les acides amin\u00e9es lysines et m\u00e9thionine contenus dans l&#8217;Immunol am\u00e9liorent par ailleurs la digestion des prot\u00e9ines et le sel min\u00e9ral phosphore favorise par ailleurs le m\u00e9tabolisme \u00e9nerg\u00e9tique. Pour les pigeons qui reviennent de vol quelques jours en retard et sont amaigris, donner une seringue d&#8217;Immunol dissous dans l&#8217;eau, \u00e0 introduire directement dans le jabot (1 cuiller \u00e0 caf\u00e9 d&#8217;Immunol, 1\/2 tasse d&#8217;eau ti\u00e8de).<\/p>\n<p>Pendant l\u2019elevage, donner deux jours dans la semaine de l&#8217;Immunol, comme indiqu\u00e9 pr\u00e9c\u00e9demment. Uniquement lorsque les pigeons d&#8217;\u00e9levage nourrissent leurs jeunes et pas lorsqu&#8217;ils couvent afin d&#8217;\u00e9viter qu&#8217;ils ne s&#8217;engraissent.<\/p>\n<p>Ajouter \u00e9galement deux jours par semaine de l&#8217;Immunol \u00e0 la nourriture des jeunes qui ne voyagent pas encore. Cela aide \u00e0 renforcer les d\u00e9fenses naturelles. Verser par ailleurs dans l&#8217;abreuvoir des jeunes le nouveau Dosto-RopAdeno tous les jours jusqu&#8217;au d\u00e9but du voyage.<\/p>\n<p>Les produits comme l&#8217;Immunol ne doivent pas manquer dans l&#8217;alimentation moderne des pigeons voyageurs.<\/p>\n","protected":false},"excerpt":{"rendered":"<p>M\u00e9lange prot\u00e9ique animal de qualit\u00e9 \u00e0 base d&#8217;immunoglobulines A la fin des ann\u00e9es 90, j&#8217;\u00e9tais l&#8217;un des premiers en Allemagne \u00e0 reconna\u00eetre les avantages d&#8217;un apport prot\u00e9ique animal de qualit\u00e9 riche en immunoglobulines chez les pigeons voyageurs. Il semblerait que j&#8217;ai \u00e9t\u00e9 le premier \u00e0 utiliser l&#8217;expression &#8220;prot\u00e9ines animales&#8221; dans le contexte des pigeons de [&hellip;]<\/p>\n","protected":false},"featured_media":28798,"comment_status":"open","ping_status":"closed","template":"","meta":[],"product_brand":[383],"product_cat":[169,100],"product_tag":[],"class_list":{"0":"post-28797","1":"product","2":"type-product","3":"status-publish","4":"has-post-thumbnail","6":"product_brand-tollisan","7":"product_cat-pigeons","8":"product_cat-pigeons-complements-alimentaires","11":"first","12":"outofstock","13":"shipping-taxable","14":"purchasable","15":"product-type-simple"},"jetpack_sharing_enabled":true,"_links":{"self":[{"href":"https:\/\/avesaguiar.ch\/it\/wp-json\/wp\/v2\/product\/28797","targetHints":{"allow":["GET"]}}],"collection":[{"href":"https:\/\/avesaguiar.ch\/it\/wp-json\/wp\/v2\/product"}],"about":[{"href":"https:\/\/avesaguiar.ch\/it\/wp-json\/wp\/v2\/types\/product"}],"replies":[{"embeddable":true,"href":"https:\/\/avesaguiar.ch\/it\/wp-json\/wp\/v2\/comments?post=28797"}],"wp:featuredmedia":[{"embeddable":true,"href":"https:\/\/avesaguiar.ch\/it\/wp-json\/wp\/v2\/media\/28798"}],"wp:attachment":[{"href":"https:\/\/avesaguiar.ch\/it\/wp-json\/wp\/v2\/media?parent=28797"}],"wp:term":[{"taxonomy":"product_brand","embeddable":true,"href":"https:\/\/avesaguiar.ch\/it\/wp-json\/wp\/v2\/product_brand?post=28797"},{"taxonomy":"product_cat","embeddable":true,"href":"https:\/\/avesaguiar.ch\/it\/wp-json\/wp\/v2\/product_cat?post=28797"},{"taxonomy":"product_tag","embeddable":true,"href":"https:\/\/avesaguiar.ch\/it\/wp-json\/wp\/v2\/product_tag?post=28797"}],"curies":[{"name":"wp","href":"https:\/\/api.w.org\/{rel}","templated":true}]}}