{"id":28808,"date":"2026-02-01T19:43:49","date_gmt":"2026-02-01T19:43:49","guid":{"rendered":"https:\/\/avesaguiar.ch\/?post_type=product&#038;p=28808"},"modified":"2026-03-06T19:06:11","modified_gmt":"2026-03-06T19:06:11","slug":"probac-energy-source-denergie-des-probiotiques-500gr-dr-brockamp-probac","status":"publish","type":"product","link":"https:\/\/avesaguiar.ch\/it\/produit\/probac-energy-source-denergie-des-probiotiques-500gr-dr-brockamp-probac\/","title":{"rendered":"Tollisan-Probac Energy (source d\u2019\u00e9nergie + des probiotiques ) 500gr"},"content":{"rendered":"<p>Probac Energy (source d\u2019\u00e9nergie + des probiotiques ) 500gr<\/p>\n<p>Energie, syst\u00e8me immunitaire<\/p>\n<p>Probac Energy contient tous les nutriments essentiels tels que vitamines, acides amin\u00e9s, min\u00e9raux et oligo-\u00e9l\u00e9ments, sp\u00e9cialement adapt\u00e9s au m\u00e9tabolisme des graisses du pigeon. En outre, il contient la m\u00eame combinaison de microorganismes sp\u00e9cifiques au pigeon que Probac1000 ainsi que la combinaison unique \u00e9prouv\u00e9e de glucides r\u00e9gulateurs de l&#8217;intestin.<\/p>\n<p>Cette composition fait de Probac Energy une pr\u00e9paration polyvalente et stimulante pour la saison des courses, la p\u00e9riode de reproduction et la saison de la mue.<\/p>\n<p><strong>Les instructions:<\/strong><\/p>\n<p>1 cuill\u00e8re \u00e0 mesurer (= 7,5 g) par 1,5 kg de nourriture, deux fois par semaine<\/p>\n<p><strong>Stockage:<\/strong><\/p>\n<p>Garder au frais et au sec<\/p>\n<p><strong>La composition:<\/strong><\/p>\n<p>Levure, dextrose, lactose, phosphates monocalciques, carbonate de calcium, chlorure de sodium, ac\u00e9tate de magn\u00e9sium, chlorure de potassiumAdditifsVitamine A 750 000 UIVitamine D3 25 000 UIVitamine E 1500 mgFer du sulfate de fer monohydrat\u00e9 250 mgCuivre de sulfate de cuivre pentadydrat\u00e9 5 mgMangan\u00e8se \u00e0 partir de sulfate de mangan\u00e8se monohydrat\u00e9 100 mgZinc du sulfate de zinc monohydrat\u00e9 50 mgIode \u00e0 partir d&#8217;iodate de calcium 6 mgKabalt \u00e0 partir de 3 mg de monohydrate de cobalt et de carbonateS\u00e9l\u00e9nium du s\u00e9l\u00e9nite de sodium 1 mgMolybd\u00e8ne \u00e0 partir de molybdate de sodium 1 mg<\/p>\n","protected":false},"excerpt":{"rendered":"<p>Probac Energy (source d\u2019\u00e9nergie + des probiotiques ) 500gr Energie, syst\u00e8me immunitaire Probac Energy contient tous les nutriments essentiels tels que vitamines, acides amin\u00e9s, min\u00e9raux et oligo-\u00e9l\u00e9ments, sp\u00e9cialement adapt\u00e9s au m\u00e9tabolisme des graisses du pigeon. En outre, il contient la m\u00eame combinaison de microorganismes sp\u00e9cifiques au pigeon que Probac1000 ainsi que la combinaison unique \u00e9prouv\u00e9e [&hellip;]<\/p>\n","protected":false},"featured_media":28809,"comment_status":"open","ping_status":"closed","template":"","meta":[],"product_brand":[383],"product_cat":[169,100],"product_tag":[],"class_list":{"0":"post-28808","1":"product","2":"type-product","3":"status-publish","4":"has-post-thumbnail","6":"product_brand-tollisan","7":"product_cat-pigeons","8":"product_cat-pigeons-complements-alimentaires","11":"first","12":"instock","13":"shipping-taxable","14":"purchasable","15":"product-type-simple"},"jetpack_sharing_enabled":true,"_links":{"self":[{"href":"https:\/\/avesaguiar.ch\/it\/wp-json\/wp\/v2\/product\/28808","targetHints":{"allow":["GET"]}}],"collection":[{"href":"https:\/\/avesaguiar.ch\/it\/wp-json\/wp\/v2\/product"}],"about":[{"href":"https:\/\/avesaguiar.ch\/it\/wp-json\/wp\/v2\/types\/product"}],"replies":[{"embeddable":true,"href":"https:\/\/avesaguiar.ch\/it\/wp-json\/wp\/v2\/comments?post=28808"}],"wp:featuredmedia":[{"embeddable":true,"href":"https:\/\/avesaguiar.ch\/it\/wp-json\/wp\/v2\/media\/28809"}],"wp:attachment":[{"href":"https:\/\/avesaguiar.ch\/it\/wp-json\/wp\/v2\/media?parent=28808"}],"wp:term":[{"taxonomy":"product_brand","embeddable":true,"href":"https:\/\/avesaguiar.ch\/it\/wp-json\/wp\/v2\/product_brand?post=28808"},{"taxonomy":"product_cat","embeddable":true,"href":"https:\/\/avesaguiar.ch\/it\/wp-json\/wp\/v2\/product_cat?post=28808"},{"taxonomy":"product_tag","embeddable":true,"href":"https:\/\/avesaguiar.ch\/it\/wp-json\/wp\/v2\/product_tag?post=28808"}],"curies":[{"name":"wp","href":"https:\/\/api.w.org\/{rel}","templated":true}]}}