{"id":28814,"date":"2026-02-01T19:47:16","date_gmt":"2026-02-01T19:47:16","guid":{"rendered":"https:\/\/avesaguiar.ch\/?post_type=product&#038;p=28814"},"modified":"2026-03-06T19:31:47","modified_gmt":"2026-03-06T19:31:47","slug":"probac-1000-electrolytes-probiotiques-500gr-dr-brockamp-probac","status":"publish","type":"product","link":"https:\/\/avesaguiar.ch\/it\/produit\/probac-1000-electrolytes-probiotiques-500gr-dr-brockamp-probac\/","title":{"rendered":"Tollisan-Probac 1000 (\u00e9lectrolytes + probiotiques ) 500gr"},"content":{"rendered":"<p>Probac 1000<\/p>\n<p><strong>\u00c9lectrolyte et probiotique pour la r\u00e9g\u00e9n\u00e9ration de la flore intestinale<\/strong><br \/>\n&#8211; apr\u00e8s l&#8217;administration d&#8217;antibiotiques<br \/>\n&#8211; apr\u00e8s des vaccinations<br \/>\n&#8211; comme \u00e9lectrolyte apr\u00e8s la comp\u00e9tition<br \/>\n&#8211; apr\u00e8s des expositions<\/p>\n<p>Conseils d&#8217;utilisation:<br \/>\n5 g de Probac 1000 pour 1 l d&#8217;eau ou 1 kg de nourriture pour 25 pigeons par jour;<br \/>\n2 x semaine<\/p>\n<p>Probac 1000 contient une combinaison sp\u00e9ciale de diff\u00e9rents micro-organismes sp\u00e9cifiques sous forme micro-encapsul\u00e9e ainsi qu&#8217;une association unique d&#8217;hydrates de carbone r\u00e9gulateurs intestinaux. Les diff\u00e9rentes cultures bact\u00e9riennes soutiennent mutuellement leur capacit\u00e9 de se d\u00e9velopper activement dans l&#8217;intestin gr\u00eale du pigeon. Ce faisant elles aident lors des processus digestifs, forment des nutriments essentiels, stabilisent la flore intestinale naturelle et renforcent le syst\u00e8me immunitaire. Elles repoussent des bact\u00e9ries pathog\u00e8nes telles que les coccidies, hexamites, E. coli, candida et salmonelles et jouent ainsi un r\u00f4le de pr\u00e9vention contre les maladies intestinales. La flore intestinale naturelle peut se r\u00e9g\u00e9n\u00e9rer ainsi rapidement et en douceur.<\/p>\n<p>L&#8217;administration r\u00e9guli\u00e8re de Probac 1000 augmente la d\u00e9fense naturelle de l&#8217;organisme, am\u00e9liore l&#8217;assimilation de la nourriture, stimule l&#8217;app\u00e9tit et potentialise ainsi les performances. Les pigeons disposent de davantage d&#8217;\u00e9nergie lors du vol de comp\u00e9tition.<br \/>\nDe par sa composition sp\u00e9cifique, Probac 1000 est l&#8217;\u00e9lectrolyte id\u00e9al apr\u00e8s la comp\u00e9tition. La phase de r\u00e9g\u00e9n\u00e9ration est nettement plus courte. D\u00e8s le lendemain, les fientes retrouvent un aspect solide, marron, et la mue du duvet a d\u00e9j\u00e0 repris. Les bact\u00e9ries nocives sont rapidement et naturellement \u00e9limin\u00e9es des muqueuses et des villosit\u00e9s intestinales et n&#8217;ont aucune opportunit\u00e9 de s&#8217;y nicher.<\/p>\n","protected":false},"excerpt":{"rendered":"<p>Probac 1000 \u00c9lectrolyte et probiotique pour la r\u00e9g\u00e9n\u00e9ration de la flore intestinale &#8211; apr\u00e8s l&#8217;administration d&#8217;antibiotiques &#8211; apr\u00e8s des vaccinations &#8211; comme \u00e9lectrolyte apr\u00e8s la comp\u00e9tition &#8211; apr\u00e8s des expositions Conseils d&#8217;utilisation: 5 g de Probac 1000 pour 1 l d&#8217;eau ou 1 kg de nourriture pour 25 pigeons par jour; 2 x semaine Probac [&hellip;]<\/p>\n","protected":false},"featured_media":28817,"comment_status":"open","ping_status":"closed","template":"","meta":[],"product_brand":[383],"product_cat":[169,100],"product_tag":[],"class_list":{"0":"post-28814","1":"product","2":"type-product","3":"status-publish","4":"has-post-thumbnail","6":"product_brand-tollisan","7":"product_cat-pigeons","8":"product_cat-pigeons-complements-alimentaires","11":"first","12":"instock","13":"shipping-taxable","14":"purchasable","15":"product-type-simple"},"jetpack_sharing_enabled":true,"_links":{"self":[{"href":"https:\/\/avesaguiar.ch\/it\/wp-json\/wp\/v2\/product\/28814","targetHints":{"allow":["GET"]}}],"collection":[{"href":"https:\/\/avesaguiar.ch\/it\/wp-json\/wp\/v2\/product"}],"about":[{"href":"https:\/\/avesaguiar.ch\/it\/wp-json\/wp\/v2\/types\/product"}],"replies":[{"embeddable":true,"href":"https:\/\/avesaguiar.ch\/it\/wp-json\/wp\/v2\/comments?post=28814"}],"wp:featuredmedia":[{"embeddable":true,"href":"https:\/\/avesaguiar.ch\/it\/wp-json\/wp\/v2\/media\/28817"}],"wp:attachment":[{"href":"https:\/\/avesaguiar.ch\/it\/wp-json\/wp\/v2\/media?parent=28814"}],"wp:term":[{"taxonomy":"product_brand","embeddable":true,"href":"https:\/\/avesaguiar.ch\/it\/wp-json\/wp\/v2\/product_brand?post=28814"},{"taxonomy":"product_cat","embeddable":true,"href":"https:\/\/avesaguiar.ch\/it\/wp-json\/wp\/v2\/product_cat?post=28814"},{"taxonomy":"product_tag","embeddable":true,"href":"https:\/\/avesaguiar.ch\/it\/wp-json\/wp\/v2\/product_tag?post=28814"}],"curies":[{"name":"wp","href":"https:\/\/api.w.org\/{rel}","templated":true}]}}