{"id":28887,"date":"2026-02-08T16:02:44","date_gmt":"2026-02-08T16:02:44","guid":{"rendered":"https:\/\/avesaguiar.ch\/?post_type=product&#038;p=28887"},"modified":"2026-04-10T19:16:32","modified_gmt":"2026-04-10T19:16:32","slug":"high-energy-maintenance-psittacus-extrudes-pour-perroquet","status":"publish","type":"product","link":"https:\/\/avesaguiar.ch\/it\/produit\/high-energy-maintenance-psittacus-extrudes-pour-perroquet\/","title":{"rendered":"Psittacus-High Energy"},"content":{"rendered":"<p>High Energy\u00a0 &#8211; Psittacus. 3Kg- 12Kg<\/p>\n<p>Ce produit est indiqu\u00e9 pour les esp\u00e8ces qui consomment dans la nature une quantit\u00e9 importante de fruits et de graines de plantes ol\u00e9agineuses (genres Psittacus, Ara, Poicephalus).<\/p>\n<p>Formule pour la phase d&#8217;inactivit\u00e9 reproductive. Sa composition vous permet de couvrir confortablement vos besoins nutritionnels pendant ces p\u00e9riodes.<\/p>\n<p>Cet aliment a une formule qui couvre 100 % des besoins alimentaires du perroquet. D&#8217;autres aliments tels que des fruits et des l\u00e9gumes peuvent \u00eatre ajout\u00e9s au r\u00e9gime alimentaire pour apporter de la vari\u00e9t\u00e9 au r\u00e9gime, \u00e0 condition que la proportion de haute \u00e9nergie ne soit pas inf\u00e9rieure \u00e0 70 % du total.<br \/>\nLa consommation journali\u00e8re varie entre 5 et 12 % du poids de l&#8217;animal. Les esp\u00e8ces de taille moyenne (par exemple le perroquet gris) en consomment environ 25 \u00e0 45 grammes par jour.<br \/>\nHigh Energy (Haute Energie) est un aliment complet pour les psittaciformes.<\/p>\n<p>COMPOSITION ;<br \/>\nC\u00e9r\u00e9ales et leurs d\u00e9riv\u00e9s, graines ol\u00e9agineuses, fruits ol\u00e9agineux et leurs d\u00e9riv\u00e9s, graines de l\u00e9gumineuses et leurs d\u00e9riv\u00e9s, huiles v\u00e9g\u00e9tales (tournesol \u00e0 haute teneur en acide ol\u00e9ique, lin raffin\u00e9), fructose, levure de bi\u00e8re s\u00e9ch\u00e9e, min\u00e9raux et leurs d\u00e9riv\u00e9s, inuline (Cichorium intybus), Manioc Mojave.<\/p>\n<p>ADDITIFS ;<br \/>\nVitamines : 3a672a Vitamine A : 4000 UI\/kg ; 3a671 Vitamine D3 : 1 300 UI\/kg ; 3a700 Vitamine E : 240 mg\/kg ; 3a300 Vitamine C : 140 mg\/kg ; 3a710 Vitamine K3 : 4 mg\/kg ; 3a820 Vitamine B1 : 20 mg\/kg ; 3a825i Vitamine B2 : 16 mg\/kg ; 3a831 Vitamine B6\/chlorhydrate de pyridoxine : 20 mg\/kg ; Vitamine B12\/Cyanocobalamine : 80 \u00b5g\/kg ; 3a841 D-pantoth\u00e9nate de calcium : 16 mg\/kg ; 3a314 Niacine : 100 mg\/kg ; 3a316 Acide folique : 4 mg\/kg ; 3a880 Biotine : 700 \u00b5g\/kg ; 3a890 chlorure de choline : 1400 mg\/kg ; 3a160 (a) b\u00eata-carot\u00e8ne : 10 mg\/kg ; 3a920 B\u00e9ta\u00efne anhydre : 200 mg\/kg.<\/p>\n<p>Oligo\u00e9l\u00e9ments : 3b106 Fer (ch\u00e9late d&#8217;acide amin\u00e9 ferr\u00e9 (II) hydrat\u00e9) : 23 mg\/kg ; 3b406 Cuivre (ch\u00e9late d&#8217;acide amin\u00e9 de cuivre(II) hydrat\u00e9) : 1 mg\/kg ; 3b504 Mangan\u00e8se (ch\u00e9late de mangan\u00e8se d&#8217;acide amin\u00e9 hydrat\u00e9) : 55 mg\/kg ; 3b606 Zinc (ch\u00e9late de zinc d&#8217;acides amin\u00e9s hydrat\u00e9s) : 18 mg\/kg ; 3b202 Iode (iodate de calcium anhydre) : 0,8 mg\/kg ; 3b814 S\u00e9l\u00e9nium (analogue de la s\u00e9l\u00e9nom\u00e9thionine hydroxyl\u00e9e) : 270 \u00b5g\/kg. Acides amin\u00e9s, leurs sels et analogues : 3.2.3 L-Lysine : 72,2 mg\/kg ; 3c301 DL-m\u00e9thionine : 142,4 mg\/kg ; 3c410 L-thr\u00e9onine : 30,2 mg\/kg.<\/p>\n<p>Antioxydants : 1b306 (ii) Extraits d&#8217;huiles v\u00e9g\u00e9tales riches en tocoph\u00e9rols (riches en delta-tocoph\u00e9rol) : 132 mg\/kg ; 1b304 Palmitate d&#8217;ascorbyle : 34 mg\/kg.<\/p>\n<p>Ar\u00f4mes : 1,02 g\/kg ; Extrait de Rosmarinus officinalis : 0,02 g\/kg.<\/p>\n<p>COMPOSANTS ANALYTIQUES :<\/p>\n<p>Humidit\u00e9 8,0 %, Prot\u00e9ines brutes 17,0 %, Mati\u00e8res grasses brutes 11,0 %, Cellulose brute 4,4 %, Cendres brutes 5,2 %, Lysine 1,0 %, M\u00e9thionine 0,4 %, Calcium 0,7 %, Sodium 0,05 %.<\/p>\n<p>MODE D&#8217;EMPLOI :<\/p>\n<p>Conserver dans un endroit frais et sec. \u00c9vitez l&#8217;utilisation simultan\u00e9e avec de l&#8217;eau potable \u00e0 laquelle du chlorure de choline a \u00e9t\u00e9 ajout\u00e9<\/p>\n","protected":false},"excerpt":{"rendered":"<p><img fetchpriority=\"high\" decoding=\"async\" class=\"alignnone size-medium wp-image-28910\" src=\"https:\/\/avesaguiar.ch\/wp-content\/uploads\/2026\/02\/mobile-210x300.jpg\" alt=\"\" width=\"210\" height=\"300\" \/><\/p>\n","protected":false},"featured_media":28900,"comment_status":"open","ping_status":"closed","template":"","meta":[],"product_brand":[386],"product_cat":[103,173],"product_tag":[],"class_list":{"0":"post-28887","1":"product","2":"type-product","3":"status-publish","4":"has-post-thumbnail","6":"product_brand-psittacus","7":"product_cat-oiseaux","8":"product_cat-oiseaux-alimentation","11":"first","12":"instock","13":"shipping-taxable","14":"purchasable","15":"product-type-variable"},"jetpack_sharing_enabled":true,"_links":{"self":[{"href":"https:\/\/avesaguiar.ch\/it\/wp-json\/wp\/v2\/product\/28887","targetHints":{"allow":["GET"]}}],"collection":[{"href":"https:\/\/avesaguiar.ch\/it\/wp-json\/wp\/v2\/product"}],"about":[{"href":"https:\/\/avesaguiar.ch\/it\/wp-json\/wp\/v2\/types\/product"}],"replies":[{"embeddable":true,"href":"https:\/\/avesaguiar.ch\/it\/wp-json\/wp\/v2\/comments?post=28887"}],"wp:featuredmedia":[{"embeddable":true,"href":"https:\/\/avesaguiar.ch\/it\/wp-json\/wp\/v2\/media\/28900"}],"wp:attachment":[{"href":"https:\/\/avesaguiar.ch\/it\/wp-json\/wp\/v2\/media?parent=28887"}],"wp:term":[{"taxonomy":"product_brand","embeddable":true,"href":"https:\/\/avesaguiar.ch\/it\/wp-json\/wp\/v2\/product_brand?post=28887"},{"taxonomy":"product_cat","embeddable":true,"href":"https:\/\/avesaguiar.ch\/it\/wp-json\/wp\/v2\/product_cat?post=28887"},{"taxonomy":"product_tag","embeddable":true,"href":"https:\/\/avesaguiar.ch\/it\/wp-json\/wp\/v2\/product_tag?post=28887"}],"curies":[{"name":"wp","href":"https:\/\/api.w.org\/{rel}","templated":true}]}}