{"id":28951,"date":"2026-02-08T19:39:22","date_gmt":"2026-02-08T19:39:22","guid":{"rendered":"https:\/\/avesaguiar.ch\/?post_type=product&#038;p=28951"},"modified":"2026-03-30T17:53:32","modified_gmt":"2026-03-30T17:53:32","slug":"psittacus-omega","status":"publish","type":"product","link":"https:\/\/avesaguiar.ch\/it\/produit\/psittacus-omega\/","title":{"rendered":"Psittacus &#8211; Omega"},"content":{"rendered":"<p>Psittacus -Omega<\/p>\n<p>Solution tr\u00e8s app\u00e9tissante et super nutritive, surtout recommand\u00e9e pour les moments o\u00f9 les perroquets ont besoin de plus de nutriments (les jeunes perroquets jusqu&#8217;\u00e0 un an, ceux qui ont des carences nutritionnelles&#8230;).<\/p>\n<p>DESCRIPTION<br \/>\nCe produit peut \u00eatre propos\u00e9 exclusivement ou en compl\u00e9ment \u00e0 plusieurs esp\u00e8ces d&#8217;oiseaux psittacid\u00e9s de taille moyenne et grande.<br \/>\nIl Il peut \u00eatre propos\u00e9 \u00e0 volont\u00e9 aux genres Ara, Psittacus et Poicephalus. Nous recommandons de limiter la<br \/>\nquantit\u00e9 chez les esp\u00e8ces qui ont tendance \u00e0 prendre du poids, telles que celles des genres Amazona, Cacatua, Psittacula, Eclectus, etc.<br \/>\nCet aliment extrud\u00e9 est tr\u00e8s app\u00e9tissant et poss\u00e8de une haute valeur nutritionnelle.<br \/>\nIl est particuli\u00e8rement recommand\u00e9 pour les phases o\u00f9 les perroquets ont des besoins nutritionnels plus importants (jeunes perroquets, perroquets pr\u00e9sentant des<br \/>\ncarences nutritionnelles, etc.). De plus, il a \u00e9t\u00e9 formul\u00e9 en accordant une attention particuli\u00e8re au profil des acides gras<br \/>\net \u00e0 l&#8217;apport en om\u00e9ga 6 et om\u00e9ga 3.<\/p>\n<p>RECOMMANDATIONS ALIMENTAIRES<br \/>\nIl est formul\u00e9 pour constituer 100 % de l&#8217;alimentation des perroquets pendant les p\u00e9riodes non reproductives. Cependant, des fruits et l\u00e9gumes frais<br \/>\npeuvent \u00eatre propos\u00e9s pour varier l&#8217;alimentation. Dans ce cas, la formule Omega doit constituer au moins<br \/>\n70 \u00e0 80 % de l&#8217;apport total.<br \/>\nProposez quotidiennement des aliments frais.<br \/>\nAucun suppl\u00e9ment vitaminique ou min\u00e9ral ne doit \u00eatre donn\u00e9 aux perroquets dont l&#8217;alimentation de base est la formule Omega.<br \/>\nLes oiseaux doivent toujours avoir \u00e0 leur disposition de l&#8217;eau fra\u00eeche et propre en quantit\u00e9 suffisante.<br \/>\nUne fois l&#8217;emballage ouvert, conservez le produit dans un r\u00e9cipient herm\u00e9tique, dans un endroit sec et frais.<\/p>\n<p>APPORT QUOTIDIEN<br \/>\nLa consommation quotidienne varie entre 5 et 10 % du poids corporel de l&#8217;animal. Les conditions environnementales, en particulier la temp\u00e9rature, influencent consid\u00e9rablement la consommation. Les esp\u00e8ces de taille moyenne (comme le perroquet gris africain) consomment entre 25 et 45 g par jour.<\/p>\n<p>COMPOSITION :<br \/>\nC\u00e9r\u00e9ales et produits d\u00e9riv\u00e9s, graines ol\u00e9agineuses, fruits ol\u00e9agineux et produits d\u00e9riv\u00e9s, graines de l\u00e9gumineuses et produits d\u00e9riv\u00e9s, sucres, \u0153ufs entiers d\u00e9shydrat\u00e9s, min\u00e9raux et produits d\u00e9riv\u00e9s, levure de bi\u00e8re d\u00e9shydrat\u00e9e, inuline (Cichorium<br \/>\nintybus), farine de souci (Tagetes erecta), yucca Mojave.<br \/>\nADDITIFS :<br \/>\nADDITIFS :<br \/>\nVitamines : 3a672a Vitamine A : 4 700 UI\/kg ; 3a671 Vitamine D3 : 1 500 UI\/kg ; 3a700 Vitamine E : 400 mg\/kg ; 3a300 Vitamine C : 200<br \/>\nmg\/kg ; 3a710 Vitamine K3 : 5 mg\/kg ; 3a820 Vitamine B1 : 25 mg\/kg ; 3a825i Vitamine B2 : 20 mg\/kg ; 3a831 Vitamine B6\/Pyridoxine<br \/>\nchlorhydrate : 25 mg\/kg ; Vitamine B12\/Cyanocobalamine : 100 \u03bcg\/kg ; 3a841D-pantoth\u00e9nate de calcium : 20 mg\/kg ; 3a314Niacine :<br \/>\n125 mg\/kg ; 3a316 Acide folique : 5 mg\/kg ; 3a880 Biotine : 800 \u03bcg\/kg ; 3a890 Chlorure de choline : 1 700 mg\/kg ; 3a160(a) B\u00eata-carot\u00e8ne :<br \/>\n6 mg\/kg ; 3a920 B\u00e9ta\u00efne anhydre : 250 mg\/kg. Oligo-\u00e9l\u00e9ments : 3b106 Fer (ch\u00e9late de fer (II) d&#8217;acides amin\u00e9s hydrat\u00e9s) : 28<br \/>\nmg\/kg ; 3b406 Cuivre (ch\u00e9late de cuivre (II) d&#8217;acides amin\u00e9s hydrat\u00e9) : 1 mg\/kg ; 3b504 Mangan\u00e8se (ch\u00e9late de mangan\u00e8se d&#8217;acides amin\u00e9s<br \/>\nhydrat\u00e9) : 65 mg\/kg ; 3b606 Zinc (ch\u00e9late de zinc d&#8217;acides amin\u00e9s hydrat\u00e9) : 24 mg\/kg ; 3b202 Iode (iodate de calcium<br \/>\nanhydre) : 1 mg\/kg ; 3b814 S\u00e9l\u00e9nium (analogue hydroxy de la s\u00e9l\u00e9nom\u00e9thionine) : 300 \u03bcg\/kg. Antioxydants : 1b306 (ii) Extrait d&#8217;<br \/>\nhuiles v\u00e9g\u00e9tales riches en tocoph\u00e9rols (riches en delta-tocoph\u00e9rol) : 110 mg\/kg ; 1b304 Palmitate d&#8217;ascorbyle : 29 mg\/kg. Ar\u00f4mes : 1,02<br \/>\ng\/kg.<br \/>\nCOMPOSANTS ANALYTIQUES :<br \/>\nHumidit\u00e9 8,0 %, prot\u00e9ines brutes 23,5 %, mati\u00e8res grasses brutes 15,0 %, fibres brutes 5,1 %, cendres brutes 5,8 %.<\/p>\n","protected":false},"excerpt":{"rendered":"<p><img decoding=\"async\" class=\"alignnone size-full wp-image-29155\" src=\"https:\/\/avesaguiar.ch\/wp-content\/uploads\/2026\/02\/public-copie.png\" alt=\"\" width=\"260\" height=\"54\" \/><img decoding=\"async\" class=\"alignnone size-full wp-image-28964\" src=\"https:\/\/avesaguiar.ch\/wp-content\/uploads\/2026\/02\/omega-0.avif\" alt=\"\" \/><\/p>\n","protected":false},"featured_media":28954,"comment_status":"open","ping_status":"closed","template":"","meta":[],"product_brand":[386],"product_cat":[103,173],"product_tag":[],"class_list":{"0":"post-28951","1":"product","2":"type-product","3":"status-publish","4":"has-post-thumbnail","6":"product_brand-psittacus","7":"product_cat-oiseaux","8":"product_cat-oiseaux-alimentation","11":"first","12":"instock","13":"shipping-taxable","14":"purchasable","15":"product-type-variable"},"jetpack_sharing_enabled":true,"_links":{"self":[{"href":"https:\/\/avesaguiar.ch\/it\/wp-json\/wp\/v2\/product\/28951","targetHints":{"allow":["GET"]}}],"collection":[{"href":"https:\/\/avesaguiar.ch\/it\/wp-json\/wp\/v2\/product"}],"about":[{"href":"https:\/\/avesaguiar.ch\/it\/wp-json\/wp\/v2\/types\/product"}],"replies":[{"embeddable":true,"href":"https:\/\/avesaguiar.ch\/it\/wp-json\/wp\/v2\/comments?post=28951"}],"wp:featuredmedia":[{"embeddable":true,"href":"https:\/\/avesaguiar.ch\/it\/wp-json\/wp\/v2\/media\/28954"}],"wp:attachment":[{"href":"https:\/\/avesaguiar.ch\/it\/wp-json\/wp\/v2\/media?parent=28951"}],"wp:term":[{"taxonomy":"product_brand","embeddable":true,"href":"https:\/\/avesaguiar.ch\/it\/wp-json\/wp\/v2\/product_brand?post=28951"},{"taxonomy":"product_cat","embeddable":true,"href":"https:\/\/avesaguiar.ch\/it\/wp-json\/wp\/v2\/product_cat?post=28951"},{"taxonomy":"product_tag","embeddable":true,"href":"https:\/\/avesaguiar.ch\/it\/wp-json\/wp\/v2\/product_tag?post=28951"}],"curies":[{"name":"wp","href":"https:\/\/api.w.org\/{rel}","templated":true}]}}