{"id":29024,"date":"2026-02-08T21:09:27","date_gmt":"2026-02-08T21:09:27","guid":{"rendered":"https:\/\/avesaguiar.ch\/?post_type=product&#038;p=29024"},"modified":"2026-02-22T21:26:46","modified_gmt":"2026-02-22T21:26:46","slug":"high-energy-hand-feeding-psittacus-nourrissage-la-main","status":"publish","type":"product","link":"https:\/\/avesaguiar.ch\/it\/produit\/high-energy-hand-feeding-psittacus-nourrissage-la-main\/","title":{"rendered":"Psittacus-High Energy Hand Feeding"},"content":{"rendered":"<p>NOURRISSAGE LA MAIN\u00a0 5Kg<\/p>\n<p>Convient pour le nourrissage \u00e0 la main de perroquets qui n\u00e9cessitent une alimentation riche en graisses. Il contient la graisse v\u00e9g\u00e9tale la plus adapt\u00e9e \u00e0 ces esp\u00e8ces : l\u2019huile de palme brute. Il contient \u00e9galement de la papaye, qui favorise le transit digestif.<\/p>\n<p>C&#8217;est un aliment de croissance qui doit \u00eatre utilis\u00e9 d\u00e8s l&#8217;\u00e9mergence des piquants jusqu&#8217;\u00e0 maturit\u00e9. Par exemple, chez les perroquets gris, il est utilis\u00e9 d\u00e8s la 3\u00e8me semaine de vie.<\/p>\n<p>Il est recommand\u00e9 de pr\u00e9parer les aliments pour b\u00e9b\u00e9 avec de l&#8217;eau ti\u00e8de et une concentration en mati\u00e8res solides d&#8217;environ 25 %. Il est recommand\u00e9 d&#8217;administrer au poussin \u00e0 l&#8217;aide d&#8217;une sonde souple.<\/p>\n<p>Chez les sp\u00e9cimens plus jeunes, il est indispensable d&#8217;utiliser des aliments pour le premier \u00e2ge comme du Lait de Goitre pour les psittacid\u00e9s granivores ou des Aliments pour b\u00e9b\u00e9 pour les psittacid\u00e9s granivores (selon l&#8217;\u00e2ge du poussin).<\/p>\n<p>Au cours de la croissance il sera progressivement remplac\u00e9 par Omega ou High Energy.<\/p>\n<p>High Energy Hand Feeding (Pappa Alta Energ\u00eda) est un aliment complet pour l&#8217;\u00e9levage manuel des psittaciformes.<\/p>\n<p>COMPOSITION :<\/p>\n<p>C\u00e9r\u00e9ales et produits d\u00e9riv\u00e9s, graines ol\u00e9agineuses, fruits ol\u00e9agineux et produits d\u00e9riv\u00e9s, huiles v\u00e9g\u00e9tales (tournesol \u00e0 haute teneur en acide ol\u00e9ique, palme crue, lin raffin\u00e9), graines de l\u00e9gumineuses et produits d\u00e9riv\u00e9s, min\u00e9raux et produits d\u00e9riv\u00e9s, papaye s\u00e9ch\u00e9e, levure de bi\u00e8re s\u00e9ch\u00e9e, inuline ( Cichorium intybus), farine de souci (Tagetes erecta), manioc de Mojave.<\/p>\n<p>ADDITIFS :<\/p>\n<p>Vitamines : 3a672a Vitamine A : 4100 UI\/kg ; 3a671 Vitamine D3 : 1 100 UI\/kg ; 3a700 Vitamine E : 300 mg\/kg ; 3a300 Vitamine C : 200 mg\/kg ; 3a710 Vitamine K3 : 5 mg\/kg ; 3a820 Vitamine B1 : 25 mg\/kg ; 3a825i Vitamine B2 : 20 mg\/kg ; 3a831 Vitamine B6\/chlorhydrate de pyridoxine : 25 mg\/kg ; vitamine B12\/cyanocobalamine : 100 \u00b5g\/kg ; 3a841 D-pantoth\u00e9nate de calcium : 20 mg\/kg ; 3a314 niacine : 125 mg\/kg ; 3a316 acide folique : 5 mg\/kg ; 3a880 biotine : 800 \u00b5g\/kg ; 3a890 chlorure de choline : 1500 mg\/kg ; 3a920 b\u00e9ta\u00efne anhydre : 250 mg\/kg.<\/p>\n<p>Oligo\u00e9l\u00e9ments : 3b106 Fer (fer d&#8217;acide amin\u00e9 ch\u00e9lat\u00e9 hydrat\u00e9 (II)) : 25 mg\/kg ; 3b406 Cuivre (ch\u00e9late d&#8217;acide amin\u00e9 de cuivre (II) hydrat\u00e9) : 1 mg\/kg ; 3b504 Mangan\u00e8se (acide amin\u00e9 de mangan\u00e8se ch\u00e9lat\u00e9 hydrat\u00e9) : 57 mg\/kg ; 3b606 Zinc (ch\u00e9late de zinc d&#8217;acide amin\u00e9 hydrat\u00e9) : 20 mg\/kg ; 3b202 Iode (iodate de calcium anhydre) : 0,8 mg\/kg ; 3b814 S\u00e9l\u00e9nium (analogue hydroxyl\u00e9 de la s\u00e9l\u00e9nom\u00e9thionine) : 280 \u00b5g\/kg. Acides amin\u00e9s, leurs sels et analogues : 3.2.3 L-lysine : 21,8 mg\/kg ; 3c301 DL-m\u00e9thionine : 46,3 mg\/kg ; 3c391 L-cystine : 10 mg\/kg ; 3c440 L-tryptophane : 14,4 mg\/kg.<\/p>\n<p>Antioxydants : 1b306 (ii) extraits d&#8217;huiles v\u00e9g\u00e9tales riches en tocoph\u00e9rols (riches en delta-tocoph\u00e9rol) : 146 mg\/kg ; Palmitate d&#8217;ascorbyle 1b304 : 36 mg\/kg.<\/p>\n<p>Ar\u00f4mes : 0,01 g\/kg ; Extrait de Rosmarinus officinalis : 0,01 g\/kg.<\/p>\n<p>COMPOSANTS ANALYTIQUES :<\/p>\n<p>Humidit\u00e9 8,0 %, Prot\u00e9ines brutes 18,0 %, Mati\u00e8res grasses brutes 20,0 %, Cellulose brute 4,0 %, Cendres brutes 8,0 %, Lysine 1,0 %, M\u00e9thionine 0,9 %, Calcium 0,9 %, Sodium 0,08 %.<\/p>\n<p>MODE D&#8217;EMPLOI :<\/p>\n<p>Conserver dans un endroit frais et sec. \u00c9vitez l&#8217;utilisation simultan\u00e9e avec de l&#8217;eau potable \u00e0 laquelle du chlorure de choline a \u00e9t\u00e9 ajout\u00e9<\/p>\n","protected":false},"excerpt":{"rendered":"<p><img decoding=\"async\" class=\"alignnone size-full wp-image-29155\" src=\"https:\/\/avesaguiar.ch\/wp-content\/uploads\/2026\/02\/public-copie.png\" alt=\"\" width=\"260\" height=\"54\" \/><\/p>\n","protected":false},"featured_media":29143,"comment_status":"open","ping_status":"closed","template":"","meta":[],"product_brand":[386],"product_cat":[103,173],"product_tag":[],"class_list":{"0":"post-29024","1":"product","2":"type-product","3":"status-publish","4":"has-post-thumbnail","6":"product_brand-psittacus","7":"product_cat-oiseaux","8":"product_cat-oiseaux-alimentation","11":"first","12":"instock","13":"shipping-taxable","14":"purchasable","15":"product-type-simple"},"jetpack_sharing_enabled":true,"_links":{"self":[{"href":"https:\/\/avesaguiar.ch\/it\/wp-json\/wp\/v2\/product\/29024","targetHints":{"allow":["GET"]}}],"collection":[{"href":"https:\/\/avesaguiar.ch\/it\/wp-json\/wp\/v2\/product"}],"about":[{"href":"https:\/\/avesaguiar.ch\/it\/wp-json\/wp\/v2\/types\/product"}],"replies":[{"embeddable":true,"href":"https:\/\/avesaguiar.ch\/it\/wp-json\/wp\/v2\/comments?post=29024"}],"wp:featuredmedia":[{"embeddable":true,"href":"https:\/\/avesaguiar.ch\/it\/wp-json\/wp\/v2\/media\/29143"}],"wp:attachment":[{"href":"https:\/\/avesaguiar.ch\/it\/wp-json\/wp\/v2\/media?parent=29024"}],"wp:term":[{"taxonomy":"product_brand","embeddable":true,"href":"https:\/\/avesaguiar.ch\/it\/wp-json\/wp\/v2\/product_brand?post=29024"},{"taxonomy":"product_cat","embeddable":true,"href":"https:\/\/avesaguiar.ch\/it\/wp-json\/wp\/v2\/product_cat?post=29024"},{"taxonomy":"product_tag","embeddable":true,"href":"https:\/\/avesaguiar.ch\/it\/wp-json\/wp\/v2\/product_tag?post=29024"}],"curies":[{"name":"wp","href":"https:\/\/api.w.org\/{rel}","templated":true}]}}