{"id":29182,"date":"2026-02-22T15:18:05","date_gmt":"2026-02-22T15:18:05","guid":{"rendered":"https:\/\/avesaguiar.ch\/?post_type=product&#038;p=29182"},"modified":"2026-02-22T21:23:23","modified_gmt":"2026-02-22T21:23:23","slug":"long-red-soft-tube-5-ml","status":"publish","type":"product","link":"https:\/\/avesaguiar.ch\/it\/produit\/long-red-soft-tube-5-ml\/","title":{"rendered":"Psittacus-Long Red Soft Tube"},"content":{"rendered":"<p>SONDE ROUGE SOUPLE LONGUE &#8211;\u00a0 1 ml-5 ml-10ml-20ml-50ml<br \/>\nLong Red Soft Tube 5 ml<\/p>\n<p>Les sondes souples sont des instruments de tr\u00e8s haute qualit\u00e9.<br \/>\nElles ont une pointe arrondie et sont extr\u00eamement r\u00e9sistantes et durables.<br \/>\nLeur pointe arrondie facilite leur ingestion par les oisillons.<\/p>\n<p>Le sondage \u00e0 l&#8217;aide d&#8217;une sonde souple est la m\u00e9thode la plus s\u00fbre et la plus propre pour administrer la bouillie.<\/p>\n<p>Les diff\u00e9rents diam\u00e8tres des sondes permettent d&#8217;administrer la bouillie aux diff\u00e9rentes esp\u00e8ces de psittaciformes \u00e0 chaque \u00e9tape de leur d\u00e9veloppement.<\/p>\n<p>Ainsi, par exemple, pour les perroquets gris, la sonde de 5 ml convient pour nourrir les b\u00e9b\u00e9s jusqu&#8217;\u00e0 l&#8217;\u00e2ge de 7 jours. La sonde de 10 ml est id\u00e9ale pour les yacos jusqu&#8217;\u00e0 l&#8217;\u00e2ge de 14 jours ; celle de 20 ml convient jusqu&#8217;\u00e0 l&#8217;\u00e2ge de 4 semaines et \u00e0 partir d&#8217;un mois, il est recommand\u00e9 d&#8217;utiliser la sonde de 50 ml.<\/p>\n<p>Dans le cas des calopsittes, en revanche, la sonde \u00e0 utiliser lorsqu&#8217;elles commencent \u00e0 avoir des canons, moment o\u00f9 les oisillons sont g\u00e9n\u00e9ralement retir\u00e9s du nid, est celle de 10 ml. Plus tard, celle de 20 ml nous sera utile.<\/p>\n","protected":false},"excerpt":{"rendered":"<p>Dimensions de la sonde souple (\u00b1 10 %)<br \/>\nPsittacus :<br \/>\nSonde longue 5 ml : 3 mm de diam\u00e8tre, 48 mm de longueur<br \/>\nSonde longue 10 ml : 4,3 mm de diam\u00e8tre, 63 mm de longueur<br \/>\nSonde longue 20 ml : 4,7 mm de diam\u00e8tre, 65 mm de longueur<br \/>\nSonde longue 50 ml : 6 mm de diam\u00e8tre, 79 mm de longueur<br \/>\nSerinus :<br \/>\nSonde courte 1 ml : 3 mm de diam\u00e8tre, 19 mm de longueur<br \/>\nSonde courte 5 ml : 3,2 mm de diam\u00e8tre, 19 mm de longueur<img decoding=\"async\" class=\"alignnone size-full wp-image-29155\" src=\"https:\/\/avesaguiar.ch\/wp-content\/uploads\/2026\/02\/public-copie.png\" alt=\"\" width=\"260\" height=\"54\" \/><\/p>\n","protected":false},"featured_media":29188,"comment_status":"open","ping_status":"closed","template":"","meta":[],"product_brand":[386],"product_cat":[103,173,185],"product_tag":[],"class_list":{"0":"post-29182","1":"product","2":"type-product","3":"status-publish","4":"has-post-thumbnail","6":"product_brand-psittacus","7":"product_cat-oiseaux","8":"product_cat-oiseaux-alimentation","9":"product_cat-oiseaux-accessoires","12":"first","13":"instock","14":"shipping-taxable","15":"purchasable","16":"product-type-variable"},"jetpack_sharing_enabled":true,"_links":{"self":[{"href":"https:\/\/avesaguiar.ch\/it\/wp-json\/wp\/v2\/product\/29182","targetHints":{"allow":["GET"]}}],"collection":[{"href":"https:\/\/avesaguiar.ch\/it\/wp-json\/wp\/v2\/product"}],"about":[{"href":"https:\/\/avesaguiar.ch\/it\/wp-json\/wp\/v2\/types\/product"}],"replies":[{"embeddable":true,"href":"https:\/\/avesaguiar.ch\/it\/wp-json\/wp\/v2\/comments?post=29182"}],"wp:featuredmedia":[{"embeddable":true,"href":"https:\/\/avesaguiar.ch\/it\/wp-json\/wp\/v2\/media\/29188"}],"wp:attachment":[{"href":"https:\/\/avesaguiar.ch\/it\/wp-json\/wp\/v2\/media?parent=29182"}],"wp:term":[{"taxonomy":"product_brand","embeddable":true,"href":"https:\/\/avesaguiar.ch\/it\/wp-json\/wp\/v2\/product_brand?post=29182"},{"taxonomy":"product_cat","embeddable":true,"href":"https:\/\/avesaguiar.ch\/it\/wp-json\/wp\/v2\/product_cat?post=29182"},{"taxonomy":"product_tag","embeddable":true,"href":"https:\/\/avesaguiar.ch\/it\/wp-json\/wp\/v2\/product_tag?post=29182"}],"curies":[{"name":"wp","href":"https:\/\/api.w.org\/{rel}","templated":true}]}}