{"id":29229,"date":"2026-02-22T16:03:49","date_gmt":"2026-02-22T16:03:49","guid":{"rendered":"https:\/\/avesaguiar.ch\/?post_type=product&#038;p=29229"},"modified":"2026-02-22T21:22:15","modified_gmt":"2026-02-22T21:22:15","slug":"psittacus-grit-calcico-fino-2kg","status":"publish","type":"product","link":"https:\/\/avesaguiar.ch\/it\/produit\/psittacus-grit-calcico-fino-2kg\/","title":{"rendered":"Psittacus-Grit C\u00e0lcico Fin"},"content":{"rendered":"<p>PSITTACUS-GRIT C\u00c1LCICO FINO 2KG<br \/>\nCalcium Grit Fine est un produit compl\u00e9mentaire destin\u00e9 aux oiseaux de petite ou moyenne taille.<\/p>\n<p>Il est indiqu\u00e9 pour permettre aux oiseaux de corriger les carences en calcium propres aux m\u00e9langes de graines et l&#8217;augmentation des besoins en calcium qui survient pendant la ponte ou les p\u00e9riodes de croissance. Les oiseaux sont parfaitement capables de r\u00e9guler leur consommation d&#8217;aliments riches en calcium en fonction de leurs besoins.<\/p>\n<p>Le grit calcique doit \u00eatre mis \u00e0 la disposition des oiseaux dans un r\u00e9cipient s\u00e9par\u00e9. La disponibilit\u00e9 du grit calcique permet aux oiseaux d&#8217;ing\u00e9rer volontairement la quantit\u00e9 de calcium dont ils ont besoin \u00e0 tout moment.<\/p>\n","protected":false},"excerpt":{"rendered":"<p><img decoding=\"async\" class=\"alignnone size-full wp-image-29155\" src=\"https:\/\/avesaguiar.ch\/wp-content\/uploads\/2026\/02\/public-copie.png\" alt=\"\" width=\"260\" height=\"54\" \/><\/p>\n","protected":false},"featured_media":29235,"comment_status":"open","ping_status":"closed","template":"","meta":[],"product_brand":[386],"product_cat":[103,173],"product_tag":[],"class_list":{"0":"post-29229","1":"product","2":"type-product","3":"status-publish","4":"has-post-thumbnail","6":"product_brand-psittacus","7":"product_cat-oiseaux","8":"product_cat-oiseaux-alimentation","11":"first","12":"instock","13":"shipping-taxable","14":"purchasable","15":"product-type-simple"},"jetpack_sharing_enabled":true,"_links":{"self":[{"href":"https:\/\/avesaguiar.ch\/it\/wp-json\/wp\/v2\/product\/29229","targetHints":{"allow":["GET"]}}],"collection":[{"href":"https:\/\/avesaguiar.ch\/it\/wp-json\/wp\/v2\/product"}],"about":[{"href":"https:\/\/avesaguiar.ch\/it\/wp-json\/wp\/v2\/types\/product"}],"replies":[{"embeddable":true,"href":"https:\/\/avesaguiar.ch\/it\/wp-json\/wp\/v2\/comments?post=29229"}],"wp:featuredmedia":[{"embeddable":true,"href":"https:\/\/avesaguiar.ch\/it\/wp-json\/wp\/v2\/media\/29235"}],"wp:attachment":[{"href":"https:\/\/avesaguiar.ch\/it\/wp-json\/wp\/v2\/media?parent=29229"}],"wp:term":[{"taxonomy":"product_brand","embeddable":true,"href":"https:\/\/avesaguiar.ch\/it\/wp-json\/wp\/v2\/product_brand?post=29229"},{"taxonomy":"product_cat","embeddable":true,"href":"https:\/\/avesaguiar.ch\/it\/wp-json\/wp\/v2\/product_cat?post=29229"},{"taxonomy":"product_tag","embeddable":true,"href":"https:\/\/avesaguiar.ch\/it\/wp-json\/wp\/v2\/product_tag?post=29229"}],"curies":[{"name":"wp","href":"https:\/\/api.w.org\/{rel}","templated":true}]}}