{"id":29266,"date":"2026-02-22T20:20:55","date_gmt":"2026-02-22T20:20:55","guid":{"rendered":"https:\/\/avesaguiar.ch\/?post_type=product&#038;p=29266"},"modified":"2026-02-22T21:20:17","modified_gmt":"2026-02-22T21:20:17","slug":"psittacus-grit-calcico","status":"publish","type":"product","link":"https:\/\/avesaguiar.ch\/it\/produit\/psittacus-grit-calcico\/","title":{"rendered":"Psittacus-Grit C\u00e0lcico Gros"},"content":{"rendered":"<p lang=\"\"><span style=\"font-size: small;\">GRIT CALCIQUE GROS &#8211;\u00a0 8 Kg<br \/>\nCalcium Grit Coarse est un produit compl\u00e9mentaire destin\u00e9 aux oiseaux de taille moyenne \u00e0 grande.<\/span><\/p>\n<p>Il est indiqu\u00e9 pour permettre aux oiseaux de corriger les carences en calcium propres aux m\u00e9langes de graines et l&#8217;augmentation des besoins en calcium qui survient pendant la ponte ou les p\u00e9riodes de croissance. Les oiseaux sont parfaitement capables de r\u00e9guler leur consommation d&#8217;aliments riches en calcium en fonction de leurs besoins ; c&#8217;est pourquoi le produit se pr\u00e9sente sous une forme grossi\u00e8re qui emp\u00eache toute ingestion involontaire excessive de ce min\u00e9ral.<\/p>\n<p>Le grit calcique peut \u00eatre mis \u00e0 disposition dans un r\u00e9cipient s\u00e9par\u00e9 ou m\u00e9lang\u00e9 avec le reste des ingr\u00e9dients de l&#8217;alimentation (1 \u00e0 2 % du m\u00e9lange de graines et\/ou de la nourriture calcul\u00e9 sur le poids sec de l&#8217;alimentation propos\u00e9e). La disponibilit\u00e9 du grit calcique permet l&#8217;ingestion volontaire de la quantit\u00e9 de calcium dont les oiseaux ont besoin \u00e0 tout moment.<\/p>\n","protected":false},"excerpt":{"rendered":"<p><img decoding=\"async\" class=\"alignnone size-full wp-image-29155\" src=\"https:\/\/avesaguiar.ch\/wp-content\/uploads\/2026\/02\/public-copie.png\" alt=\"\" width=\"260\" height=\"54\" \/><\/p>\n","protected":false},"featured_media":29246,"comment_status":"open","ping_status":"closed","template":"","meta":[],"product_brand":[386],"product_cat":[103,173],"product_tag":[],"class_list":{"0":"post-29266","1":"product","2":"type-product","3":"status-publish","4":"has-post-thumbnail","6":"product_brand-psittacus","7":"product_cat-oiseaux","8":"product_cat-oiseaux-alimentation","11":"first","12":"outofstock","13":"shipping-taxable","14":"purchasable","15":"product-type-simple"},"jetpack_sharing_enabled":true,"_links":{"self":[{"href":"https:\/\/avesaguiar.ch\/it\/wp-json\/wp\/v2\/product\/29266","targetHints":{"allow":["GET"]}}],"collection":[{"href":"https:\/\/avesaguiar.ch\/it\/wp-json\/wp\/v2\/product"}],"about":[{"href":"https:\/\/avesaguiar.ch\/it\/wp-json\/wp\/v2\/types\/product"}],"replies":[{"embeddable":true,"href":"https:\/\/avesaguiar.ch\/it\/wp-json\/wp\/v2\/comments?post=29266"}],"wp:featuredmedia":[{"embeddable":true,"href":"https:\/\/avesaguiar.ch\/it\/wp-json\/wp\/v2\/media\/29246"}],"wp:attachment":[{"href":"https:\/\/avesaguiar.ch\/it\/wp-json\/wp\/v2\/media?parent=29266"}],"wp:term":[{"taxonomy":"product_brand","embeddable":true,"href":"https:\/\/avesaguiar.ch\/it\/wp-json\/wp\/v2\/product_brand?post=29266"},{"taxonomy":"product_cat","embeddable":true,"href":"https:\/\/avesaguiar.ch\/it\/wp-json\/wp\/v2\/product_cat?post=29266"},{"taxonomy":"product_tag","embeddable":true,"href":"https:\/\/avesaguiar.ch\/it\/wp-json\/wp\/v2\/product_tag?post=29266"}],"curies":[{"name":"wp","href":"https:\/\/api.w.org\/{rel}","templated":true}]}}