{"id":29295,"date":"2026-03-08T20:49:53","date_gmt":"2026-03-08T20:49:53","guid":{"rendered":"https:\/\/avesaguiar.ch\/?post_type=product&#038;p=29295"},"modified":"2026-03-08T20:49:53","modified_gmt":"2026-03-08T20:49:53","slug":"travipharma-s-a-s-10ml","status":"publish","type":"product","link":"https:\/\/avesaguiar.ch\/it\/produit\/travipharma-s-a-s-10ml\/","title":{"rendered":"Travipharma S.A.S. 10ml"},"content":{"rendered":"<p>Travipharma S.A.S. 10ml<\/p>\n<p>Une combinaison unique d&#8217;huiles essentielles et de min\u00e9raux.<br \/>\nLes gouttes ont un effet positif sur les voies respiratoires.<br \/>\nFavorise les performances de vol en soulageant la congestion nasale, fluidifie les mucosit\u00e9s, rem\u00e9die \u00e0 l&#8217;obstruction des canaux lacrymaux et apaise les muqueuses irrit\u00e9es.<br \/>\nCOMPOSITION :<br \/>\nUne combinaison d&#8217;huiles essentielles et de min\u00e9raux.<br \/>\nANIMAUX CIBLES :<br \/>\nPigeons, perroquets et volailles.<\/p>\n<p>INDICATIONS :<br \/>\nLa capacit\u00e9 \u00e0 rentrer au pigeonnier et les performances de vol sont entrav\u00e9es par un exc\u00e8s de mucus dans les cavit\u00e9s nasales et un mauvais fonctionnement des canaux lacrymaux.<br \/>\nC&#8217;est probablement la cause de ce que l&#8217;on appelle les \u00ab t\u00eates bouch\u00e9es \u00bb.<br \/>\nLes caract\u00e9ristiques des t\u00eates bouch\u00e9es sont les suivantes : plumes dress\u00e9es pr\u00e8s des oreilles, gorge de couleur bleue\/rouge et exc\u00e8s de mucus, yeux larmoyants, difficult\u00e9s respiratoires et manque d&#8217;envie de faire de l&#8217;exercice.<br \/>\n&#8211; Favorise les performances de vol en soignant les t\u00eates encombr\u00e9es ;<br \/>\n&#8211; \u00c9limine le mucus collant ;<br \/>\n&#8211; Rem\u00e9die \u00e0 l&#8217;obstruction des canaux lacrymaux ;<br \/>\n&#8211; Apaise les muqueuses irrit\u00e9es.<\/p>\n<p>POSOLOGIE ET VOIE D&#8217;ADMINISTRATION :<br \/>\nPour administration topique dans les narines. Bien agiter avant utilisation.<br \/>\nPosologie : 1 \u00e0 2 gouttes dans chaque narine, pendant 1 \u00e0 2 jours.<br \/>\nLa t\u00eate doit \u00eatre droite, les yeux doivent larmoyer. R\u00e9p\u00e9ter lorsque les yeux ne larmoyent plus.<br \/>\nEFFETS IND\u00c9SIRABLES :<br \/>\nAucun connu.<br \/>\nPR\u00c9CAUTIONS SP\u00c9CIALES D&#8217;EMPLOI<br \/>\nDes s\u00e9diments peuvent appara\u00eetre dans ce produit naturel.<br \/>\nBien agiter avant utilisation.<\/p>\n<p>&nbsp;<\/p>\n","protected":false},"excerpt":{"rendered":"<p>Travipharma S.A.S. 10ml Une combinaison unique d&#8217;huiles essentielles et de min\u00e9raux. Les gouttes ont un effet positif sur les voies respiratoires. Favorise les performances de vol en soulageant la congestion nasale, fluidifie les mucosit\u00e9s, rem\u00e9die \u00e0 l&#8217;obstruction des canaux lacrymaux et apaise les muqueuses irrit\u00e9es. COMPOSITION : Une combinaison d&#8217;huiles essentielles et de min\u00e9raux. ANIMAUX [&hellip;]<\/p>\n","protected":false},"featured_media":29296,"comment_status":"open","ping_status":"closed","template":"","meta":[],"product_brand":[383],"product_cat":[169,100],"product_tag":[],"class_list":{"0":"post-29295","1":"product","2":"type-product","3":"status-publish","4":"has-post-thumbnail","6":"product_brand-tollisan","7":"product_cat-pigeons","8":"product_cat-pigeons-complements-alimentaires","11":"first","12":"instock","13":"shipping-taxable","14":"purchasable","15":"product-type-simple"},"jetpack_sharing_enabled":true,"_links":{"self":[{"href":"https:\/\/avesaguiar.ch\/it\/wp-json\/wp\/v2\/product\/29295","targetHints":{"allow":["GET"]}}],"collection":[{"href":"https:\/\/avesaguiar.ch\/it\/wp-json\/wp\/v2\/product"}],"about":[{"href":"https:\/\/avesaguiar.ch\/it\/wp-json\/wp\/v2\/types\/product"}],"replies":[{"embeddable":true,"href":"https:\/\/avesaguiar.ch\/it\/wp-json\/wp\/v2\/comments?post=29295"}],"wp:featuredmedia":[{"embeddable":true,"href":"https:\/\/avesaguiar.ch\/it\/wp-json\/wp\/v2\/media\/29296"}],"wp:attachment":[{"href":"https:\/\/avesaguiar.ch\/it\/wp-json\/wp\/v2\/media?parent=29295"}],"wp:term":[{"taxonomy":"product_brand","embeddable":true,"href":"https:\/\/avesaguiar.ch\/it\/wp-json\/wp\/v2\/product_brand?post=29295"},{"taxonomy":"product_cat","embeddable":true,"href":"https:\/\/avesaguiar.ch\/it\/wp-json\/wp\/v2\/product_cat?post=29295"},{"taxonomy":"product_tag","embeddable":true,"href":"https:\/\/avesaguiar.ch\/it\/wp-json\/wp\/v2\/product_tag?post=29295"}],"curies":[{"name":"wp","href":"https:\/\/api.w.org\/{rel}","templated":true}]}}