{"id":29318,"date":"2026-03-08T21:15:01","date_gmt":"2026-03-08T21:15:01","guid":{"rendered":"https:\/\/avesaguiar.ch\/?post_type=product&#038;p=29318"},"modified":"2026-03-08T21:15:31","modified_gmt":"2026-03-08T21:15:31","slug":"natural-naturaline-1l","status":"publish","type":"product","link":"https:\/\/avesaguiar.ch\/it\/produit\/natural-naturaline-1l\/","title":{"rendered":"Natural Naturaline 1L"},"content":{"rendered":"<p>Natural Naturaline<\/p>\n<p>Extrait concentr\u00e9 d\u2019une s\u00e9lection de plantes et de l\u00e9gumes verts<br \/>\nLes composants de plantes et de l\u00e9gumes verts de Natural Naturaline ont \u00e9t\u00e9 soigneusement s\u00e9lectionn\u00e9s pour leurs effets b\u00e9n\u00e9fiques sur les appareils respiratoire, digestif et urinaire.<\/p>\n<p>Natural Naturaline est une d\u00e9coction obtenue \u00e0 partir d\u2019une s\u00e9lection de quatorze plantes et l\u00e9gumes verts. Natural Naturaline contient \u00e9galement des \u00e9l\u00e9ments qui am\u00e9liorent la r\u00e9sistance g\u00e9n\u00e9rale du pigeon. En plus de ses principes actifs, cette d\u00e9coction contient de nombreuses autres substances qui semblent contribuer \u00e0 l\u2019action sp\u00e9cifique des traitements en \u00e9tant capables d\u2019acc\u00e9l\u00e9rer ou de ralentir leur assimilation par l\u2019appareil digestif.<\/p>\n<p>Natural Naturaline maintient naturellement le pH au niveau ad\u00e9quat. Les composants de plantes et de l\u00e9gumes verts de Natural Naturaline ont \u00e9t\u00e9 soigneusement s\u00e9lectionn\u00e9s pour leurs effets b\u00e9n\u00e9fiques sur les appareils respiratoire, digestif et urinaire.<\/p>\n<p>C\u2019est pourquoi les pigeons qui re\u00e7oivent r\u00e9guli\u00e8rement Natural Naturaline dans leur eau potable pr\u00e9sentent une peau rose, signe d\u2019un sang pur et d\u00e9pourvu de toxines. Leur plumage devient brillant et affiche un aspect unique lisse, riche et velout\u00e9. Ce produit am\u00e9liore en outre la pigmentation et l\u2019\u00e9clat de l\u2019oeil.<\/p>\n<p>Ces signes ext\u00e9rieurs sont le reflet d\u2019une parfaite sant\u00e9, qui permet aux pigeons de mieux r\u00e9sister aux maladies et d\u2019am\u00e9liorer leurs performances.<\/p>\n","protected":false},"excerpt":{"rendered":"<p>Natural Naturaline Extrait concentr\u00e9 d\u2019une s\u00e9lection de plantes et de l\u00e9gumes verts Les composants de plantes et de l\u00e9gumes verts de Natural Naturaline ont \u00e9t\u00e9 soigneusement s\u00e9lectionn\u00e9s pour leurs effets b\u00e9n\u00e9fiques sur les appareils respiratoire, digestif et urinaire. Natural Naturaline est une d\u00e9coction obtenue \u00e0 partir d\u2019une s\u00e9lection de quatorze plantes et l\u00e9gumes verts. Natural [&hellip;]<\/p>\n","protected":false},"featured_media":29319,"comment_status":"open","ping_status":"closed","template":"","meta":[],"product_brand":[182],"product_cat":[169,100,105,196],"product_tag":[],"class_list":{"0":"post-29318","1":"product","2":"type-product","3":"status-publish","4":"has-post-thumbnail","6":"product_brand-beyers","7":"product_cat-pigeons","8":"product_cat-pigeons-complements-alimentaires","9":"product_cat-volailles","10":"product_cat-volailles-complements-alimentaires","13":"first","14":"instock","15":"shipping-taxable","16":"purchasable","17":"product-type-simple"},"jetpack_sharing_enabled":true,"_links":{"self":[{"href":"https:\/\/avesaguiar.ch\/it\/wp-json\/wp\/v2\/product\/29318","targetHints":{"allow":["GET"]}}],"collection":[{"href":"https:\/\/avesaguiar.ch\/it\/wp-json\/wp\/v2\/product"}],"about":[{"href":"https:\/\/avesaguiar.ch\/it\/wp-json\/wp\/v2\/types\/product"}],"replies":[{"embeddable":true,"href":"https:\/\/avesaguiar.ch\/it\/wp-json\/wp\/v2\/comments?post=29318"}],"wp:featuredmedia":[{"embeddable":true,"href":"https:\/\/avesaguiar.ch\/it\/wp-json\/wp\/v2\/media\/29319"}],"wp:attachment":[{"href":"https:\/\/avesaguiar.ch\/it\/wp-json\/wp\/v2\/media?parent=29318"}],"wp:term":[{"taxonomy":"product_brand","embeddable":true,"href":"https:\/\/avesaguiar.ch\/it\/wp-json\/wp\/v2\/product_brand?post=29318"},{"taxonomy":"product_cat","embeddable":true,"href":"https:\/\/avesaguiar.ch\/it\/wp-json\/wp\/v2\/product_cat?post=29318"},{"taxonomy":"product_tag","embeddable":true,"href":"https:\/\/avesaguiar.ch\/it\/wp-json\/wp\/v2\/product_tag?post=29318"}],"curies":[{"name":"wp","href":"https:\/\/api.w.org\/{rel}","templated":true}]}}