{"id":26318,"date":"2024-11-15T10:31:06","date_gmt":"2024-11-15T10:31:06","guid":{"rendered":"https:\/\/avesaguiar.ch\/politica-de-privacidade\/"},"modified":"2025-12-04T13:43:48","modified_gmt":"2025-12-04T13:43:48","slug":"politica-de-privacidade","status":"publish","type":"page","link":"https:\/\/avesaguiar.ch\/pt-pt\/politica-de-privacidade\/","title":{"rendered":"Pol\u00edtica de privacidade"},"content":{"rendered":"\n<p><strong>Prote\u00e7\u00e3o e seguran\u00e7a dos dados<\/strong><br\/>Os teus dados pessoais s\u00f3 ser\u00e3o utilizados para fins internos e para processar a tua encomenda.<\/p>\n\n<p>N\u00e3o transmitimos o teu nome, endere\u00e7o, compras ou outras informa\u00e7\u00f5es pessoais a terceiros.<\/p>\n\n<p>Os dados do teu cart\u00e3o de cr\u00e9dito s\u00e3o transmitidos de forma encriptada ao operador da interface de pagamento (Paypel, Solutions) para processar a tua encomenda. Os dados do teu cart\u00e3o de cr\u00e9dito n\u00e3o s\u00e3o guardados por n\u00f3s em momento algum (transfer\u00eancia direta atrav\u00e9s de uma interface externa &#8211; www.avesaguiar.ch).<\/p>\n\n<p><\/p>\n","protected":false},"excerpt":{"rendered":"<p>Prote\u00e7\u00e3o e seguran\u00e7a dos dadosOs teus dados pessoais s\u00f3 ser\u00e3o utilizados para fins internos e para processar a tua encomenda. N\u00e3o transmitimos o teu nome, endere\u00e7o, compras ou outras informa\u00e7\u00f5es pessoais a terceiros. Os dados do teu cart\u00e3o de cr\u00e9dito s\u00e3o transmitidos de forma encriptada ao operador da interface de pagamento (Paypel, Solutions) para processar [&hellip;]<\/p>\n","protected":false},"author":1,"featured_media":0,"parent":0,"menu_order":0,"comment_status":"closed","ping_status":"open","template":"","meta":{"footnotes":""},"class_list":["post-26318","page","type-page","status-publish","hentry"],"jetpack_sharing_enabled":true,"_links":{"self":[{"href":"https:\/\/avesaguiar.ch\/pt-pt\/wp-json\/wp\/v2\/pages\/26318","targetHints":{"allow":["GET"]}}],"collection":[{"href":"https:\/\/avesaguiar.ch\/pt-pt\/wp-json\/wp\/v2\/pages"}],"about":[{"href":"https:\/\/avesaguiar.ch\/pt-pt\/wp-json\/wp\/v2\/types\/page"}],"author":[{"embeddable":true,"href":"https:\/\/avesaguiar.ch\/pt-pt\/wp-json\/wp\/v2\/users\/1"}],"replies":[{"embeddable":true,"href":"https:\/\/avesaguiar.ch\/pt-pt\/wp-json\/wp\/v2\/comments?post=26318"}],"version-history":[{"count":1,"href":"https:\/\/avesaguiar.ch\/pt-pt\/wp-json\/wp\/v2\/pages\/26318\/revisions"}],"predecessor-version":[{"id":26319,"href":"https:\/\/avesaguiar.ch\/pt-pt\/wp-json\/wp\/v2\/pages\/26318\/revisions\/26319"}],"wp:attachment":[{"href":"https:\/\/avesaguiar.ch\/pt-pt\/wp-json\/wp\/v2\/media?parent=26318"}],"curies":[{"name":"wp","href":"https:\/\/api.w.org\/{rel}","templated":true}]}}