{"id":26392,"date":"2025-11-24T09:58:08","date_gmt":"2025-11-24T09:58:08","guid":{"rendered":"https:\/\/avesaguiar.ch\/produit\/brinquedos-para-passaros-cordao-de-sisal-ziguezague-medio\/"},"modified":"2025-11-24T09:58:08","modified_gmt":"2025-11-24T09:58:08","slug":"brinquedos-para-passaros-cordao-de-sisal-ziguezague-medio","status":"publish","type":"product","link":"https:\/\/avesaguiar.ch\/pt-pt\/produit\/brinquedos-para-passaros-cordao-de-sisal-ziguezague-medio\/","title":{"rendered":"BRINQUEDOS PARA P\u00c1SSAROS CORD\u00c3O DE SISAL ZIGUEZAGUE M\u00c9DIO"},"content":{"rendered":"<p>Poleiro de corda com fechos, para que possas coloc\u00e1-lo onde quiseres.<\/p>\n<p>Pode ser fabricado em v\u00e1rias formas para imitar as diferentes formas de poleiros que se encontram na natureza.<\/p>\n<p>Para ser utilizado em complemento dos poleiros tradicionais.<\/p>\n","protected":false},"excerpt":{"rendered":"<p>Poleiro de corda com fechos, para que possas coloc\u00e1-lo onde quiseres. Pode ser fabricado em v\u00e1rias formas para imitar as diferentes formas de poleiros que se encontram na natureza. Para ser utilizado em complemento dos poleiros tradicionais.<\/p>\n","protected":false},"featured_media":26097,"comment_status":"open","ping_status":"closed","template":"","meta":[],"product_brand":[187],"product_cat":[210],"product_tag":[],"class_list":{"0":"post-26392","1":"product","2":"type-product","3":"status-publish","4":"has-post-thumbnail","6":"product_brand-kinlys","7":"product_cat-brinquedos","8":"product_shipping_class-postpac-economia-900g","11":"first","12":"instock","13":"shipping-taxable","14":"purchasable","15":"product-type-simple"},"jetpack_sharing_enabled":true,"_links":{"self":[{"href":"https:\/\/avesaguiar.ch\/pt-pt\/wp-json\/wp\/v2\/product\/26392","targetHints":{"allow":["GET"]}}],"collection":[{"href":"https:\/\/avesaguiar.ch\/pt-pt\/wp-json\/wp\/v2\/product"}],"about":[{"href":"https:\/\/avesaguiar.ch\/pt-pt\/wp-json\/wp\/v2\/types\/product"}],"replies":[{"embeddable":true,"href":"https:\/\/avesaguiar.ch\/pt-pt\/wp-json\/wp\/v2\/comments?post=26392"}],"wp:featuredmedia":[{"embeddable":true,"href":"https:\/\/avesaguiar.ch\/pt-pt\/wp-json\/wp\/v2\/media\/26097"}],"wp:attachment":[{"href":"https:\/\/avesaguiar.ch\/pt-pt\/wp-json\/wp\/v2\/media?parent=26392"}],"wp:term":[{"taxonomy":"product_brand","embeddable":true,"href":"https:\/\/avesaguiar.ch\/pt-pt\/wp-json\/wp\/v2\/product_brand?post=26392"},{"taxonomy":"product_cat","embeddable":true,"href":"https:\/\/avesaguiar.ch\/pt-pt\/wp-json\/wp\/v2\/product_cat?post=26392"},{"taxonomy":"product_tag","embeddable":true,"href":"https:\/\/avesaguiar.ch\/pt-pt\/wp-json\/wp\/v2\/product_tag?post=26392"}],"curies":[{"name":"wp","href":"https:\/\/api.w.org\/{rel}","templated":true}]}}