{"id":26395,"date":"2025-11-24T09:43:48","date_gmt":"2025-11-24T09:43:48","guid":{"rendered":"https:\/\/avesaguiar.ch\/produit\/brinquedos-para-passaros-java-swing-pequeno\/"},"modified":"2025-11-24T09:43:48","modified_gmt":"2025-11-24T09:43:48","slug":"brinquedos-para-passaros-java-swing-pequeno","status":"publish","type":"product","link":"https:\/\/avesaguiar.ch\/pt-pt\/produit\/brinquedos-para-passaros-java-swing-pequeno\/","title":{"rendered":"BRINQUEDOS PARA P\u00c1SSAROS JAVA SWING PEQUENO"},"content":{"rendered":"<h1 class=\"root___e0mAF collapsed___tnXms\">Brinquedo de madeira natural<\/h1>\n<h3 class=\"root___e0mAF collapsed___tnXms\">Para p\u00e1ssaros Java de grande e m\u00e9dio porte Brinquedos para p\u00e1ssaros, seguros e ecol\u00f3gicos.<\/h3>\n","protected":false},"excerpt":{"rendered":"<p>Brinquedo de madeira natural Para p\u00e1ssaros Java de grande e m\u00e9dio porte Brinquedos para p\u00e1ssaros, seguros e ecol\u00f3gicos.<\/p>\n","protected":false},"featured_media":26090,"comment_status":"open","ping_status":"closed","template":"","meta":[],"product_brand":[],"product_cat":[251,210],"product_tag":[],"class_list":{"0":"post-26395","1":"product","2":"type-product","3":"status-publish","4":"has-post-thumbnail","6":"product_cat-aves","7":"product_cat-brinquedos","8":"product_shipping_class-postpac-economia-2kg","11":"first","12":"instock","13":"shipping-taxable","14":"purchasable","15":"product-type-simple"},"jetpack_sharing_enabled":true,"_links":{"self":[{"href":"https:\/\/avesaguiar.ch\/pt-pt\/wp-json\/wp\/v2\/product\/26395","targetHints":{"allow":["GET"]}}],"collection":[{"href":"https:\/\/avesaguiar.ch\/pt-pt\/wp-json\/wp\/v2\/product"}],"about":[{"href":"https:\/\/avesaguiar.ch\/pt-pt\/wp-json\/wp\/v2\/types\/product"}],"replies":[{"embeddable":true,"href":"https:\/\/avesaguiar.ch\/pt-pt\/wp-json\/wp\/v2\/comments?post=26395"}],"wp:featuredmedia":[{"embeddable":true,"href":"https:\/\/avesaguiar.ch\/pt-pt\/wp-json\/wp\/v2\/media\/26090"}],"wp:attachment":[{"href":"https:\/\/avesaguiar.ch\/pt-pt\/wp-json\/wp\/v2\/media?parent=26395"}],"wp:term":[{"taxonomy":"product_brand","embeddable":true,"href":"https:\/\/avesaguiar.ch\/pt-pt\/wp-json\/wp\/v2\/product_brand?post=26395"},{"taxonomy":"product_cat","embeddable":true,"href":"https:\/\/avesaguiar.ch\/pt-pt\/wp-json\/wp\/v2\/product_cat?post=26395"},{"taxonomy":"product_tag","embeddable":true,"href":"https:\/\/avesaguiar.ch\/pt-pt\/wp-json\/wp\/v2\/product_tag?post=26395"}],"curies":[{"name":"wp","href":"https:\/\/api.w.org\/{rel}","templated":true}]}}