{"id":26406,"date":"2025-11-23T15:04:53","date_gmt":"2025-11-23T15:04:53","guid":{"rendered":"https:\/\/avesaguiar.ch\/produit\/beyers-olympia-48-reproducao-e-borrachos-sem-milho-25-kg\/"},"modified":"2025-11-23T15:04:53","modified_gmt":"2025-11-23T15:04:53","slug":"beyers-olympia-48-reproducao-e-borrachos-sem-milho-25-kg","status":"publish","type":"product","link":"https:\/\/avesaguiar.ch\/pt-pt\/produit\/beyers-olympia-48-reproducao-e-borrachos-sem-milho-25-kg\/","title":{"rendered":"Beyers-Olympia 48 &#8211; Reprodu\u00e7\u00e3o e borrachos (sem milho) 25 kg"},"content":{"rendered":"<div class=\"grid_100\">\n<h2>Olympia 48 &#8211; Reprodutores e borrachos (sem milho) &#8211; 25 kg<\/h2>\n<ul>\n<li>Mistura de alta qualidade, sem milho, para a cria\u00e7\u00e3o de pombos e borrachos, com a adi\u00e7\u00e3o de sorgo vermelho e dari para um teor de prote\u00ednas superior ao do milho.<\/li>\n<li>Os 38,5% de leguminosas (feij\u00e3o-frade, ervilhas verdes, ervilhacas, ervilhas amarelas e ervilhas de inverno) asseguram o equil\u00edbrio certo de prote\u00ednas de que os teus pombos necessitam durante o per\u00edodo de cria\u00e7\u00e3o.<\/li>\n<li>Ideal para a cria\u00e7\u00e3o e desenvolvimento de borrachos.<\/li>\n<\/ul>\n<div class=\"\">\n<div class=\"\">\n<h2>Composi\u00e7\u00e3o<\/h2>\n<div class=\"\">\n<p>Trigo branco &#8211; sorgo vermelho &#8211; dari &#8211; feij\u00e3o-frade &#8211; ervilhaca &#8211; ervilha verde &#8211; cardi &#8211; ervilha amarela &#8211; linha\u00e7a &#8211; girassol riscado &#8211; ervilha de inverno &#8211; colza<\/p>\n<\/div>\n<\/div>\n<\/div>\n<div class=\"\">\n<div class=\"\">\n<h2>Componentes anal\u00edticos<\/h2>\n<div class=\"\">\n<p>Hidratos de carbono 53,86% &#8211; prote\u00edna bruta 16,00% &#8211; fibra bruta 5,84% &#8211; gordura bruta 5,01% &#8211; cinzas brutas 2,26% &#8211; lisina 0,76% &#8211; f\u00f3sforo 0,32% &#8211; metionina 0,18% &#8211; c\u00e1lcio 0,12%.<\/p>\n<\/div>\n<\/div>\n<\/div>\n<p>&nbsp;<\/p>\n<\/div>\n<div class=\"grid_100\">\n<div class=\"grid_50 galerij\">\n<div class=\"product_foto\">\n<div class=\"product_foto_kader\">\n<div class=\"\">\n<div id=\"slides\">\n<div class=\"slidesjs-container\"><\/div>\n<\/div>\n<\/div>\n<\/div>\n<\/div>\n<\/div>\n<\/div>\n","protected":false},"excerpt":{"rendered":"<p>Olympia 48 &#8211; Reprodutores e borrachos (sem milho) &#8211; 25 kg Mistura de alta qualidade, sem milho, para a cria\u00e7\u00e3o de pombos e borrachos, com a adi\u00e7\u00e3o de sorgo vermelho e dari para um teor de prote\u00ednas superior ao do milho. Os 38,5% de leguminosas (feij\u00e3o-frade, ervilhas verdes, ervilhacas, ervilhas amarelas e ervilhas de inverno) [&hellip;]<\/p>\n","protected":false},"featured_media":25986,"comment_status":"open","ping_status":"closed","template":"","meta":[],"product_brand":[182],"product_cat":[223],"product_tag":[],"class_list":{"0":"post-26406","1":"product","2":"type-product","3":"status-publish","4":"has-post-thumbnail","6":"product_brand-beyers","7":"product_cat-alimentacao-electrica","8":"product_shipping_class-postpac-economy-30kg","11":"first","12":"instock","13":"sale","14":"shipping-taxable","15":"purchasable","16":"product-type-simple"},"jetpack_sharing_enabled":true,"_links":{"self":[{"href":"https:\/\/avesaguiar.ch\/pt-pt\/wp-json\/wp\/v2\/product\/26406","targetHints":{"allow":["GET"]}}],"collection":[{"href":"https:\/\/avesaguiar.ch\/pt-pt\/wp-json\/wp\/v2\/product"}],"about":[{"href":"https:\/\/avesaguiar.ch\/pt-pt\/wp-json\/wp\/v2\/types\/product"}],"replies":[{"embeddable":true,"href":"https:\/\/avesaguiar.ch\/pt-pt\/wp-json\/wp\/v2\/comments?post=26406"}],"wp:featuredmedia":[{"embeddable":true,"href":"https:\/\/avesaguiar.ch\/pt-pt\/wp-json\/wp\/v2\/media\/25986"}],"wp:attachment":[{"href":"https:\/\/avesaguiar.ch\/pt-pt\/wp-json\/wp\/v2\/media?parent=26406"}],"wp:term":[{"taxonomy":"product_brand","embeddable":true,"href":"https:\/\/avesaguiar.ch\/pt-pt\/wp-json\/wp\/v2\/product_brand?post=26406"},{"taxonomy":"product_cat","embeddable":true,"href":"https:\/\/avesaguiar.ch\/pt-pt\/wp-json\/wp\/v2\/product_cat?post=26406"},{"taxonomy":"product_tag","embeddable":true,"href":"https:\/\/avesaguiar.ch\/pt-pt\/wp-json\/wp\/v2\/product_tag?post=26406"}],"curies":[{"name":"wp","href":"https:\/\/api.w.org\/{rel}","templated":true}]}}