{"id":26413,"date":"2025-11-23T15:15:08","date_gmt":"2025-11-23T15:15:08","guid":{"rendered":"https:\/\/avesaguiar.ch\/produit\/beyers-olympia-52-criacao-de-animais-e-de-borrachos-com-chardon-marie-20-kg\/"},"modified":"2025-11-23T15:15:08","modified_gmt":"2025-11-23T15:15:08","slug":"beyers-olympia-52-criacao-de-animais-e-de-borrachos-com-chardon-marie-20-kg","status":"publish","type":"product","link":"https:\/\/avesaguiar.ch\/pt-pt\/produit\/beyers-olympia-52-criacao-de-animais-e-de-borrachos-com-chardon-marie-20-kg\/","title":{"rendered":"Beyers-Olympia 52 &#8211; Cria\u00e7\u00e3o de animais e de borrachos (com Chardon-Marie) 20 kg"},"content":{"rendered":"<h3>Olympia 52 &#8211; Reprodu\u00e7\u00e3o e borrachos (com cardo mariano) &#8211; 20 kg<\/h3>\n<ul>\n<li>Uma mistura muito variada e rica de 23 ingredientes diferentes.<\/li>\n<li>Uma fonte de prote\u00ednas muito equilibrada e assimil\u00e1vel gra\u00e7as \u00e0 combina\u00e7\u00e3o de leguminosas e sementes ricas em prote\u00ednas e l\u00edpidos.<\/li>\n<li>Os v\u00e1rios pequenos gr\u00e3os e sementes garantem que os pintainhos s\u00e3o facilmente alimentados pelos pombos reprodutores e que nada \u00e9 deixado dentro ou junto dos comedouros.<\/li>\n<li>Ap\u00f3s o desmame, os jovens podem continuar a absorver rapidamente esta mistura de cria\u00e7\u00e3o \u00fanica.<\/li>\n<li>Para um estado \u00f3timo e duradouro dos pombos durante longos per\u00edodos de cria\u00e7\u00e3o.<\/li>\n<li>Enriquecido com cardo mariano, que tem uma influ\u00eancia positiva no funcionamento geral do f\u00edgado.<\/li>\n<\/ul>\n<h2>Composi\u00e7\u00e3o<\/h2>\n<p>Dari branco extra &#8211; sorgo vermelho &#8211; cardi &#8211; ervilhaca &#8211; feij\u00e3o-mungo &#8211; ervilhas verdes &#8211; milho pequeno &#8211; ervilhas amarelas &#8211; arroz paddy &#8211; c\u00e2nhamo &#8211; trigo branco &#8211; milho merano &#8211; soja torrada &#8211; feij\u00e3o-frade &#8211; lentilhas &#8211; ervilhas de bordo &#8211; colza &#8211; arroz de carga &#8211; cardo de leite &#8211; linha\u00e7a &#8211; sementes de girassol descascadas &#8211; aveia sem casca &#8211; sementes de nabo<\/p>\n<h2>Componentes anal\u00edticos<\/h2>\n<p>Carboidratos 44,0% &#8211; prote\u00edna bruta 17,8% &#8211; gordura bruta 10,2% &#8211; fibra bruta 7,0% &#8211; cinzas brutas 2,7% &#8211; lisina 0,89% &#8211; f\u00f3sforo 0,39% &#8211; metionina 0,25% &#8211; c\u00e1lcio 0,13%.<\/p>\n","protected":false},"excerpt":{"rendered":"<p>Olympia 52 &#8211; Reprodu\u00e7\u00e3o e borrachos (com cardo mariano) &#8211; 20 kg Uma mistura muito variada e rica de 23 ingredientes diferentes. Uma fonte de prote\u00ednas muito equilibrada e assimil\u00e1vel gra\u00e7as \u00e0 combina\u00e7\u00e3o de leguminosas e sementes ricas em prote\u00ednas e l\u00edpidos. Os v\u00e1rios pequenos gr\u00e3os e sementes garantem que os pintainhos s\u00e3o facilmente alimentados [&hellip;]<\/p>\n","protected":false},"featured_media":25986,"comment_status":"open","ping_status":"closed","template":"","meta":[],"product_brand":[182],"product_cat":[223],"product_tag":[],"class_list":{"0":"post-26413","1":"product","2":"type-product","3":"status-publish","4":"has-post-thumbnail","6":"product_brand-beyers","7":"product_cat-alimentacao-electrica","8":"product_shipping_class-postpac-economy-30kg","11":"first","12":"instock","13":"sale","14":"shipping-taxable","15":"purchasable","16":"product-type-simple"},"jetpack_sharing_enabled":true,"_links":{"self":[{"href":"https:\/\/avesaguiar.ch\/pt-pt\/wp-json\/wp\/v2\/product\/26413","targetHints":{"allow":["GET"]}}],"collection":[{"href":"https:\/\/avesaguiar.ch\/pt-pt\/wp-json\/wp\/v2\/product"}],"about":[{"href":"https:\/\/avesaguiar.ch\/pt-pt\/wp-json\/wp\/v2\/types\/product"}],"replies":[{"embeddable":true,"href":"https:\/\/avesaguiar.ch\/pt-pt\/wp-json\/wp\/v2\/comments?post=26413"}],"wp:featuredmedia":[{"embeddable":true,"href":"https:\/\/avesaguiar.ch\/pt-pt\/wp-json\/wp\/v2\/media\/25986"}],"wp:attachment":[{"href":"https:\/\/avesaguiar.ch\/pt-pt\/wp-json\/wp\/v2\/media?parent=26413"}],"wp:term":[{"taxonomy":"product_brand","embeddable":true,"href":"https:\/\/avesaguiar.ch\/pt-pt\/wp-json\/wp\/v2\/product_brand?post=26413"},{"taxonomy":"product_cat","embeddable":true,"href":"https:\/\/avesaguiar.ch\/pt-pt\/wp-json\/wp\/v2\/product_cat?post=26413"},{"taxonomy":"product_tag","embeddable":true,"href":"https:\/\/avesaguiar.ch\/pt-pt\/wp-json\/wp\/v2\/product_tag?post=26413"}],"curies":[{"name":"wp","href":"https:\/\/api.w.org\/{rel}","templated":true}]}}