{"id":26433,"date":"2025-11-23T20:25:06","date_gmt":"2025-11-23T20:25:06","guid":{"rendered":"https:\/\/avesaguiar.ch\/produit\/beyers-multi-mineral-mix-20-kg\/"},"modified":"2025-11-23T20:25:06","modified_gmt":"2025-11-23T20:25:06","slug":"beyers-multi-mineral-mix-20-kg","status":"publish","type":"product","link":"https:\/\/avesaguiar.ch\/pt-pt\/produit\/beyers-multi-mineral-mix-20-kg\/","title":{"rendered":"Beyers-Multi Mineral Mix 20 Kg"},"content":{"rendered":"<p><strong>SUPLEMENTO ALIMENTAR TUDO-EM-UM PARA POMBOS: MISTURA DE MINERAIS, PEQUENOS GR\u00c3OS, MISTURA DE VITAMINAS E ENRIQUECIDO COM ANIS<\/strong><\/p>\n<ul>\n<li>Cont\u00e9m nutrientes essenciais, vitaminas e minerais para manter os teus pombos em \u00f3ptimas condi\u00e7\u00f5es durante todo o ano.<\/li>\n<\/ul>\n<p><strong>INSTRU\u00c7\u00d5ES DE UTILIZA\u00c7\u00c3O<\/strong><\/p>\n<ul>\n<li>Fornece-lhes uma pequena quantidade de alimentos frescos todos os dias (no m\u00e1ximo 10% da ra\u00e7\u00e3o di\u00e1ria).<\/li>\n<li>Guarda num local fresco e seco.<\/li>\n<\/ul>\n<p><strong>COMPOSI\u00c7\u00c3O<\/strong><\/p>\n<p>Conchas de calc\u00e1rio, pedra vermelha, gastr\u00f3litos, carbonato de c\u00e1lcio, sementes de linho, fosfato dic\u00e1lcico, sorgo branco &#8220;dari&#8221;, algas coralinas, arroz integral, erva can\u00e1ria, sorgo vermelho, pain\u00e7o amarelo, pain\u00e7o branco, sementes de espinafre, katjang idjoe, sementes de cenoura, aveia descascada, sementes de trevo branco, sementes de s\u00e9samo, sementes de rabanete, milho, cloreto de s\u00f3dio, trigo, carbono, alimentos para gl\u00faten de trigo, alimentos para gl\u00faten de milho, ra\u00edzes secas, g\u00e9rmen de trigo, ervas de jardim, algas marinhas.<\/p>\n<p><strong>COMPONENTES ANAL\u00cdTICOS<\/strong><\/p>\n<ul>\n<li>C\u00e1lcio 19,70<\/li>\n<li>F\u00f3sforo 0,17<\/li>\n<li>S\u00f3dio 0,08<\/li>\n<li>Lisina 0,06<\/li>\n<li>Metionina 0,04<\/li>\n<li><img decoding=\"async\" class=\"\" src=\"https:\/\/beyersbelgium.be\/wp-content\/themes\/wpbase_v2.0\/assets\/images\/symbol-Support.svg\" alt=\"Apoia\" width=\"50\" height=\"50\"><img decoding=\"async\" class=\"\" src=\"https:\/\/beyersbelgium.be\/wp-content\/themes\/wpbase_v2.0\/assets\/images\/symbol-Yearround.svg\" alt=\"Durante todo o ano\" width=\"50\" height=\"50\"><\/li>\n<\/ul>\n","protected":false},"excerpt":{"rendered":"<p>SUPLEMENTO ALIMENTAR TUDO-EM-UM PARA POMBOS: MISTURA DE MINERAIS, PEQUENOS GR\u00c3OS, MISTURA DE VITAMINAS E ENRIQUECIDO COM ANIS Cont\u00e9m nutrientes essenciais, vitaminas e minerais para manter os teus pombos em \u00f3ptimas condi\u00e7\u00f5es durante todo o ano. INSTRU\u00c7\u00d5ES DE UTILIZA\u00c7\u00c3O Fornece-lhes uma pequena quantidade de alimentos frescos todos os dias (no m\u00e1ximo 10% da ra\u00e7\u00e3o di\u00e1ria). Guarda [&hellip;]<\/p>\n","protected":false},"featured_media":22281,"comment_status":"open","ping_status":"closed","template":"","meta":[],"product_brand":[182],"product_cat":[223,222],"product_tag":[],"class_list":{"0":"post-26433","1":"product","2":"type-product","3":"status-publish","4":"has-post-thumbnail","6":"product_brand-beyers","7":"product_cat-alimentacao-electrica","8":"product_cat-suplementos-alimentares","9":"product_shipping_class-postpac-economy-30kg","12":"first","13":"instock","14":"shipping-taxable","15":"purchasable","16":"product-type-simple"},"jetpack_sharing_enabled":true,"_links":{"self":[{"href":"https:\/\/avesaguiar.ch\/pt-pt\/wp-json\/wp\/v2\/product\/26433","targetHints":{"allow":["GET"]}}],"collection":[{"href":"https:\/\/avesaguiar.ch\/pt-pt\/wp-json\/wp\/v2\/product"}],"about":[{"href":"https:\/\/avesaguiar.ch\/pt-pt\/wp-json\/wp\/v2\/types\/product"}],"replies":[{"embeddable":true,"href":"https:\/\/avesaguiar.ch\/pt-pt\/wp-json\/wp\/v2\/comments?post=26433"}],"wp:featuredmedia":[{"embeddable":true,"href":"https:\/\/avesaguiar.ch\/pt-pt\/wp-json\/wp\/v2\/media\/22281"}],"wp:attachment":[{"href":"https:\/\/avesaguiar.ch\/pt-pt\/wp-json\/wp\/v2\/media?parent=26433"}],"wp:term":[{"taxonomy":"product_brand","embeddable":true,"href":"https:\/\/avesaguiar.ch\/pt-pt\/wp-json\/wp\/v2\/product_brand?post=26433"},{"taxonomy":"product_cat","embeddable":true,"href":"https:\/\/avesaguiar.ch\/pt-pt\/wp-json\/wp\/v2\/product_cat?post=26433"},{"taxonomy":"product_tag","embeddable":true,"href":"https:\/\/avesaguiar.ch\/pt-pt\/wp-json\/wp\/v2\/product_tag?post=26433"}],"curies":[{"name":"wp","href":"https:\/\/api.w.org\/{rel}","templated":true}]}}