{"id":26438,"date":"2025-11-23T20:46:53","date_gmt":"2025-11-23T20:46:53","guid":{"rendered":"https:\/\/avesaguiar.ch\/produit\/bloco-de-picar-beyers-6-x-650-gr\/"},"modified":"2025-11-23T20:46:53","modified_gmt":"2025-11-23T20:46:53","slug":"bloco-de-picar-beyers-6-x-650-gr","status":"publish","type":"product","link":"https:\/\/avesaguiar.ch\/pt-pt\/produit\/bloco-de-picar-beyers-6-x-650-gr\/","title":{"rendered":"Bloco de picar Beyers 6 x 650 Gr"},"content":{"rendered":"<p><strong>MISTURA MINERAL \u00c0 BASE DE GR\u00c3OS DE CONCHA, ARGILA, PEDRA VERMELHA, GASTR\u00d3LITOS, PAIN\u00c7O E LEVEDURA DE CERVEJA<\/strong><\/p>\n<ul>\n<li>Extremamente importante para a digest\u00e3o dos pombos. O gr\u00e3o forma os &#8220;dentes&#8221; do pombo. <\/li>\n<li>Fabricado exclusivamente a partir de materiais naturais, cont\u00e9m os minerais, oligoelementos e sais essenciais como suplemento \u00e0 alimenta\u00e7\u00e3o dos pombos.<\/li>\n<\/ul>\n<p><strong>INSTRU\u00c7\u00d5ES DE UTILIZA\u00c7\u00c3O<\/strong><\/p>\n<ul>\n<li>Disponibilizar gratuitamente e sem restri\u00e7\u00f5es.<\/li>\n<\/ul>\n<p><strong>COMPONENTES ANAL\u00cdTICOS<\/strong><\/p>\n<ul>\n<li>C\u00e1lcio 13,80<\/li>\n<li>F\u00f3sforo 0,36<\/li>\n<li>S\u00f3dio 3,30<\/li>\n<li>Lisina 0,00<\/li>\n<li>Metionina 0,00<\/li>\n<li><img decoding=\"async\" class=\"\" src=\"https:\/\/beyersbelgium.be\/wp-content\/themes\/wpbase_v2.0\/assets\/images\/symbol-Support.svg\" alt=\"Apoia\" width=\"66\" height=\"66\"><img decoding=\"async\" class=\"\" src=\"https:\/\/beyersbelgium.be\/wp-content\/themes\/wpbase_v2.0\/assets\/images\/symbol-Yearround.svg\" alt=\"Durante todo o ano\" width=\"68\" height=\"68\"><\/li>\n<\/ul>\n","protected":false},"excerpt":{"rendered":"<p>MISTURA MINERAL \u00c0 BASE DE GR\u00c3OS DE CONCHA, ARGILA, PEDRA VERMELHA, GASTR\u00d3LITOS, PAIN\u00c7O E LEVEDURA DE CERVEJA Extremamente importante para a digest\u00e3o dos pombos. O gr\u00e3o forma os &#8220;dentes&#8221; do pombo. Fabricado exclusivamente a partir de materiais naturais, cont\u00e9m os minerais, oligoelementos e sais essenciais como suplemento \u00e0 alimenta\u00e7\u00e3o dos pombos. INSTRU\u00c7\u00d5ES DE UTILIZA\u00c7\u00c3O Disponibilizar [&hellip;]<\/p>\n","protected":false},"featured_media":22386,"comment_status":"open","ping_status":"closed","template":"","meta":[],"product_brand":[182],"product_cat":[223,222],"product_tag":[],"class_list":{"0":"post-26438","1":"product","2":"type-product","3":"status-publish","4":"has-post-thumbnail","6":"product_brand-beyers","7":"product_cat-alimentacao-electrica","8":"product_cat-suplementos-alimentares","9":"product_shipping_class-postpac-economia-2kg","12":"first","13":"instock","14":"shipping-taxable","15":"purchasable","16":"product-type-simple"},"jetpack_sharing_enabled":true,"_links":{"self":[{"href":"https:\/\/avesaguiar.ch\/pt-pt\/wp-json\/wp\/v2\/product\/26438","targetHints":{"allow":["GET"]}}],"collection":[{"href":"https:\/\/avesaguiar.ch\/pt-pt\/wp-json\/wp\/v2\/product"}],"about":[{"href":"https:\/\/avesaguiar.ch\/pt-pt\/wp-json\/wp\/v2\/types\/product"}],"replies":[{"embeddable":true,"href":"https:\/\/avesaguiar.ch\/pt-pt\/wp-json\/wp\/v2\/comments?post=26438"}],"wp:featuredmedia":[{"embeddable":true,"href":"https:\/\/avesaguiar.ch\/pt-pt\/wp-json\/wp\/v2\/media\/22386"}],"wp:attachment":[{"href":"https:\/\/avesaguiar.ch\/pt-pt\/wp-json\/wp\/v2\/media?parent=26438"}],"wp:term":[{"taxonomy":"product_brand","embeddable":true,"href":"https:\/\/avesaguiar.ch\/pt-pt\/wp-json\/wp\/v2\/product_brand?post=26438"},{"taxonomy":"product_cat","embeddable":true,"href":"https:\/\/avesaguiar.ch\/pt-pt\/wp-json\/wp\/v2\/product_cat?post=26438"},{"taxonomy":"product_tag","embeddable":true,"href":"https:\/\/avesaguiar.ch\/pt-pt\/wp-json\/wp\/v2\/product_tag?post=26438"}],"curies":[{"name":"wp","href":"https:\/\/api.w.org\/{rel}","templated":true}]}}