{"id":26459,"date":"2025-11-21T20:57:47","date_gmt":"2025-11-21T20:57:47","guid":{"rendered":"https:\/\/avesaguiar.ch\/produit\/vermes-da-farinha-balde-de-25-l-para-aves-do-ceu\/"},"modified":"2025-11-21T20:57:47","modified_gmt":"2025-11-21T20:57:47","slug":"vermes-da-farinha-balde-de-25-l-para-aves-do-ceu","status":"publish","type":"product","link":"https:\/\/avesaguiar.ch\/pt-pt\/produit\/vermes-da-farinha-balde-de-25-l-para-aves-do-ceu\/","title":{"rendered":"VERMES DA FARINHA BALDE DE 2,5 L PARA AVES DO C\u00c9U"},"content":{"rendered":"<h3 style=\"font-weight: 400;\">DESCRI\u00c7\u00c3O<\/h3>\n<p style=\"font-weight: 400;\">O Balde de Larvas de Farinha Benelux Nature \u00e9 um alimento de alta qualidade para aves de exterior na categoria de aves naturais. Embalado num pr\u00e1tico balde de 2,5 litros, este alimento foi especialmente formulado para fornecer \u00e0s tuas aves de jardim os nutrientes essenciais. A comida de 600 g cont\u00e9m uma fonte rica em prote\u00ednas e gorduras, o que a torna ideal para aves que precisam de energia extra. Especialmente durante os meses frios de inverno.   <\/p>\n<p style=\"font-weight: 400;\">As larvas de farinha foram cuidadosamente selecionadas e secas para conservar o seu sabor natural e o seu valor nutritivo. Ao oferecer este alimento, podes apreciar o espet\u00e1culo das aves que visitam o teu jardim, contribuindo simultaneamente para a sua sa\u00fade e bem-estar. Com o balde de larvas de farinha Benelux Nature, podes ajudar a tornar o teu jardim um local popular para uma variedade de esp\u00e9cies de aves.  <\/p>\n<p style=\"font-weight: 400;\">D\u00e1 aos p\u00e1ssaros do teu jardim o alimento que eles merecem e cria um ambiente vivo e colorido com o balde para larvas de farinha Benelux Nature.<\/p>\n<p style=\"font-weight: 400;\">Encomenda hoje e d\u00e1 as boas-vindas a uma s\u00e9rie de belas aves no teu jardim! 9,90<\/p>\n","protected":false},"excerpt":{"rendered":"<p>DESCRI\u00c7\u00c3O O Balde de Larvas de Farinha Benelux Nature \u00e9 um alimento de alta qualidade para aves de exterior na categoria de aves naturais. Embalado num pr\u00e1tico balde de 2,5 litros, este alimento foi especialmente formulado para fornecer \u00e0s tuas aves de jardim os nutrientes essenciais. A comida de 600 g cont\u00e9m uma fonte rica [&hellip;]<\/p>\n","protected":false},"featured_media":25796,"comment_status":"open","ping_status":"closed","template":"","meta":[],"product_brand":[187],"product_cat":[243,248],"product_tag":[],"class_list":{"0":"post-26459","1":"product","2":"type-product","3":"status-publish","4":"has-post-thumbnail","6":"product_brand-kinlys","7":"product_cat-alimentacao-electrica-2","8":"product_cat-suplementos-alimentares-2","9":"product_shipping_class-postpac-economia-2kg","12":"first","13":"instock","14":"shipping-taxable","15":"purchasable","16":"product-type-simple"},"jetpack_sharing_enabled":true,"_links":{"self":[{"href":"https:\/\/avesaguiar.ch\/pt-pt\/wp-json\/wp\/v2\/product\/26459","targetHints":{"allow":["GET"]}}],"collection":[{"href":"https:\/\/avesaguiar.ch\/pt-pt\/wp-json\/wp\/v2\/product"}],"about":[{"href":"https:\/\/avesaguiar.ch\/pt-pt\/wp-json\/wp\/v2\/types\/product"}],"replies":[{"embeddable":true,"href":"https:\/\/avesaguiar.ch\/pt-pt\/wp-json\/wp\/v2\/comments?post=26459"}],"wp:featuredmedia":[{"embeddable":true,"href":"https:\/\/avesaguiar.ch\/pt-pt\/wp-json\/wp\/v2\/media\/25796"}],"wp:attachment":[{"href":"https:\/\/avesaguiar.ch\/pt-pt\/wp-json\/wp\/v2\/media?parent=26459"}],"wp:term":[{"taxonomy":"product_brand","embeddable":true,"href":"https:\/\/avesaguiar.ch\/pt-pt\/wp-json\/wp\/v2\/product_brand?post=26459"},{"taxonomy":"product_cat","embeddable":true,"href":"https:\/\/avesaguiar.ch\/pt-pt\/wp-json\/wp\/v2\/product_cat?post=26459"},{"taxonomy":"product_tag","embeddable":true,"href":"https:\/\/avesaguiar.ch\/pt-pt\/wp-json\/wp\/v2\/product_tag?post=26459"}],"curies":[{"name":"wp","href":"https:\/\/api.w.org\/{rel}","templated":true}]}}