{"id":26479,"date":"2025-11-23T14:09:51","date_gmt":"2025-11-23T14:09:51","guid":{"rendered":"https:\/\/avesaguiar.ch\/produit\/beyers-premium-thone-olympic-20-kg\/"},"modified":"2025-11-23T14:09:51","modified_gmt":"2025-11-23T14:09:51","slug":"beyers-premium-thone-olympic-20-kg","status":"publish","type":"product","link":"https:\/\/avesaguiar.ch\/pt-pt\/produit\/beyers-premium-thone-olympic-20-kg\/","title":{"rendered":"Beyers-Premium Thon\u00e9 Olympic 20 kg"},"content":{"rendered":"<h2>Premium Thon\u00e9 Olympic &#8211; 20 kg<\/h2>\n<ul>\n<li>Uma boa mistura para todo o ano<\/li>\n<li>Adi\u00e7\u00e3o limitada de outras misturas durante a \u00e9poca:\n<ul>\n<li><em>Cria\u00e7\u00e3o de inverno<\/em>: prote\u00ednas suplementares numa mistura de Li\u00e8ge (ervilhas excedent\u00e1rias)<\/li>\n<li><em>Desporto<\/em>: hidratos de carbono e l\u00edpidos adicionais de <strong>GALAXY SPORT ENERGY<\/strong> e <strong>GALAXY LONG DISTANCE TT<\/strong><\/li>\n<li><em>Mudan\u00e7a de penas<\/em>: <strong>APOIO \u00c0 MUDAN\u00c7A<\/strong><\/li>\n<li>\n<div class=\"\">\n<div class=\"\">\n<h2>Composi\u00e7\u00e3o<\/h2>\n<div class=\"\">\n<p>Milho pequeno com ber\u00e7o &#8211; trigo branco &#8211; soja torrada &#8211; dari branco &#8211; arroz paddy &#8211; milho merano &#8211; cardi &#8211; ervilhas amarelas &#8211; ervilhas verdes &#8211; ervilhaca &#8211; sorgo vermelho extra &#8211; lentilhas &#8211; aveia descascada &#8211; c\u00e2nhamo &#8211; feij\u00e3o-frade &#8211; cevada &#8211; girass\u00f3is \u00e0s riscas &#8211; kadjang idjoe &#8211; nabos &#8211; ervilhas de bordo &#8211; cardo de leite &#8211; linha\u00e7a &#8211; pain\u00e7o amarelo &#8211; erva can\u00e1ria<\/p>\n<\/div>\n<\/div>\n<\/div>\n<div class=\"\">\n<div class=\"\">\n<h2>Componentes anal\u00edticos<\/h2>\n<div class=\"\">\n<p>Hidratos de carbono 52,69% &#8211; prote\u00edna bruta 15,46% &#8211; gordura bruta 8,41% &#8211; fibra bruta 6,23% &#8211; cinza bruta 2,40% &#8211; lisina 0,73% &#8211; f\u00f3sforo 0,36% &#8211; metionina 0,22% &#8211; c\u00e1lcio 0,10%.<\/p>\n<\/div>\n<\/div>\n<\/div>\n<\/li>\n<\/ul>\n<\/li>\n<\/ul>\n","protected":false},"excerpt":{"rendered":"<p>Premium Thon\u00e9 Olympic &#8211; 20 kg Uma boa mistura para todo o ano Adi\u00e7\u00e3o limitada de outras misturas durante a \u00e9poca: Cria\u00e7\u00e3o de inverno: prote\u00ednas suplementares numa mistura de Li\u00e8ge (ervilhas excedent\u00e1rias) Desporto: hidratos de carbono e l\u00edpidos adicionais de GALAXY SPORT ENERGY e GALAXY LONG DISTANCE TT Mudan\u00e7a de penas: APOIO \u00c0 MUDAN\u00c7A Composi\u00e7\u00e3o [&hellip;]<\/p>\n","protected":false},"featured_media":22301,"comment_status":"open","ping_status":"closed","template":"","meta":[],"product_brand":[182],"product_cat":[223],"product_tag":[],"class_list":{"0":"post-26479","1":"product","2":"type-product","3":"status-publish","4":"has-post-thumbnail","6":"product_brand-beyers","7":"product_cat-alimentacao-electrica","8":"product_shipping_class-postpac-economy-30kg","11":"first","12":"instock","13":"sale","14":"shipping-taxable","15":"purchasable","16":"product-type-simple"},"jetpack_sharing_enabled":true,"_links":{"self":[{"href":"https:\/\/avesaguiar.ch\/pt-pt\/wp-json\/wp\/v2\/product\/26479","targetHints":{"allow":["GET"]}}],"collection":[{"href":"https:\/\/avesaguiar.ch\/pt-pt\/wp-json\/wp\/v2\/product"}],"about":[{"href":"https:\/\/avesaguiar.ch\/pt-pt\/wp-json\/wp\/v2\/types\/product"}],"replies":[{"embeddable":true,"href":"https:\/\/avesaguiar.ch\/pt-pt\/wp-json\/wp\/v2\/comments?post=26479"}],"wp:featuredmedia":[{"embeddable":true,"href":"https:\/\/avesaguiar.ch\/pt-pt\/wp-json\/wp\/v2\/media\/22301"}],"wp:attachment":[{"href":"https:\/\/avesaguiar.ch\/pt-pt\/wp-json\/wp\/v2\/media?parent=26479"}],"wp:term":[{"taxonomy":"product_brand","embeddable":true,"href":"https:\/\/avesaguiar.ch\/pt-pt\/wp-json\/wp\/v2\/product_brand?post=26479"},{"taxonomy":"product_cat","embeddable":true,"href":"https:\/\/avesaguiar.ch\/pt-pt\/wp-json\/wp\/v2\/product_cat?post=26479"},{"taxonomy":"product_tag","embeddable":true,"href":"https:\/\/avesaguiar.ch\/pt-pt\/wp-json\/wp\/v2\/product_tag?post=26479"}],"curies":[{"name":"wp","href":"https:\/\/api.w.org\/{rel}","templated":true}]}}